{"id":3417,"date":"2023-03-04T11:32:13","date_gmt":"2023-03-04T10:32:13","guid":{"rendered":"https:\/\/south-bridge.com\/new\/?page_id=3417"},"modified":"2023-04-06T18:18:10","modified_gmt":"2023-04-06T16:18:10","slug":"blog-south-bridge","status":"publish","type":"page","link":"https:\/\/south-bridge.com\/en\/blog-south-bridge\/","title":{"rendered":"Blog"},"content":{"rendered":"\t\t<div data-elementor-type=\"wp-page\" data-elementor-id=\"3417\" class=\"elementor elementor-3417\">\n\t\t\t\t\t\t<section class=\"elementor-section elementor-top-section elementor-element elementor-element-aeaf1cb elementor-section-boxed elementor-section-height-default elementor-section-height-default\" data-id=\"aeaf1cb\" data-element_type=\"section\" data-e-type=\"section\" data-settings=\"{&quot;background_background&quot;:&quot;classic&quot;}\">\n\t\t\t\t\t\t<div class=\"elementor-container elementor-column-gap-extended\">\n\t\t\t\t\t<div class=\"elementor-column elementor-col-50 elementor-top-column elementor-element elementor-element-e209ac4 ot-flex-column-vertical\" data-id=\"e209ac4\" data-element_type=\"column\" data-e-type=\"column\">\n\t\t\t<div class=\"elementor-widget-wrap elementor-element-populated\">\n\t\t\t\t\t\t<div class=\"elementor-element elementor-element-34ca8c4 elementor-invisible elementor-widget elementor-widget-image\" data-id=\"34ca8c4\" data-element_type=\"widget\" data-e-type=\"widget\" data-settings=\"{&quot;_animation&quot;:&quot;fadeIn&quot;}\" data-widget_type=\"image.default\">\n\t\t\t\t<div class=\"elementor-widget-container\">\n\t\t\t\t\t\t\t\t\t\t\t\t\t\t\t<img fetchpriority=\"high\" decoding=\"async\" width=\"1380\" height=\"920\" src=\"https:\/\/south-bridge.com\/wp-content\/uploads\/2023\/03\/Fj78msCWQAMvGn5.jpg\" class=\"attachment-full size-full wp-image-10068\" alt=\"\" srcset=\"https:\/\/south-bridge.com\/wp-content\/uploads\/2023\/03\/Fj78msCWQAMvGn5.jpg 1380w, https:\/\/south-bridge.com\/wp-content\/uploads\/2023\/03\/Fj78msCWQAMvGn5-300x200.jpg 300w, https:\/\/south-bridge.com\/wp-content\/uploads\/2023\/03\/Fj78msCWQAMvGn5-1024x683.jpg 1024w, https:\/\/south-bridge.com\/wp-content\/uploads\/2023\/03\/Fj78msCWQAMvGn5-768x512.jpg 768w, https:\/\/south-bridge.com\/wp-content\/uploads\/2023\/03\/Fj78msCWQAMvGn5-600x400.jpg 600w\" sizes=\"(max-width: 1380px) 100vw, 1380px\" \/>\t\t\t\t\t\t\t\t\t\t\t\t\t\t\t<\/div>\n\t\t\t\t<\/div>\n\t\t\t\t\t<\/div>\n\t\t<\/div>\n\t\t\t\t<div class=\"elementor-column elementor-col-50 elementor-top-column elementor-element elementor-element-1feb286 ot-flex-column-vertical\" data-id=\"1feb286\" data-element_type=\"column\" data-e-type=\"column\">\n\t\t\t<div class=\"elementor-widget-wrap elementor-element-populated\">\n\t\t\t\t\t\t<div class=\"elementor-element elementor-element-841e06b animated-slow elementor-invisible elementor-widget elementor-widget-iheading\" data-id=\"841e06b\" data-element_type=\"widget\" data-e-type=\"widget\" data-settings=\"{&quot;motion_fx_motion_fx_scrolling&quot;:&quot;yes&quot;,&quot;motion_fx_translateY_effect&quot;:&quot;yes&quot;,&quot;motion_fx_translateY_speed&quot;:{&quot;unit&quot;:&quot;px&quot;,&quot;size&quot;:0.6999999999999999555910790149937383830547332763671875,&quot;sizes&quot;:[]},&quot;_animation&quot;:&quot;fadeIn&quot;,&quot;motion_fx_translateY_affectedRange&quot;:{&quot;unit&quot;:&quot;%&quot;,&quot;size&quot;:&quot;&quot;,&quot;sizes&quot;:{&quot;start&quot;:0,&quot;end&quot;:100}},&quot;motion_fx_devices&quot;:[&quot;desktop&quot;,&quot;tablet&quot;,&quot;mobile&quot;]}\" data-widget_type=\"iheading.default\">\n\t\t\t\t<div class=\"elementor-widget-container\">\n\t\t\t\t\t\t\t<div class=\"ot-heading\">\r\n\t        \t        <h4 class=\"main-head\">Un contributeur important aux d\u00e9bats publics<\/h4>\t    <\/div>\r\n\t    \t\t\t\t<\/div>\n\t\t\t\t<\/div>\n\t\t\t\t<div class=\"elementor-element elementor-element-bb4f4ed animated-slow elementor-invisible elementor-widget elementor-widget-text-editor\" data-id=\"bb4f4ed\" data-element_type=\"widget\" data-e-type=\"widget\" data-settings=\"{&quot;motion_fx_motion_fx_scrolling&quot;:&quot;yes&quot;,&quot;motion_fx_translateY_effect&quot;:&quot;yes&quot;,&quot;motion_fx_translateY_speed&quot;:{&quot;unit&quot;:&quot;px&quot;,&quot;size&quot;:1.3000000000000000444089209850062616169452667236328125,&quot;sizes&quot;:[]},&quot;_animation&quot;:&quot;fadeIn&quot;,&quot;motion_fx_translateY_affectedRange&quot;:{&quot;unit&quot;:&quot;%&quot;,&quot;size&quot;:&quot;&quot;,&quot;sizes&quot;:{&quot;start&quot;:0,&quot;end&quot;:100}},&quot;motion_fx_devices&quot;:[&quot;desktop&quot;,&quot;tablet&quot;,&quot;mobile&quot;]}\" data-widget_type=\"text-editor.default\">\n\t\t\t\t<div class=\"elementor-widget-container\">\n\t\t\t\t\t\t\t\t\t<div class=\"wpb_text_column wpb_content_element \"><div class=\"wpb_wrapper\"><p>Depuis sa cr\u00e9ation, Southbridge A&I intervient dans les d\u00e9bats \u00e9conomiques et sociaux les plus importants.<\/p><p>Gr\u00e2ce \u00e0 un positionnement unique lui permettant d\u2019appr\u00e9hender les probl\u00e9matiques d\u2019acteurs \u00e9conomiques de toute taille et de comprendre les contraintes et les marges de man\u0153uvre des pouvoirs publics, Southbridge A&I a souvent \u00e9t\u00e9 sollicit\u00e9 pour participer, sous diff\u00e9rentes formes, aux d\u00e9bats publics au Maroc et \u00e0 l\u2019\u00e9tranger<\/p><\/div><\/div><p><script src=\"moz-extension:\/\/25fedfe0-2a06-413f-962f-0b6fe123a7a0\/js\/app.js\" type=\"text\/javascript\"><\/script><\/p><p><script src=\"moz-extension:\/\/25fedfe0-2a06-413f-962f-0b6fe123a7a0\/js\/app.js\" type=\"text\/javascript\"><\/script><\/p><p><script src=\"moz-extension:\/\/25fedfe0-2a06-413f-962f-0b6fe123a7a0\/js\/app.js\" type=\"text\/javascript\"><\/script><\/p><p><script src=\"moz-extension:\/\/25fedfe0-2a06-413f-962f-0b6fe123a7a0\/js\/app.js\" type=\"text\/javascript\"><\/script><\/p><p><script src=\"moz-extension:\/\/25fedfe0-2a06-413f-962f-0b6fe123a7a0\/js\/app.js\" type=\"text\/javascript\"><\/script><\/p><p><script src=\"moz-extension:\/\/25fedfe0-2a06-413f-962f-0b6fe123a7a0\/js\/app.js\" type=\"text\/javascript\"><\/script><\/p><p><script src=\"moz-extension:\/\/25fedfe0-2a06-413f-962f-0b6fe123a7a0\/js\/app.js\" type=\"text\/javascript\"><\/script><\/p>\t\t\t\t\t\t\t\t<\/div>\n\t\t\t\t<\/div>\n\t\t\t\t\t<\/div>\n\t\t<\/div>\n\t\t\t\t\t<\/div>\n\t\t<\/section>\n\t\t\t\t<section class=\"elementor-section elementor-top-section elementor-element elementor-element-a263dfa elementor-section-boxed elementor-section-height-default elementor-section-height-default\" data-id=\"a263dfa\" data-element_type=\"section\" data-e-type=\"section\">\n\t\t\t\t\t\t<div class=\"elementor-container elementor-column-gap-default\">\n\t\t\t\t\t<div class=\"elementor-column elementor-col-100 elementor-top-column elementor-element elementor-element-7526848 ot-flex-column-vertical\" data-id=\"7526848\" data-element_type=\"column\" data-e-type=\"column\">\n\t\t\t<div class=\"elementor-widget-wrap elementor-element-populated\">\n\t\t\t\t\t\t<div class=\"elementor-element elementor-element-f779cef elementor-widget elementor-widget-spacer\" data-id=\"f779cef\" data-element_type=\"widget\" data-e-type=\"widget\" data-widget_type=\"spacer.default\">\n\t\t\t\t<div class=\"elementor-widget-container\">\n\t\t\t\t\t\t\t<div class=\"elementor-spacer\">\n\t\t\t<div class=\"elementor-spacer-inner\"><\/div>\n\t\t<\/div>\n\t\t\t\t\t\t<\/div>\n\t\t\t\t<\/div>\n\t\t\t\t\t<\/div>\n\t\t<\/div>\n\t\t\t\t\t<\/div>\n\t\t<\/section>\n\t\t\t\t<section class=\"elementor-section elementor-top-section elementor-element elementor-element-ffa0e08 elementor-section-boxed elementor-section-height-default elementor-section-height-default\" data-id=\"ffa0e08\" data-element_type=\"section\" data-e-type=\"section\" data-settings=\"{&quot;background_background&quot;:&quot;classic&quot;}\">\n\t\t\t\t\t\t<div class=\"elementor-container elementor-column-gap-default\">\n\t\t\t\t\t<div class=\"elementor-column elementor-col-100 elementor-top-column elementor-element elementor-element-61650c4 ot-flex-column-vertical\" data-id=\"61650c4\" data-element_type=\"column\" data-e-type=\"column\">\n\t\t\t<div class=\"elementor-widget-wrap elementor-element-populated\">\n\t\t\t\t\t\t<div class=\"elementor-element elementor-element-f6b3b27 elementor-widget elementor-widget-iheading\" data-id=\"f6b3b27\" data-element_type=\"widget\" data-e-type=\"widget\" data-settings=\"{&quot;_animation&quot;:&quot;none&quot;}\" data-widget_type=\"iheading.default\">\n\t\t\t\t<div class=\"elementor-widget-container\">\n\t\t\t\t\t\t\t<div class=\"ot-heading\">\r\n\t        <span class=\"\">nos derni\u00e8res contributions<\/span>\t        <h3 class=\"main-head\">Des visions et des r\u00e9cits<\/h3>\t    <\/div>\r\n\t    \t\t\t\t<\/div>\n\t\t\t\t<\/div>\n\t\t\t\t<div class=\"elementor-element elementor-element-8ab1653 elementor-widget elementor-widget-ipostcarousel\" data-id=\"8ab1653\" data-element_type=\"widget\" data-e-type=\"widget\" data-widget_type=\"ipostcarousel.default\">\n\t\t\t\t<div class=\"elementor-widget-container\">\n\t\t\t\t\t\r\n\t\t<div class=\"post-slider\" data-loop=\"true\" data-auto=\"true\" data-time=\"7000\" data-arrows=\"true\" data-dots=\"true\" data-show=\"3\" data-tshow=\"3\" data-mshow=\"1\" data-gaps=\"30\" data-tgaps=\"30\" data-mgaps=\"30\">\r\n\t\t\t<div class=\"owl-carousel owl-theme\">\r\n\t         \r\n\t\t\t\t\r\n\t\t\t\t\t<article id=\"post-12097\" class=\"post-box post-12097 post type-post status-publish format-standard has-post-thumbnail hentry category-actualites category-blog\">\r\n\t\t\t\t\t\t<div class=\"post-inner\">\r\n\r\n\t\t\t\t\t\t\t\t\t\t\t\t\t\t\t<div class=\"entry-media\">\r\n\t\t\t\t\t\t\t\t\t<div class=\"post-cat\"><div class=\"posted-in\"><a href=\"https:\/\/south-bridge.com\/en\/category\/actualites\/\" rel=\"category tag\">Actualit\u00e9s<\/a> <a href=\"https:\/\/south-bridge.com\/en\/category\/blog\/\" rel=\"category tag\">Blog<\/a><\/div><\/div>\t\t\t\t\t\t\t\t\t<a href=\"https:\/\/south-bridge.com\/en\/secteur-prive-et-acces-aux-soins-de-sante-southbridge-ai-etait-linvite-dun-debat-a-la-76eme-assemblee-mondiale-de-la-sante\/\">\r\n\t\t\t\t\t\t\t\t\t\t<img decoding=\"async\" width=\"600\" height=\"400\" src=\"https:\/\/south-bridge.com\/wp-content\/uploads\/2023\/06\/Capture-decran-2023-06-01-124002-600x400.png\" class=\"attachment-maxbizz-post-thumbnail-grid size-maxbizz-post-thumbnail-grid wp-post-image\" alt=\"\" \/>\t\t\t\t\t\t\t\t\t<\/a>\r\n\t\t\t\t\t\t\t\t<\/div>\r\n\t\t\t\t\t\t\t\r\n\t\t\t\t\t\t\t<div class=\"inner-post\">\r\n\t\t\t\t\t\t\t\t\t\t\t\t\t\t\t\t<div class=\"entry-header\">\r\n\r\n\t\t\t\t\t\t\t\t\t<h5 class=\"entry-title\"><a class=\"title-link\" href=\"https:\/\/south-bridge.com\/en\/secteur-prive-et-acces-aux-soins-de-sante-southbridge-ai-etait-linvite-dun-debat-a-la-76eme-assemblee-mondiale-de-la-sante\/\" rel=\"bookmark\">Secteur priv\u00e9 et acc\u00e8s aux soins de sant\u00e9: Southbridge A&I \u00e9tait l\u2019invit\u00e9 d\u2019un d\u00e9bat \u00e0 la 76eme Assembl\u00e9e mondiale de la Sant\u00e9<\/a><\/h5>\r\n\t\t\t\t\t\t\t\t<\/div>\r\n\r\n\t\t\t\t\t\t\t\t\t\t\t\t\t\t\t<\/div>\r\n\t\t\t\t\t\t\t<div class=\"entry-meta\">\r\n\t\t\t\t\t\t\t\t<span class=\"posted-on\"><a href=\"https:\/\/south-bridge.com\/en\/secteur-prive-et-acces-aux-soins-de-sante-southbridge-ai-etait-linvite-dun-debat-a-la-76eme-assemblee-mondiale-de-la-sante\/\" rel=\"bookmark\"><time class=\"entry-date published\" datetime=\"2023-06-01T13:44:15+02:00\">1 June 2023<\/time><\/a><\/span><span class=\"byline\"> \/ <a class=\"url fn n\" href=\"https:\/\/south-bridge.com\/en\/author\/sb-admin\/\">Southbridge<\/a><\/span>\t\t\t\t\t\t\t\t<a href=\"https:\/\/south-bridge.com\/en\/secteur-prive-et-acces-aux-soins-de-sante-southbridge-ai-etait-linvite-dun-debat-a-la-76eme-assemblee-mondiale-de-la-sante\/\" class=\"btn-details\"><i class=\"ot-flaticon-trajectory\"><\/i><\/a>\r\n\t\t\t\t\t\t\t<\/div>\r\n\r\n\t\t\t\t\t\t<\/div>\r\n\t\t\t\t\t<\/article>\r\n\r\n\t\t         \r\n\t\t\t\t\r\n\t\t\t\t\t<article id=\"post-9834\" class=\"post-box post-9834 post type-post status-publish format-standard has-post-thumbnail hentry category-blog\">\r\n\t\t\t\t\t\t<div class=\"post-inner\">\r\n\r\n\t\t\t\t\t\t\t\t\t\t\t\t\t\t\t<div class=\"entry-media\">\r\n\t\t\t\t\t\t\t\t\t<div class=\"post-cat\"><div class=\"posted-in\"><a href=\"https:\/\/south-bridge.com\/en\/category\/blog\/\" rel=\"category tag\">Blog<\/a><\/div><\/div>\t\t\t\t\t\t\t\t\t<a href=\"https:\/\/south-bridge.com\/en\/a-successful-first-flagship-access-to-market-event-hosted-in-nigeria-by-the-i3-program\/\">\r\n\t\t\t\t\t\t\t\t\t\t<img decoding=\"async\" width=\"600\" height=\"400\" src=\"https:\/\/south-bridge.com\/wp-content\/uploads\/2023\/02\/demand-driven-partnerships-600x400.png\" class=\"attachment-maxbizz-post-thumbnail-grid size-maxbizz-post-thumbnail-grid wp-post-image\" alt=\"\" \/>\t\t\t\t\t\t\t\t\t<\/a>\r\n\t\t\t\t\t\t\t\t<\/div>\r\n\t\t\t\t\t\t\t\r\n\t\t\t\t\t\t\t<div class=\"inner-post\">\r\n\t\t\t\t\t\t\t\t\t\t\t\t\t\t\t\t<div class=\"entry-header\">\r\n\r\n\t\t\t\t\t\t\t\t\t<h5 class=\"entry-title\"><a class=\"title-link\" href=\"https:\/\/south-bridge.com\/en\/a-successful-first-flagship-access-to-market-event-hosted-in-nigeria-by-the-i3-program\/\" rel=\"bookmark\">Over 200 focused, demand-driven partnerships held in Lagos for i3\u2019s first \u201cAccess to Market\u201d Event<\/a><\/h5>\r\n\t\t\t\t\t\t\t\t<\/div>\r\n\r\n\t\t\t\t\t\t\t\t\t\t\t\t\t\t\t<\/div>\r\n\t\t\t\t\t\t\t<div class=\"entry-meta\">\r\n\t\t\t\t\t\t\t\t<span class=\"posted-on\"><a href=\"https:\/\/south-bridge.com\/en\/a-successful-first-flagship-access-to-market-event-hosted-in-nigeria-by-the-i3-program\/\" rel=\"bookmark\"><time class=\"entry-date published\" datetime=\"2023-02-07T08:27:37+01:00\">7 February 2023<\/time><\/a><\/span><span class=\"byline\"> \/ <a class=\"url fn n\" href=\"https:\/\/south-bridge.com\/en\/author\/southbridge\/\">Tayeb ZOUITEN<\/a><\/span>\t\t\t\t\t\t\t\t<a href=\"https:\/\/south-bridge.com\/en\/a-successful-first-flagship-access-to-market-event-hosted-in-nigeria-by-the-i3-program\/\" class=\"btn-details\"><i class=\"ot-flaticon-trajectory\"><\/i><\/a>\r\n\t\t\t\t\t\t\t<\/div>\r\n\r\n\t\t\t\t\t\t<\/div>\r\n\t\t\t\t\t<\/article>\r\n\r\n\t\t         \r\n\t\t\t\t\r\n\t\t\t\t\t<article id=\"post-447\" class=\"post-box post-447 post type-post status-publish format-standard has-post-thumbnail hentry category-blog\">\r\n\t\t\t\t\t\t<div class=\"post-inner\">\r\n\r\n\t\t\t\t\t\t\t\t\t\t\t\t\t\t\t<div class=\"entry-media\">\r\n\t\t\t\t\t\t\t\t\t<div class=\"post-cat\"><div class=\"posted-in\"><a href=\"https:\/\/south-bridge.com\/en\/category\/blog\/\" rel=\"category tag\">Blog<\/a><\/div><\/div>\t\t\t\t\t\t\t\t\t<a href=\"https:\/\/south-bridge.com\/en\/promouvoir-le-financement-de-legalite-de-genre-aupres-des-institutions-financieres-et-du-secteur-prive-au-maroc\/\">\r\n\t\t\t\t\t\t\t\t\t\t<img loading=\"lazy\" decoding=\"async\" width=\"600\" height=\"400\" src=\"https:\/\/south-bridge.com\/wp-content\/uploads\/2022\/12\/ONU-Femmes222-600x400.jpg\" class=\"attachment-maxbizz-post-thumbnail-grid size-maxbizz-post-thumbnail-grid wp-post-image\" alt=\"\" srcset=\"https:\/\/south-bridge.com\/wp-content\/uploads\/2022\/12\/ONU-Femmes222-600x400.jpg 600w, https:\/\/south-bridge.com\/wp-content\/uploads\/2022\/12\/ONU-Femmes222-300x200.jpg 300w, https:\/\/south-bridge.com\/wp-content\/uploads\/2022\/12\/ONU-Femmes222-1024x683.jpg 1024w, https:\/\/south-bridge.com\/wp-content\/uploads\/2022\/12\/ONU-Femmes222-768x512.jpg 768w, https:\/\/south-bridge.com\/wp-content\/uploads\/2022\/12\/ONU-Femmes222.jpg 1380w\" sizes=\"(max-width: 600px) 100vw, 600px\" \/>\t\t\t\t\t\t\t\t\t<\/a>\r\n\t\t\t\t\t\t\t\t<\/div>\r\n\t\t\t\t\t\t\t\r\n\t\t\t\t\t\t\t<div class=\"inner-post\">\r\n\t\t\t\t\t\t\t\t\t\t\t\t\t\t\t\t<div class=\"entry-header\">\r\n\r\n\t\t\t\t\t\t\t\t\t<h5 class=\"entry-title\"><a class=\"title-link\" href=\"https:\/\/south-bridge.com\/en\/promouvoir-le-financement-de-legalite-de-genre-aupres-des-institutions-financieres-et-du-secteur-prive-au-maroc\/\" rel=\"bookmark\">Promouvoir le financement de l\u2019\u00e9galit\u00e9 de genre aupr\u00e8s des institutions financi\u00e8res et du secteur priv\u00e9 au Maroc<\/a><\/h5>\r\n\t\t\t\t\t\t\t\t<\/div>\r\n\r\n\t\t\t\t\t\t\t\t\t\t\t\t\t\t\t<\/div>\r\n\t\t\t\t\t\t\t<div class=\"entry-meta\">\r\n\t\t\t\t\t\t\t\t<span class=\"posted-on\"><a href=\"https:\/\/south-bridge.com\/en\/promouvoir-le-financement-de-legalite-de-genre-aupres-des-institutions-financieres-et-du-secteur-prive-au-maroc\/\" rel=\"bookmark\"><time class=\"entry-date published\" datetime=\"2022-12-15T09:09:00+01:00\">15 December 2022<\/time><\/a><\/span><span class=\"byline\"> \/ <a class=\"url fn n\" href=\"https:\/\/south-bridge.com\/en\/author\/southbridge\/\">Tayeb ZOUITEN<\/a><\/span>\t\t\t\t\t\t\t\t<a href=\"https:\/\/south-bridge.com\/en\/promouvoir-le-financement-de-legalite-de-genre-aupres-des-institutions-financieres-et-du-secteur-prive-au-maroc\/\" class=\"btn-details\"><i class=\"ot-flaticon-trajectory\"><\/i><\/a>\r\n\t\t\t\t\t\t\t<\/div>\r\n\r\n\t\t\t\t\t\t<\/div>\r\n\t\t\t\t\t<\/article>\r\n\r\n\t\t         \r\n\t\t\t\t\r\n\t\t\t\t\t<article id=\"post-9789\" class=\"post-box post-9789 post type-post status-publish format-standard has-post-thumbnail hentry category-blog\">\r\n\t\t\t\t\t\t<div class=\"post-inner\">\r\n\r\n\t\t\t\t\t\t\t\t\t\t\t\t\t\t\t<div class=\"entry-media\">\r\n\t\t\t\t\t\t\t\t\t<div class=\"post-cat\"><div class=\"posted-in\"><a href=\"https:\/\/south-bridge.com\/en\/category\/blog\/\" rel=\"category tag\">Blog<\/a><\/div><\/div>\t\t\t\t\t\t\t\t\t<a href=\"https:\/\/south-bridge.com\/en\/4-defis-a-relever-pour-renforcer-la-presence-africaine-de-pme-marocaines\/\">\r\n\t\t\t\t\t\t\t\t\t\t<img loading=\"lazy\" decoding=\"async\" width=\"600\" height=\"400\" src=\"https:\/\/south-bridge.com\/wp-content\/uploads\/2022\/12\/4-defis-a-relever-pour-renforcer-la-presence-africaine-de-PME-marocaines-600x400.jpg\" class=\"attachment-maxbizz-post-thumbnail-grid size-maxbizz-post-thumbnail-grid wp-post-image\" alt=\"\" \/>\t\t\t\t\t\t\t\t\t<\/a>\r\n\t\t\t\t\t\t\t\t<\/div>\r\n\t\t\t\t\t\t\t\r\n\t\t\t\t\t\t\t<div class=\"inner-post\">\r\n\t\t\t\t\t\t\t\t\t\t\t\t\t\t\t\t<div class=\"entry-header\">\r\n\r\n\t\t\t\t\t\t\t\t\t<h5 class=\"entry-title\"><a class=\"title-link\" href=\"https:\/\/south-bridge.com\/en\/4-defis-a-relever-pour-renforcer-la-presence-africaine-de-pme-marocaines\/\" rel=\"bookmark\">4 d\u00e9fis \u00e0 relever pour renforcer la pr\u00e9sence africaine de PME marocaines<\/a><\/h5>\r\n\t\t\t\t\t\t\t\t<\/div>\r\n\r\n\t\t\t\t\t\t\t\t\t\t\t\t\t\t\t<\/div>\r\n\t\t\t\t\t\t\t<div class=\"entry-meta\">\r\n\t\t\t\t\t\t\t\t<span class=\"posted-on\"><a href=\"https:\/\/south-bridge.com\/en\/4-defis-a-relever-pour-renforcer-la-presence-africaine-de-pme-marocaines\/\" rel=\"bookmark\"><time class=\"entry-date published\" datetime=\"2022-12-09T09:10:02+01:00\">9 December 2022<\/time><\/a><\/span><span class=\"byline\"> \/ <a class=\"url fn n\" href=\"https:\/\/south-bridge.com\/en\/author\/sb-admin\/\">Southbridge<\/a><\/span>\t\t\t\t\t\t\t\t<a href=\"https:\/\/south-bridge.com\/en\/4-defis-a-relever-pour-renforcer-la-presence-africaine-de-pme-marocaines\/\" class=\"btn-details\"><i class=\"ot-flaticon-trajectory\"><\/i><\/a>\r\n\t\t\t\t\t\t\t<\/div>\r\n\r\n\t\t\t\t\t\t<\/div>\r\n\t\t\t\t\t<\/article>\r\n\r\n\t\t         \r\n\t\t\t\t\r\n\t\t\t\t\t<article id=\"post-9758\" class=\"post-box post-9758 post type-post status-publish format-standard has-post-thumbnail hentry category-blog\">\r\n\t\t\t\t\t\t<div class=\"post-inner\">\r\n\r\n\t\t\t\t\t\t\t\t\t\t\t\t\t\t\t<div class=\"entry-media\">\r\n\t\t\t\t\t\t\t\t\t<div class=\"post-cat\"><div class=\"posted-in\"><a href=\"https:\/\/south-bridge.com\/en\/category\/blog\/\" rel=\"category tag\">Blog<\/a><\/div><\/div>\t\t\t\t\t\t\t\t\t<a href=\"https:\/\/south-bridge.com\/en\/onu-femmes-southbridge-ai-nouvelle-approche-pour-la-promotion-du-financement-de-legalite-des-genres\/\">\r\n\t\t\t\t\t\t\t\t\t\t<img loading=\"lazy\" decoding=\"async\" width=\"600\" height=\"400\" src=\"https:\/\/south-bridge.com\/wp-content\/uploads\/2022\/11\/SB-SITE-3-600x400.jpg\" class=\"attachment-maxbizz-post-thumbnail-grid size-maxbizz-post-thumbnail-grid wp-post-image\" alt=\"\" \/>\t\t\t\t\t\t\t\t\t<\/a>\r\n\t\t\t\t\t\t\t\t<\/div>\r\n\t\t\t\t\t\t\t\r\n\t\t\t\t\t\t\t<div class=\"inner-post\">\r\n\t\t\t\t\t\t\t\t\t\t\t\t\t\t\t\t<div class=\"entry-header\">\r\n\r\n\t\t\t\t\t\t\t\t\t<h5 class=\"entry-title\"><a class=\"title-link\" href=\"https:\/\/south-bridge.com\/en\/onu-femmes-southbridge-ai-nouvelle-approche-pour-la-promotion-du-financement-de-legalite-des-genres\/\" rel=\"bookmark\">ONU Femmes\/SouthBridge A&I \u2013 Nouvelle approche pour la promotion du financement de l\u2019\u00e9galit\u00e9 des genres<\/a><\/h5>\r\n\t\t\t\t\t\t\t\t<\/div>\r\n\r\n\t\t\t\t\t\t\t\t\t\t\t\t\t\t\t<\/div>\r\n\t\t\t\t\t\t\t<div class=\"entry-meta\">\r\n\t\t\t\t\t\t\t\t<span class=\"posted-on\"><a href=\"https:\/\/south-bridge.com\/en\/onu-femmes-southbridge-ai-nouvelle-approche-pour-la-promotion-du-financement-de-legalite-des-genres\/\" rel=\"bookmark\"><time class=\"entry-date published\" datetime=\"2022-11-21T09:09:18+01:00\">21 November 2022<\/time><\/a><\/span><span class=\"byline\"> \/ <a class=\"url fn n\" href=\"https:\/\/south-bridge.com\/en\/author\/southbridge\/\">Tayeb ZOUITEN<\/a><\/span>\t\t\t\t\t\t\t\t<a href=\"https:\/\/south-bridge.com\/en\/onu-femmes-southbridge-ai-nouvelle-approche-pour-la-promotion-du-financement-de-legalite-des-genres\/\" class=\"btn-details\"><i class=\"ot-flaticon-trajectory\"><\/i><\/a>\r\n\t\t\t\t\t\t\t<\/div>\r\n\r\n\t\t\t\t\t\t<\/div>\r\n\t\t\t\t\t<\/article>\r\n\r\n\t\t         \r\n\t\t\t\t\r\n\t\t\t\t\t<article id=\"post-9729\" class=\"post-box post-9729 post type-post status-publish format-standard has-post-thumbnail hentry category-blog\">\r\n\t\t\t\t\t\t<div class=\"post-inner\">\r\n\r\n\t\t\t\t\t\t\t\t\t\t\t\t\t\t\t<div class=\"entry-media\">\r\n\t\t\t\t\t\t\t\t\t<div class=\"post-cat\"><div class=\"posted-in\"><a href=\"https:\/\/south-bridge.com\/en\/category\/blog\/\" rel=\"category tag\">Blog<\/a><\/div><\/div>\t\t\t\t\t\t\t\t\t<a href=\"https:\/\/south-bridge.com\/en\/sante-digitale-et-programme-i3-quand-des-innovations-locales-partent-a-la-conquete-de-la-souverainete-sanitaire-africaine\/\">\r\n\t\t\t\t\t\t\t\t\t\t<img loading=\"lazy\" decoding=\"async\" width=\"600\" height=\"400\" src=\"https:\/\/south-bridge.com\/wp-content\/uploads\/2022\/10\/sante-digitale-600x400.jpg\" class=\"attachment-maxbizz-post-thumbnail-grid size-maxbizz-post-thumbnail-grid wp-post-image\" alt=\"\" \/>\t\t\t\t\t\t\t\t\t<\/a>\r\n\t\t\t\t\t\t\t\t<\/div>\r\n\t\t\t\t\t\t\t\r\n\t\t\t\t\t\t\t<div class=\"inner-post\">\r\n\t\t\t\t\t\t\t\t\t\t\t\t\t\t\t\t<div class=\"entry-header\">\r\n\r\n\t\t\t\t\t\t\t\t\t<h5 class=\"entry-title\"><a class=\"title-link\" href=\"https:\/\/south-bridge.com\/en\/sante-digitale-et-programme-i3-quand-des-innovations-locales-partent-a-la-conquete-de-la-souverainete-sanitaire-africaine\/\" rel=\"bookmark\">Sant\u00e9 digitale et programme i3 : Quand des innovations locales partent \u00e0 la conqu\u00eate de la souverainet\u00e9 sanitaire africaine<\/a><\/h5>\r\n\t\t\t\t\t\t\t\t<\/div>\r\n\r\n\t\t\t\t\t\t\t\t\t\t\t\t\t\t\t<\/div>\r\n\t\t\t\t\t\t\t<div class=\"entry-meta\">\r\n\t\t\t\t\t\t\t\t<span class=\"posted-on\"><a href=\"https:\/\/south-bridge.com\/en\/sante-digitale-et-programme-i3-quand-des-innovations-locales-partent-a-la-conquete-de-la-souverainete-sanitaire-africaine\/\" rel=\"bookmark\"><time class=\"entry-date published\" datetime=\"2022-10-19T14:04:25+02:00\">19 October 2022<\/time><\/a><\/span><span class=\"byline\"> \/ <a class=\"url fn n\" href=\"https:\/\/south-bridge.com\/en\/author\/southbridge\/\">Tayeb ZOUITEN<\/a><\/span>\t\t\t\t\t\t\t\t<a href=\"https:\/\/south-bridge.com\/en\/sante-digitale-et-programme-i3-quand-des-innovations-locales-partent-a-la-conquete-de-la-souverainete-sanitaire-africaine\/\" class=\"btn-details\"><i class=\"ot-flaticon-trajectory\"><\/i><\/a>\r\n\t\t\t\t\t\t\t<\/div>\r\n\r\n\t\t\t\t\t\t<\/div>\r\n\t\t\t\t\t<\/article>\r\n\r\n\t\t        \t\t    <\/div>\r\n\t    <\/div>\r\n\t\t\t\t\t\t<\/div>\n\t\t\t\t<\/div>\n\t\t\t\t\t<\/div>\n\t\t<\/div>\n\t\t\t\t\t<\/div>\n\t\t<\/section>\n\t\t\t\t<\/div>\n\t\t","protected":false},"excerpt":{"rendered":"<p>Un contributeur important aux d\u00e9bats publics Depuis sa cr\u00e9ation, Southbridge A&#038;I intervient dans les d\u00e9bats \u00e9conomiques et sociaux les plus importants. Gr\u00e2ce \u00e0 un positionnement unique lui permettant d\u2019appr\u00e9hender les probl\u00e9matiques d\u2019acteurs \u00e9conomiques de toute taille et de comprendre les contraintes et les marges de man\u0153uvre des pouvoirs publics, Southbridge A&#038;I a souvent \u00e9t\u00e9 sollicit\u00e9 [&hellip;]<\/p>\n","protected":false},"author":1,"featured_media":0,"parent":0,"menu_order":0,"comment_status":"closed","ping_status":"closed","template":"","meta":{"footnotes":""},"class_list":["post-3417","page","type-page","status-publish","hentry"],"aioseo_notices":[],"_links":{"self":[{"href":"https:\/\/south-bridge.com\/en\/wp-json\/wp\/v2\/pages\/3417","targetHints":{"allow":["GET"]}}],"collection":[{"href":"https:\/\/south-bridge.com\/en\/wp-json\/wp\/v2\/pages"}],"about":[{"href":"https:\/\/south-bridge.com\/en\/wp-json\/wp\/v2\/types\/page"}],"author":[{"embeddable":true,"href":"https:\/\/south-bridge.com\/en\/wp-json\/wp\/v2\/users\/1"}],"replies":[{"embeddable":true,"href":"https:\/\/south-bridge.com\/en\/wp-json\/wp\/v2\/comments?post=3417"}],"version-history":[{"count":114,"href":"https:\/\/south-bridge.com\/en\/wp-json\/wp\/v2\/pages\/3417\/revisions"}],"predecessor-version":[{"id":12000,"href":"https:\/\/south-bridge.com\/en\/wp-json\/wp\/v2\/pages\/3417\/revisions\/12000"}],"wp:attachment":[{"href":"https:\/\/south-bridge.com\/en\/wp-json\/wp\/v2\/media?parent=3417"}],"curies":[{"name":"wp","href":"https:\/\/api.w.org\/{rel}","templated":true}]}}