{"id":3408,"date":"2023-03-04T11:25:57","date_gmt":"2023-03-04T10:25:57","guid":{"rendered":"https:\/\/south-bridge.com\/new\/?page_id=3408"},"modified":"2025-09-24T17:10:06","modified_gmt":"2025-09-24T15:10:06","slug":"zouiten-tayeb-south-bridge","status":"publish","type":"page","link":"https:\/\/south-bridge.com\/en\/notre-equipe\/zouiten-tayeb-south-bridge\/","title":{"rendered":"Tayeb ZOUITEN"},"content":{"rendered":"<div data-elementor-type=\"wp-page\" data-elementor-id=\"3408\" class=\"elementor elementor-3408\">\n\t\t\t\t\t\t<section class=\"elementor-section elementor-top-section elementor-element elementor-element-92fb1d elementor-section-boxed elementor-section-height-default elementor-section-height-default\" data-id=\"92fb1d\" data-element_type=\"section\" data-e-type=\"section\">\n\t\t\t\t\t\t<div class=\"elementor-container elementor-column-gap-wide\">\n\t\t\t\t\t<div class=\"elementor-column elementor-col-50 elementor-top-column elementor-element elementor-element-659ca2fe ot-flex-column-vertical\" data-id=\"659ca2fe\" data-element_type=\"column\" data-e-type=\"column\">\n\t\t\t<div class=\"elementor-widget-wrap elementor-element-populated\">\n\t\t\t\t\t\t<div class=\"elementor-element elementor-element-4c4a79d4 elementor-widget elementor-widget-image\" data-id=\"4c4a79d4\" data-element_type=\"widget\" data-e-type=\"widget\" data-widget_type=\"image.default\">\n\t\t\t\t<div class=\"elementor-widget-container\">\n\t\t\t\t\t\t\t\t\t\t\t\t\t\t\t<img decoding=\"async\" src=\"https:\/\/south-bridge.com\/wp-content\/uploads\/2023\/03\/ZOUITEN-Tayeb-1.jpg\" title=\"ZOUITEN-Tayeb\" alt=\"ZOUITEN-Tayeb\" loading=\"lazy\" \/>\t\t\t\t\t\t\t\t\t\t\t\t\t\t\t<\/div>\n\t\t\t\t<\/div>\n\t\t\t\t<section class=\"elementor-section elementor-inner-section elementor-element elementor-element-748798f8 elementor-section-full_width elementor-section-height-default elementor-section-height-default\" data-id=\"748798f8\" data-element_type=\"section\" data-e-type=\"section\">\n\t\t\t\t\t\t<div class=\"elementor-container elementor-column-gap-no\">\n\t\t\t\t\t<div class=\"elementor-column elementor-col-33 elementor-inner-column elementor-element elementor-element-4e56bf02 ot-flex-column-vertical\" data-id=\"4e56bf02\" data-element_type=\"column\" data-e-type=\"column\">\n\t\t\t<div class=\"elementor-widget-wrap elementor-element-populated\">\n\t\t\t\t\t\t<div class=\"elementor-element elementor-element-7917a5d0 elementor-view-default elementor-widget elementor-widget-icon\" data-id=\"7917a5d0\" data-element_type=\"widget\" data-e-type=\"widget\" data-widget_type=\"icon.default\">\n\t\t\t\t<div class=\"elementor-widget-container\">\n\t\t\t\t\t\t\t<div class=\"elementor-icon-wrapper\">\n\t\t\t<a class=\"elementor-icon\" href=\"https:\/\/www.linkedin.com\/in\/tayeb-zouiten-9b26b7139\/\" target=\"_blank\">\n\t\t\t<i aria-hidden=\"true\" class=\"fab fa-linkedin\"><\/i>\t\t\t<\/a>\n\t\t<\/div>\n\t\t\t\t\t\t<\/div>\n\t\t\t\t<\/div>\n\t\t\t\t\t<\/div>\n\t\t<\/div>\n\t\t\t\t<div class=\"elementor-column elementor-col-33 elementor-inner-column elementor-element elementor-element-708725de ot-flex-column-vertical\" data-id=\"708725de\" data-element_type=\"column\" data-e-type=\"column\">\n\t\t\t<div class=\"elementor-widget-wrap elementor-element-populated\">\n\t\t\t\t\t\t<div class=\"elementor-element elementor-element-4111c057 elementor-view-default elementor-widget elementor-widget-icon\" data-id=\"4111c057\" data-element_type=\"widget\" data-e-type=\"widget\" data-widget_type=\"icon.default\">\n\t\t\t\t<div class=\"elementor-widget-container\">\n\t\t\t\t\t\t\t<div class=\"elementor-icon-wrapper\">\n\t\t\t<a class=\"elementor-icon\" href=\"mailto:tayeb.zouiten@south-bridge.com\">\n\t\t\t<i aria-hidden=\"true\" class=\"fas fa-envelope\"><\/i>\t\t\t<\/a>\n\t\t<\/div>\n\t\t\t\t\t\t<\/div>\n\t\t\t\t<\/div>\n\t\t\t\t\t<\/div>\n\t\t<\/div>\n\t\t\t\t<div class=\"elementor-column elementor-col-33 elementor-inner-column elementor-element elementor-element-3df03bb7 ot-flex-column-vertical\" data-id=\"3df03bb7\" data-element_type=\"column\" data-e-type=\"column\">\n\t\t\t<div class=\"elementor-widget-wrap\">\n\t\t\t\t\t\t\t<\/div>\n\t\t<\/div>\n\t\t\t\t\t<\/div>\n\t\t<\/section>\n\t\t\t\t\t<\/div>\n\t\t<\/div>\n\t\t\t\t<div class=\"elementor-column elementor-col-50 elementor-top-column elementor-element elementor-element-534eade0 ot-flex-column-vertical\" data-id=\"534eade0\" data-element_type=\"column\" data-e-type=\"column\">\n\t\t\t<div class=\"elementor-widget-wrap elementor-element-populated\">\n\t\t\t\t\t\t<div class=\"elementor-element elementor-element-60a8b2cd elementor-widget elementor-widget-iheading\" data-id=\"60a8b2cd\" data-element_type=\"widget\" data-e-type=\"widget\" data-widget_type=\"iheading.default\">\n\t\t\t\t<div class=\"elementor-widget-container\">\n\t\t\t\t\t\t\t<div class=\"ot-heading\">\r\n\t        <span class=\"\">Senior Manager<\/span>\t        <h2 class=\"main-head\">ZOUITEN Tayeb <\/h2>\t    <\/div>\r\n\t    \t\t\t\t<\/div>\n\t\t\t\t<\/div>\n\t\t\t\t<div class=\"elementor-element elementor-element-2f059680 elementor-widget elementor-widget-text-editor\" data-id=\"2f059680\" data-element_type=\"widget\" data-e-type=\"widget\" data-widget_type=\"text-editor.default\">\n\t\t\t\t<div class=\"elementor-widget-container\">\n\t\t\t\t\t\t\t\t\t<div class=\"portfolio__content\"><div class=\"vc_row wpb_row vc_row-fluid\"><div class=\"wpb_column vc_column_container vc_col-sm-12\"><div class=\"vc_column-inner\"><div class=\"wpb_wrapper\"><div class=\"wpb_text_column wpb_content_element\"><div class=\"wpb_wrapper\"><p>Dipl\u00f4m\u00e9 de l\u2019\u00c9cole Mohammadia d\u2019Ing\u00e9nieurs, Tayeb justifie de plus de 8 ans d\u2019exp\u00e9rience dans le conseil en strat\u00e9gie, avec une expertise reconnue dans l\u2019accompagnement du secteur public. Il a d\u00e9but\u00e9 sa carri\u00e8re chez Mazars avant de rejoindre Southbridge en 2021.<\/p><p>Guid\u00e9 par une forte conviction quant au r\u00f4le de la strat\u00e9gie dans la transformation \u00e9conomique, il a contribu\u00e9 et pilot\u00e9 de nombreuses missions \u00e0 fort impact pour des clients institutionnels et priv\u00e9s. Ses interventions portent notamment sur les strat\u00e9gies publiques, le d\u00e9veloppement territorial, la promotion de l\u2019investissement, le commerce international ainsi que l\u2019accompagnement d\u2019entreprises priv\u00e9es dans l\u2019\u00e9laboration de leur strat\u00e9gie de d\u00e9veloppement.<\/p><p>En dehors du travail, Tayeb cultive deux passions qui nourrissent sa curiosit\u00e9 et sa cr\u00e9ativit\u00e9 : le voyage, qui lui permet d\u2019explorer de nouvelles cultures et de s\u2019inspirer de diff\u00e9rents horizons, et la musique \u00e9lectronique, univers dans lequel il puise \u00e9nergie, \u00e9motions et moments de partage.<\/p><\/div><\/div><\/div><\/div><\/div><\/div><\/div>\t\t\t\t\t\t\t\t<\/div>\n\t\t\t\t<\/div>\n\t\t\t\t\t<\/div>\n\t\t<\/div>\n\t\t\t\t\t<\/div>\n\t\t<\/section>\n\t\t\t\t<\/div>","protected":false},"excerpt":{"rendered":"<p>Senior Manager ZOUITEN Tayeb Dipl\u00f4m\u00e9 de l\u2019\u00c9cole Mohammadia d\u2019Ing\u00e9nieurs, Tayeb justifie de plus de 8 ans d\u2019exp\u00e9rience dans le conseil en strat\u00e9gie, avec une expertise reconnue dans l\u2019accompagnement du secteur public. Il a d\u00e9but\u00e9 sa carri\u00e8re chez Mazars avant de rejoindre Southbridge en 2021. Guid\u00e9 par une forte conviction quant au r\u00f4le de la strat\u00e9gie [&hellip;]<\/p>\n","protected":false},"author":1,"featured_media":0,"parent":3148,"menu_order":0,"comment_status":"closed","ping_status":"closed","template":"","meta":{"footnotes":""},"class_list":["post-3408","page","type-page","status-publish","hentry"],"aioseo_notices":[],"_links":{"self":[{"href":"https:\/\/south-bridge.com\/en\/wp-json\/wp\/v2\/pages\/3408","targetHints":{"allow":["GET"]}}],"collection":[{"href":"https:\/\/south-bridge.com\/en\/wp-json\/wp\/v2\/pages"}],"about":[{"href":"https:\/\/south-bridge.com\/en\/wp-json\/wp\/v2\/types\/page"}],"author":[{"embeddable":true,"href":"https:\/\/south-bridge.com\/en\/wp-json\/wp\/v2\/users\/1"}],"replies":[{"embeddable":true,"href":"https:\/\/south-bridge.com\/en\/wp-json\/wp\/v2\/comments?post=3408"}],"version-history":[{"count":23,"href":"https:\/\/south-bridge.com\/en\/wp-json\/wp\/v2\/pages\/3408\/revisions"}],"predecessor-version":[{"id":13315,"href":"https:\/\/south-bridge.com\/en\/wp-json\/wp\/v2\/pages\/3408\/revisions\/13315"}],"up":[{"embeddable":true,"href":"https:\/\/south-bridge.com\/en\/wp-json\/wp\/v2\/pages\/3148"}],"wp:attachment":[{"href":"https:\/\/south-bridge.com\/en\/wp-json\/wp\/v2\/media?parent=3408"}],"curies":[{"name":"wp","href":"https:\/\/api.w.org\/{rel}","templated":true}]}}