{"id":3006,"date":"2023-03-01T11:49:33","date_gmt":"2023-03-01T10:49:33","guid":{"rendered":"https:\/\/south-bridge.com\/new\/?page_id=3006"},"modified":"2023-04-06T18:11:02","modified_gmt":"2023-04-06T16:11:02","slug":"nos-domaines-dintervention","status":"publish","type":"page","link":"https:\/\/south-bridge.com\/en\/nos-domaines-dintervention\/","title":{"rendered":"Our areas of expertise"},"content":{"rendered":"<div data-elementor-type=\"wp-page\" data-elementor-id=\"3006\" class=\"elementor elementor-3006\">\n\t\t\t\t\t\t<section class=\"elementor-section elementor-top-section elementor-element elementor-element-739b1e27 elementor-section-full_width elementor-section-content-middle elementor-reverse-mobile elementor-section-height-default elementor-section-height-default\" data-id=\"739b1e27\" data-element_type=\"section\" data-e-type=\"section\">\n\t\t\t\t\t\t<div class=\"elementor-container elementor-column-gap-no\">\n\t\t\t\t\t<div class=\"elementor-column elementor-col-50 elementor-top-column elementor-element elementor-element-638a0314 ot-column-items-center ot-flex-column-vertical\" data-id=\"638a0314\" data-element_type=\"column\" data-e-type=\"column\" data-settings=\"{&quot;background_background&quot;:&quot;classic&quot;}\">\n\t\t\t<div class=\"elementor-widget-wrap elementor-element-populated\">\n\t\t\t\t\t\t<section class=\"elementor-section elementor-inner-section elementor-element elementor-element-2f057ad5 elementor-section-boxed elementor-section-height-default elementor-section-height-default\" data-id=\"2f057ad5\" data-element_type=\"section\" data-e-type=\"section\">\n\t\t\t\t\t\t<div class=\"elementor-container elementor-column-gap-no\">\n\t\t\t\t\t<div class=\"elementor-column elementor-col-100 elementor-inner-column elementor-element elementor-element-431dad29 ot-flex-column-vertical\" data-id=\"431dad29\" data-element_type=\"column\" data-e-type=\"column\">\n\t\t\t<div class=\"elementor-widget-wrap elementor-element-populated\">\n\t\t\t\t\t\t<div class=\"elementor-element elementor-element-841e06b elementor-widget elementor-widget-iheading\" data-id=\"841e06b\" data-element_type=\"widget\" data-e-type=\"widget\" data-widget_type=\"iheading.default\">\n\t\t\t\t<div class=\"elementor-widget-container\">\n\t\t\t\t\t\t\t<div class=\"ot-heading\">\r\n\t        \t        <h3 class=\"main-head\">Sector strategies and policies<\/h3>\t    <\/div>\r\n\t    \t\t\t\t<\/div>\n\t\t\t\t<\/div>\n\t\t\t\t<div class=\"elementor-element elementor-element-bb4f4ed elementor-widget elementor-widget-text-editor\" data-id=\"bb4f4ed\" data-element_type=\"widget\" data-e-type=\"widget\" data-widget_type=\"text-editor.default\">\n\t\t\t\t<div class=\"elementor-widget-container\">\n\t\t\t\t\t\t\t\t\t<p>The definition of public sector or regional strategies is one of the most important needs of public and governmental institutions.<\/p><p>Ayant \u00e9t\u00e9 au centre de la d\u00e9finition d\u2019une cinquantaine de strat\u00e9gies sectorielles au Maroc et dans d\u2019autres pays Africains, les partners de Southbridge A&I ont d\u00e9velopp\u00e9 une m\u00e9thodologie propre pour appr\u00e9hender des probl\u00e9matiques complexes et d\u00e9velopper des strat\u00e9gies inclusives et pragmatiques dans leur ex\u00e9cution.<\/p><p>Ce domaine d\u2019intervention repr\u00e9sente un des c\u0153urs de m\u00e9tier de Southbridge A&I, qui a codifi\u00e9 son expertise et dispense des modules de formation sur ce sujet dans les grandes \u00e9coles de commerce du Royaume.<\/p><p><strong style=\"color: #16283b;\">Examples of intervention<\/strong><\/p><ul><li>Development of national economic development strategies<\/li><li>Sector reforms and organizations<\/li><li>Regional development plans and structuring of major projects<\/li><\/ul><p><script src=\"moz-extension:\/\/25fedfe0-2a06-413f-962f-0b6fe123a7a0\/js\/app.js\" type=\"text\/javascript\"><\/script><\/p><p><script src=\"moz-extension:\/\/25fedfe0-2a06-413f-962f-0b6fe123a7a0\/js\/app.js\" type=\"text\/javascript\"><\/script><\/p>\t\t\t\t\t\t\t\t<\/div>\n\t\t\t\t<\/div>\n\t\t\t\t<div class=\"elementor-element elementor-element-6fd08e10 elementor-hidden-tablet elementor-widget elementor-widget-spacer\" data-id=\"6fd08e10\" data-element_type=\"widget\" data-e-type=\"widget\" data-widget_type=\"spacer.default\">\n\t\t\t\t<div class=\"elementor-widget-container\">\n\t\t\t\t\t\t\t<div class=\"elementor-spacer\">\n\t\t\t<div class=\"elementor-spacer-inner\"><\/div>\n\t\t<\/div>\n\t\t\t\t\t\t<\/div>\n\t\t\t\t<\/div>\n\t\t\t\t\t<\/div>\n\t\t<\/div>\n\t\t\t\t\t<\/div>\n\t\t<\/section>\n\t\t\t\t\t<\/div>\n\t\t<\/div>\n\t\t\t\t<div class=\"elementor-column elementor-col-50 elementor-top-column elementor-element elementor-element-326d54e ot-column-items-bottom ot-flex-column-vertical\" data-id=\"326d54e\" data-element_type=\"column\" data-e-type=\"column\" data-settings=\"{&quot;background_background&quot;:&quot;classic&quot;}\">\n\t\t\t<div class=\"elementor-widget-wrap elementor-element-populated\">\n\t\t\t\t\t\t<div class=\"elementor-element elementor-element-27d09532 elementor-widget elementor-widget-spacer\" data-id=\"27d09532\" data-element_type=\"widget\" data-e-type=\"widget\" data-widget_type=\"spacer.default\">\n\t\t\t\t<div class=\"elementor-widget-container\">\n\t\t\t\t\t\t\t<div class=\"elementor-spacer\">\n\t\t\t<div class=\"elementor-spacer-inner\"><\/div>\n\t\t<\/div>\n\t\t\t\t\t\t<\/div>\n\t\t\t\t<\/div>\n\t\t\t\t\t<\/div>\n\t\t<\/div>\n\t\t\t\t\t<\/div>\n\t\t<\/section>\n\t\t\t\t<section class=\"elementor-section elementor-top-section elementor-element elementor-element-7237fc3 elementor-section-full_width elementor-section-content-middle elementor-section-height-default elementor-section-height-default\" data-id=\"7237fc3\" data-element_type=\"section\" data-e-type=\"section\">\n\t\t\t\t\t\t<div class=\"elementor-container elementor-column-gap-no\">\n\t\t\t\t\t<div class=\"elementor-column elementor-col-50 elementor-top-column elementor-element elementor-element-bef6f7b ot-column-items-bottom ot-flex-column-vertical\" data-id=\"bef6f7b\" data-element_type=\"column\" data-e-type=\"column\" data-settings=\"{&quot;background_background&quot;:&quot;classic&quot;}\">\n\t\t\t<div class=\"elementor-widget-wrap elementor-element-populated\">\n\t\t\t\t\t\t<div class=\"elementor-element elementor-element-bd70ce2 elementor-widget elementor-widget-spacer\" data-id=\"bd70ce2\" data-element_type=\"widget\" data-e-type=\"widget\" data-widget_type=\"spacer.default\">\n\t\t\t\t<div class=\"elementor-widget-container\">\n\t\t\t\t\t\t\t<div class=\"elementor-spacer\">\n\t\t\t<div class=\"elementor-spacer-inner\"><\/div>\n\t\t<\/div>\n\t\t\t\t\t\t<\/div>\n\t\t\t\t<\/div>\n\t\t\t\t\t<\/div>\n\t\t<\/div>\n\t\t\t\t<div class=\"elementor-column elementor-col-50 elementor-top-column elementor-element elementor-element-e9c1740 ot-column-items-center ot-flex-column-vertical\" data-id=\"e9c1740\" data-element_type=\"column\" data-e-type=\"column\" data-settings=\"{&quot;background_background&quot;:&quot;classic&quot;}\">\n\t\t\t<div class=\"elementor-widget-wrap elementor-element-populated\">\n\t\t\t\t\t\t<section class=\"elementor-section elementor-inner-section elementor-element elementor-element-90bb3c0 elementor-section-boxed elementor-section-height-default elementor-section-height-default\" data-id=\"90bb3c0\" data-element_type=\"section\" data-e-type=\"section\">\n\t\t\t\t\t\t<div class=\"elementor-container elementor-column-gap-no\">\n\t\t\t\t\t<div class=\"elementor-column elementor-col-100 elementor-inner-column elementor-element elementor-element-81497e6 ot-flex-column-vertical\" data-id=\"81497e6\" data-element_type=\"column\" data-e-type=\"column\">\n\t\t\t<div class=\"elementor-widget-wrap elementor-element-populated\">\n\t\t\t\t\t\t<div class=\"elementor-element elementor-element-ec0ea6c elementor-widget elementor-widget-iheading\" data-id=\"ec0ea6c\" data-element_type=\"widget\" data-e-type=\"widget\" data-widget_type=\"iheading.default\">\n\t\t\t\t<div class=\"elementor-widget-container\">\n\t\t\t\t\t\t\t<div class=\"ot-heading\">\r\n\t        \t        <h3 class=\"main-head\">Transformation of public and private companies<\/h3>\t    <\/div>\r\n\t    \t\t\t\t<\/div>\n\t\t\t\t<\/div>\n\t\t\t\t<div class=\"elementor-element elementor-element-5fa4801 elementor-widget elementor-widget-text-editor\" data-id=\"5fa4801\" data-element_type=\"widget\" data-e-type=\"widget\" data-widget_type=\"text-editor.default\">\n\t\t\t\t<div class=\"elementor-widget-container\">\n\t\t\t\t\t\t\t\t\t<p>With the State playing its role as catalyst, it is through public and private companies that productive investments are made, creating value and jobs.<\/p><p>Southbridge A&I accompagne le Top Management des grandes entreprises de la R\u00e9gion pour \u00e9voluer dans un environnement changeant, tout au long de leur agenda de croissance ou de transformation.<\/p><p>Engag\u00e9es dans la r\u00e9alit\u00e9 et le quotidien des entreprises qu\u2019elles accompagnent, les \u00e9quipes de Southbridge A&I sont compos\u00e9es de profils op\u00e9rationnels capables d\u2019interagir avec toutes les parties prenantes et d\u2019adresser les probl\u00e9matiques les plus complexes de ses entreprises.<\/p><p>La flexibilit\u00e9 du mod\u00e8le d\u2019accompagnement de Southbridge A&I lui permet de mettre en place des partenariats innovants, sur la dur\u00e9e, cherchant \u00e0 aligner les int\u00e9r\u00eats des parties prenantes et pouvant m\u00eame aller jusqu\u2019\u00e0 assumer des r\u00f4les interm\u00e9diaires de management.<\/p><p><strong style=\"color: #16283b;\">Examples of intervention<\/strong><\/p><ul><li>Development of restructuring or transformation plans for public companies<\/li><li>Organizational and corporate governance reviews<\/li><li>Optimizing investment projects and improving purchasing<\/li><\/ul><p><script src=\"moz-extension:\/\/25fedfe0-2a06-413f-962f-0b6fe123a7a0\/js\/app.js\" type=\"text\/javascript\"><\/script><\/p>\t\t\t\t\t\t\t\t<\/div>\n\t\t\t\t<\/div>\n\t\t\t\t<div class=\"elementor-element elementor-element-50df9c6 elementor-hidden-tablet elementor-widget elementor-widget-spacer\" data-id=\"50df9c6\" data-element_type=\"widget\" data-e-type=\"widget\" data-widget_type=\"spacer.default\">\n\t\t\t\t<div class=\"elementor-widget-container\">\n\t\t\t\t\t\t\t<div class=\"elementor-spacer\">\n\t\t\t<div class=\"elementor-spacer-inner\"><\/div>\n\t\t<\/div>\n\t\t\t\t\t\t<\/div>\n\t\t\t\t<\/div>\n\t\t\t\t\t<\/div>\n\t\t<\/div>\n\t\t\t\t\t<\/div>\n\t\t<\/section>\n\t\t\t\t\t<\/div>\n\t\t<\/div>\n\t\t\t\t\t<\/div>\n\t\t<\/section>\n\t\t\t\t<section class=\"elementor-section elementor-top-section elementor-element elementor-element-f09fcff elementor-section-full_width elementor-section-content-middle elementor-reverse-mobile elementor-section-height-default elementor-section-height-default\" data-id=\"f09fcff\" data-element_type=\"section\" data-e-type=\"section\">\n\t\t\t\t\t\t<div class=\"elementor-container elementor-column-gap-no\">\n\t\t\t\t\t<div class=\"elementor-column elementor-col-50 elementor-top-column elementor-element elementor-element-c14ebde ot-column-items-center ot-flex-column-vertical\" data-id=\"c14ebde\" data-element_type=\"column\" data-e-type=\"column\" data-settings=\"{&quot;background_background&quot;:&quot;classic&quot;}\">\n\t\t\t<div class=\"elementor-widget-wrap elementor-element-populated\">\n\t\t\t\t\t\t<section class=\"elementor-section elementor-inner-section elementor-element elementor-element-da4d9be elementor-section-boxed elementor-section-height-default elementor-section-height-default\" data-id=\"da4d9be\" data-element_type=\"section\" data-e-type=\"section\">\n\t\t\t\t\t\t<div class=\"elementor-container elementor-column-gap-no\">\n\t\t\t\t\t<div class=\"elementor-column elementor-col-100 elementor-inner-column elementor-element elementor-element-02a771a ot-flex-column-vertical\" data-id=\"02a771a\" data-element_type=\"column\" data-e-type=\"column\">\n\t\t\t<div class=\"elementor-widget-wrap elementor-element-populated\">\n\t\t\t\t\t\t<div class=\"elementor-element elementor-element-3e5a2d9 elementor-widget elementor-widget-iheading\" data-id=\"3e5a2d9\" data-element_type=\"widget\" data-e-type=\"widget\" data-widget_type=\"iheading.default\">\n\t\t\t\t<div class=\"elementor-widget-container\">\n\t\t\t\t\t\t\t<div class=\"ot-heading\">\r\n\t        \t        <h3 class=\"main-head\">Acceleration of SMEs and start-ups<\/h3>\t    <\/div>\r\n\t    \t\t\t\t<\/div>\n\t\t\t\t<\/div>\n\t\t\t\t<div class=\"elementor-element elementor-element-e79218d elementor-widget elementor-widget-text-editor\" data-id=\"e79218d\" data-element_type=\"widget\" data-e-type=\"widget\" data-widget_type=\"text-editor.default\">\n\t\t\t\t<div class=\"elementor-widget-container\">\n\t\t\t\t\t\t\t\t\t<p>Depuis sa cr\u00e9ation, Southbridge A&I s\u2019est impos\u00e9 comme un acteur majeur de l\u2019\u00e9cosyst\u00e8me entrepreneurial au Maroc, dans une logique de mont\u00e9e en gamme substantielle des solutions d\u2019accompagnement et d\u2019appui au tissu entrepreneurial du continent.<\/p><p>Fort de son expertise de conseil, et d\u2019un r\u00e9seau de clients \u00e0 haut niveau unique sur le continent, Southbridge A&I a d\u00e9velopp\u00e9 un programme de grande qualit\u00e9 au profit des jeunes TPMEs et start-ups d\u00e8s Septembre 2018. Exigeant et focalis\u00e9 impact, le programme compte une soixantaine d\u2019entreprises accompagn\u00e9es \u00e0 fin 2020, et a permis de tisser un \u00e9cosyst\u00e8me de support unique \u00e0 ce jour avec des partenaires de renom.<\/p><p>Southbridge A&I accompagne \u00e9galement les donneurs d\u2019ordre publics et priv\u00e9s pour la mise en place de programmes d\u2019\u00e9cosyst\u00e8me innovants ou de programmes d\u2019entrepreneuriat <em>Demand-Based <\/em>to create entrepreneurial momentum for their business.<\/p><p><strong style=\"color: #16283b;\">Examples of intervention<\/strong><\/p><ul><li>Strategic and commercial support for start-ups and SMEs (WITA)<\/li><li>Development of innovative support programs combining teaching and practice for SMEs and public-sector contractors<\/li><li>Creation of an entrepreneurial ecosystem program for private companies<\/li><\/ul><p><script src=\"moz-extension:\/\/25fedfe0-2a06-413f-962f-0b6fe123a7a0\/js\/app.js\" type=\"text\/javascript\"><\/script><\/p>\t\t\t\t\t\t\t\t<\/div>\n\t\t\t\t<\/div>\n\t\t\t\t<div class=\"elementor-element elementor-element-f716ec7 elementor-hidden-tablet elementor-widget elementor-widget-spacer\" data-id=\"f716ec7\" data-element_type=\"widget\" data-e-type=\"widget\" data-widget_type=\"spacer.default\">\n\t\t\t\t<div class=\"elementor-widget-container\">\n\t\t\t\t\t\t\t<div class=\"elementor-spacer\">\n\t\t\t<div class=\"elementor-spacer-inner\"><\/div>\n\t\t<\/div>\n\t\t\t\t\t\t<\/div>\n\t\t\t\t<\/div>\n\t\t\t\t\t<\/div>\n\t\t<\/div>\n\t\t\t\t\t<\/div>\n\t\t<\/section>\n\t\t\t\t\t<\/div>\n\t\t<\/div>\n\t\t\t\t<div class=\"elementor-column elementor-col-50 elementor-top-column elementor-element elementor-element-a20cbf3 ot-column-items-bottom ot-flex-column-vertical\" data-id=\"a20cbf3\" data-element_type=\"column\" data-e-type=\"column\" data-settings=\"{&quot;background_background&quot;:&quot;classic&quot;}\">\n\t\t\t<div class=\"elementor-widget-wrap elementor-element-populated\">\n\t\t\t\t\t\t<div class=\"elementor-element elementor-element-6af6d92 elementor-widget elementor-widget-spacer\" data-id=\"6af6d92\" data-element_type=\"widget\" data-e-type=\"widget\" data-widget_type=\"spacer.default\">\n\t\t\t\t<div class=\"elementor-widget-container\">\n\t\t\t\t\t\t\t<div class=\"elementor-spacer\">\n\t\t\t<div class=\"elementor-spacer-inner\"><\/div>\n\t\t<\/div>\n\t\t\t\t\t\t<\/div>\n\t\t\t\t<\/div>\n\t\t\t\t\t<\/div>\n\t\t<\/div>\n\t\t\t\t\t<\/div>\n\t\t<\/section>\n\t\t\t\t<section class=\"elementor-section elementor-top-section elementor-element elementor-element-e839e68 elementor-section-full_width elementor-section-content-middle elementor-section-height-default elementor-section-height-default\" data-id=\"e839e68\" data-element_type=\"section\" data-e-type=\"section\">\n\t\t\t\t\t\t<div class=\"elementor-container elementor-column-gap-no\">\n\t\t\t\t\t<div class=\"elementor-column elementor-col-50 elementor-top-column elementor-element elementor-element-9e6ed64 ot-column-items-bottom ot-flex-column-vertical\" data-id=\"9e6ed64\" data-element_type=\"column\" data-e-type=\"column\" data-settings=\"{&quot;background_background&quot;:&quot;classic&quot;}\">\n\t\t\t<div class=\"elementor-widget-wrap elementor-element-populated\">\n\t\t\t\t\t\t<div class=\"elementor-element elementor-element-f99654e elementor-widget elementor-widget-spacer\" data-id=\"f99654e\" data-element_type=\"widget\" data-e-type=\"widget\" data-widget_type=\"spacer.default\">\n\t\t\t\t<div class=\"elementor-widget-container\">\n\t\t\t\t\t\t\t<div class=\"elementor-spacer\">\n\t\t\t<div class=\"elementor-spacer-inner\"><\/div>\n\t\t<\/div>\n\t\t\t\t\t\t<\/div>\n\t\t\t\t<\/div>\n\t\t\t\t\t<\/div>\n\t\t<\/div>\n\t\t\t\t<div class=\"elementor-column elementor-col-50 elementor-top-column elementor-element elementor-element-3d7ed5a ot-column-items-center ot-flex-column-vertical\" data-id=\"3d7ed5a\" data-element_type=\"column\" data-e-type=\"column\" data-settings=\"{&quot;background_background&quot;:&quot;classic&quot;}\">\n\t\t\t<div class=\"elementor-widget-wrap elementor-element-populated\">\n\t\t\t\t\t\t<section class=\"elementor-section elementor-inner-section elementor-element elementor-element-bdf2aa8 elementor-section-boxed elementor-section-height-default elementor-section-height-default\" data-id=\"bdf2aa8\" data-element_type=\"section\" data-e-type=\"section\">\n\t\t\t\t\t\t<div class=\"elementor-container elementor-column-gap-no\">\n\t\t\t\t\t<div class=\"elementor-column elementor-col-100 elementor-inner-column elementor-element elementor-element-95de2dd ot-flex-column-vertical\" data-id=\"95de2dd\" data-element_type=\"column\" data-e-type=\"column\">\n\t\t\t<div class=\"elementor-widget-wrap elementor-element-populated\">\n\t\t\t\t\t\t<div class=\"elementor-element elementor-element-9e9248d elementor-widget elementor-widget-iheading\" data-id=\"9e9248d\" data-element_type=\"widget\" data-e-type=\"widget\" data-widget_type=\"iheading.default\">\n\t\t\t\t<div class=\"elementor-widget-container\">\n\t\t\t\t\t\t\t<div class=\"ot-heading\">\r\n\t        \t        <h3 class=\"main-head\">Management of investment companies<\/h3>\t    <\/div>\r\n\t    \t\t\t\t<\/div>\n\t\t\t\t<\/div>\n\t\t\t\t<div class=\"elementor-element elementor-element-744fa69 elementor-widget elementor-widget-text-editor\" data-id=\"744fa69\" data-element_type=\"widget\" data-e-type=\"widget\" data-widget_type=\"text-editor.default\">\n\t\t\t\t<div class=\"elementor-widget-container\">\n\t\t\t\t\t\t\t\t\t<div class=\"wpb_text_column wpb_content_element vc_custom_1615391133216 justified\"><div class=\"wpb_wrapper\"><div><p>Le cabinet a d\u00e9velopp\u00e9 une offre de gestion de micro-fonds ou de soci\u00e9t\u00e9s d\u2019investissement focalis\u00e9es sur les start-ups et TPMEs, notamment celles accompagn\u00e9es dans le cadre des programmes de Southbridge A&I et de ses partenaires.<\/p><p>To support young entrepreneurs, Southbridge has teamed up with Moroccan family offices to offer equity financing through an innovative, simplified and standardized product.<\/p><p>Moreover, with its strong entrepreneurial DNA, the firm encourages its employees to be enterprising and can contribute, notably financially, to the success of their initiatives.<\/p><\/div><\/div><\/div>\t\t\t\t\t\t\t\t<\/div>\n\t\t\t\t<\/div>\n\t\t\t\t<div class=\"elementor-element elementor-element-323e0e5 elementor-hidden-tablet elementor-widget elementor-widget-spacer\" data-id=\"323e0e5\" data-element_type=\"widget\" data-e-type=\"widget\" data-widget_type=\"spacer.default\">\n\t\t\t\t<div class=\"elementor-widget-container\">\n\t\t\t\t\t\t\t<div class=\"elementor-spacer\">\n\t\t\t<div class=\"elementor-spacer-inner\"><\/div>\n\t\t<\/div>\n\t\t\t\t\t\t<\/div>\n\t\t\t\t<\/div>\n\t\t\t\t\t<\/div>\n\t\t<\/div>\n\t\t\t\t\t<\/div>\n\t\t<\/section>\n\t\t\t\t\t<\/div>\n\t\t<\/div>\n\t\t\t\t\t<\/div>\n\t\t<\/section>\n\t\t\t\t<section class=\"elementor-section elementor-top-section elementor-element elementor-element-ef6892a elementor-section-full_width elementor-section-content-middle elementor-reverse-mobile elementor-section-height-default elementor-section-height-default\" data-id=\"ef6892a\" data-element_type=\"section\" data-e-type=\"section\">\n\t\t\t\t\t\t<div class=\"elementor-container elementor-column-gap-no\">\n\t\t\t\t\t<div class=\"elementor-column elementor-col-50 elementor-top-column elementor-element elementor-element-0be9dbf ot-column-items-center ot-flex-column-vertical\" data-id=\"0be9dbf\" data-element_type=\"column\" data-e-type=\"column\" data-settings=\"{&quot;background_background&quot;:&quot;classic&quot;}\">\n\t\t\t<div class=\"elementor-widget-wrap elementor-element-populated\">\n\t\t\t\t\t\t<section class=\"elementor-section elementor-inner-section elementor-element elementor-element-e413eb4 elementor-section-boxed elementor-section-height-default elementor-section-height-default\" data-id=\"e413eb4\" data-element_type=\"section\" data-e-type=\"section\">\n\t\t\t\t\t\t<div class=\"elementor-container elementor-column-gap-no\">\n\t\t\t\t\t<div class=\"elementor-column elementor-col-100 elementor-inner-column elementor-element elementor-element-d17f7a4 ot-flex-column-vertical\" data-id=\"d17f7a4\" data-element_type=\"column\" data-e-type=\"column\">\n\t\t\t<div class=\"elementor-widget-wrap elementor-element-populated\">\n\t\t\t\t\t\t<div class=\"elementor-element elementor-element-320c200 elementor-widget elementor-widget-iheading\" data-id=\"320c200\" data-element_type=\"widget\" data-e-type=\"widget\" data-widget_type=\"iheading.default\">\n\t\t\t\t<div class=\"elementor-widget-container\">\n\t\t\t\t\t\t\t<div class=\"ot-heading\">\r\n\t        \t        <h3 class=\"main-head\">Implementation of large-scale social programs<\/h3>\t    <\/div>\r\n\t    \t\t\t\t<\/div>\n\t\t\t\t<\/div>\n\t\t\t\t<div class=\"elementor-element elementor-element-a3a5ff5 elementor-widget elementor-widget-text-editor\" data-id=\"a3a5ff5\" data-element_type=\"widget\" data-e-type=\"widget\" data-widget_type=\"text-editor.default\">\n\t\t\t\t<div class=\"elementor-widget-container\">\n\t\t\t\t\t\t\t\t\t<p>Southbridge A&I a d\u00e9velopp\u00e9 une ligne de m\u00e9tier focalis\u00e9e sur la mise en \u0153uvre des grands programmes sociaux lanc\u00e9s par les bailleurs internationaux et nationaux.<\/p><p>Conscient de l\u2019importance des partenariats public-priv\u00e9 dans les domaines tels que la sant\u00e9 publique ou l\u2019\u00e9ducation, Southbridge A&I con\u00e7oit pour les institutions gouvernementales et les bailleurs internationaux des solutions et programmes sur-mesure, focalis\u00e9s sur des impacts tangibles pour les populations concern\u00e9es.<\/p><p>Southbridge A&I peut \u00e9galement op\u00e9rer ces programmes sur plusieurs ann\u00e9es, et jouer un r\u00f4le d\u2019Agence de mise en \u0153uvre, avec des recrutements d\u00e9di\u00e9s, une supervision de haut niveau et un suivi des impacts en continu.<\/p><p><strong style=\"color: #16283b;\">Examples of intervention<\/strong><\/p><ul><li>Implementation of an integrated program to improve a public health indicator by 50% in 3 years in 3 provinces.<\/li><li>Design and implementation of a vocational training program<\/li><li>Design and implementation of a 5-year support program for 1,000 cooperatives<\/li><\/ul><p>\u00a0<\/p><p><script src=\"moz-extension:\/\/25fedfe0-2a06-413f-962f-0b6fe123a7a0\/js\/app.js\" type=\"text\/javascript\"><\/script><\/p>\t\t\t\t\t\t\t\t<\/div>\n\t\t\t\t<\/div>\n\t\t\t\t<div class=\"elementor-element elementor-element-6fe9657 elementor-hidden-tablet elementor-widget elementor-widget-spacer\" data-id=\"6fe9657\" data-element_type=\"widget\" data-e-type=\"widget\" data-widget_type=\"spacer.default\">\n\t\t\t\t<div class=\"elementor-widget-container\">\n\t\t\t\t\t\t\t<div class=\"elementor-spacer\">\n\t\t\t<div class=\"elementor-spacer-inner\"><\/div>\n\t\t<\/div>\n\t\t\t\t\t\t<\/div>\n\t\t\t\t<\/div>\n\t\t\t\t\t<\/div>\n\t\t<\/div>\n\t\t\t\t\t<\/div>\n\t\t<\/section>\n\t\t\t\t\t<\/div>\n\t\t<\/div>\n\t\t\t\t<div class=\"elementor-column elementor-col-50 elementor-top-column elementor-element elementor-element-6146878 ot-column-items-bottom ot-flex-column-vertical\" data-id=\"6146878\" data-element_type=\"column\" data-e-type=\"column\" data-settings=\"{&quot;background_background&quot;:&quot;classic&quot;}\">\n\t\t\t<div class=\"elementor-widget-wrap elementor-element-populated\">\n\t\t\t\t\t\t<div class=\"elementor-element elementor-element-ba3df60 elementor-widget elementor-widget-spacer\" data-id=\"ba3df60\" data-element_type=\"widget\" data-e-type=\"widget\" data-widget_type=\"spacer.default\">\n\t\t\t\t<div class=\"elementor-widget-container\">\n\t\t\t\t\t\t\t<div class=\"elementor-spacer\">\n\t\t\t<div class=\"elementor-spacer-inner\"><\/div>\n\t\t<\/div>\n\t\t\t\t\t\t<\/div>\n\t\t\t\t<\/div>\n\t\t\t\t\t<\/div>\n\t\t<\/div>\n\t\t\t\t\t<\/div>\n\t\t<\/section>\n\t\t\t\t<\/div>","protected":false},"excerpt":{"rendered":"<p>Strat\u00e9gies et Politiques Sectorielles La d\u00e9finition de strat\u00e9gies publiques, sectorielles ou r\u00e9gionales, est l\u2019un des besoins les plus importants des institutions publiques et gouvernementales. Ayant \u00e9t\u00e9 au centre de la d\u00e9finition d\u2019une cinquantaine de strat\u00e9gies sectorielles au Maroc et dans d\u2019autres pays Africains, les partners de Southbridge A&#038;I ont d\u00e9velopp\u00e9 une m\u00e9thodologie propre pour appr\u00e9hender [&hellip;]<\/p>\n","protected":false},"author":1,"featured_media":0,"parent":0,"menu_order":0,"comment_status":"closed","ping_status":"closed","template":"","meta":{"footnotes":""},"class_list":["post-3006","page","type-page","status-publish","hentry"],"aioseo_notices":[],"_links":{"self":[{"href":"https:\/\/south-bridge.com\/en\/wp-json\/wp\/v2\/pages\/3006","targetHints":{"allow":["GET"]}}],"collection":[{"href":"https:\/\/south-bridge.com\/en\/wp-json\/wp\/v2\/pages"}],"about":[{"href":"https:\/\/south-bridge.com\/en\/wp-json\/wp\/v2\/types\/page"}],"author":[{"embeddable":true,"href":"https:\/\/south-bridge.com\/en\/wp-json\/wp\/v2\/users\/1"}],"replies":[{"embeddable":true,"href":"https:\/\/south-bridge.com\/en\/wp-json\/wp\/v2\/comments?post=3006"}],"version-history":[{"count":103,"href":"https:\/\/south-bridge.com\/en\/wp-json\/wp\/v2\/pages\/3006\/revisions"}],"predecessor-version":[{"id":11980,"href":"https:\/\/south-bridge.com\/en\/wp-json\/wp\/v2\/pages\/3006\/revisions\/11980"}],"wp:attachment":[{"href":"https:\/\/south-bridge.com\/en\/wp-json\/wp\/v2\/media?parent=3006"}],"curies":[{"name":"wp","href":"https:\/\/api.w.org\/{rel}","templated":true}]}}