{"id":12916,"date":"2025-01-02T09:44:39","date_gmt":"2025-01-02T08:44:39","guid":{"rendered":"https:\/\/south-bridge.com\/?page_id=12916"},"modified":"2025-01-13T18:11:12","modified_gmt":"2025-01-13T17:11:12","slug":"reda-chaibi","status":"publish","type":"page","link":"https:\/\/south-bridge.com\/en\/notre-equipe\/reda-chaibi\/","title":{"rendered":"Reda CHAIBI"},"content":{"rendered":"<div data-elementor-type=\"wp-page\" data-elementor-id=\"12916\" class=\"elementor elementor-12916\">\n\t\t\t\t\t\t<section class=\"elementor-section elementor-top-section elementor-element elementor-element-92fb1d elementor-section-boxed elementor-section-height-default elementor-section-height-default\" data-id=\"92fb1d\" data-element_type=\"section\" data-e-type=\"section\">\n\t\t\t\t\t\t<div class=\"elementor-container elementor-column-gap-wide\">\n\t\t\t\t\t<div class=\"elementor-column elementor-col-50 elementor-top-column elementor-element elementor-element-659ca2fe ot-flex-column-vertical\" data-id=\"659ca2fe\" data-element_type=\"column\" data-e-type=\"column\">\n\t\t\t<div class=\"elementor-widget-wrap elementor-element-populated\">\n\t\t\t\t\t\t<div class=\"elementor-element elementor-element-4c4a79d4 elementor-widget elementor-widget-image\" data-id=\"4c4a79d4\" data-element_type=\"widget\" data-e-type=\"widget\" data-widget_type=\"image.default\">\n\t\t\t\t<div class=\"elementor-widget-container\">\n\t\t\t\t\t\t\t\t\t\t\t\t\t\t\t<img decoding=\"async\" src=\"https:\/\/south-bridge.com\/wp-content\/uploads\/2024\/12\/Reda-CHAIBI.jpg\" title=\"Reda-CHAIBI\" alt=\"Reda-CHAIBI\" loading=\"lazy\" \/>\t\t\t\t\t\t\t\t\t\t\t\t\t\t\t<\/div>\n\t\t\t\t<\/div>\n\t\t\t\t<section class=\"elementor-section elementor-inner-section elementor-element elementor-element-748798f8 elementor-section-full_width elementor-section-height-default elementor-section-height-default\" data-id=\"748798f8\" data-element_type=\"section\" data-e-type=\"section\">\n\t\t\t\t\t\t<div class=\"elementor-container elementor-column-gap-no\">\n\t\t\t\t\t<div class=\"elementor-column elementor-col-33 elementor-inner-column elementor-element elementor-element-4e56bf02 ot-flex-column-vertical\" data-id=\"4e56bf02\" data-element_type=\"column\" data-e-type=\"column\">\n\t\t\t<div class=\"elementor-widget-wrap elementor-element-populated\">\n\t\t\t\t\t\t<div class=\"elementor-element elementor-element-7917a5d0 elementor-view-default elementor-widget elementor-widget-icon\" data-id=\"7917a5d0\" data-element_type=\"widget\" data-e-type=\"widget\" data-widget_type=\"icon.default\">\n\t\t\t\t<div class=\"elementor-widget-container\">\n\t\t\t\t\t\t\t<div class=\"elementor-icon-wrapper\">\n\t\t\t<div class=\"elementor-icon\">\n\t\t\t<i aria-hidden=\"true\" class=\"fab fa-linkedin\"><\/i>\t\t\t<\/div>\n\t\t<\/div>\n\t\t\t\t\t\t<\/div>\n\t\t\t\t<\/div>\n\t\t\t\t\t<\/div>\n\t\t<\/div>\n\t\t\t\t<div class=\"elementor-column elementor-col-33 elementor-inner-column elementor-element elementor-element-708725de ot-flex-column-vertical\" data-id=\"708725de\" data-element_type=\"column\" data-e-type=\"column\">\n\t\t\t<div class=\"elementor-widget-wrap elementor-element-populated\">\n\t\t\t\t\t\t<div class=\"elementor-element elementor-element-4111c057 elementor-view-default elementor-widget elementor-widget-icon\" data-id=\"4111c057\" data-element_type=\"widget\" data-e-type=\"widget\" data-widget_type=\"icon.default\">\n\t\t\t\t<div class=\"elementor-widget-container\">\n\t\t\t\t\t\t\t<div class=\"elementor-icon-wrapper\">\n\t\t\t<a class=\"elementor-icon\" href=\"http:\/\/reda.chaibi@south-bridge.com\">\n\t\t\t<i aria-hidden=\"true\" class=\"fas fa-envelope\"><\/i>\t\t\t<\/a>\n\t\t<\/div>\n\t\t\t\t\t\t<\/div>\n\t\t\t\t<\/div>\n\t\t\t\t\t<\/div>\n\t\t<\/div>\n\t\t\t\t<div class=\"elementor-column elementor-col-33 elementor-inner-column elementor-element elementor-element-3df03bb7 ot-flex-column-vertical\" data-id=\"3df03bb7\" data-element_type=\"column\" data-e-type=\"column\">\n\t\t\t<div class=\"elementor-widget-wrap\">\n\t\t\t\t\t\t\t<\/div>\n\t\t<\/div>\n\t\t\t\t\t<\/div>\n\t\t<\/section>\n\t\t\t\t\t<\/div>\n\t\t<\/div>\n\t\t\t\t<div class=\"elementor-column elementor-col-50 elementor-top-column elementor-element elementor-element-534eade0 ot-flex-column-vertical\" data-id=\"534eade0\" data-element_type=\"column\" data-e-type=\"column\">\n\t\t\t<div class=\"elementor-widget-wrap elementor-element-populated\">\n\t\t\t\t\t\t<div class=\"elementor-element elementor-element-60a8b2cd elementor-widget elementor-widget-iheading\" data-id=\"60a8b2cd\" data-element_type=\"widget\" data-e-type=\"widget\" data-widget_type=\"iheading.default\">\n\t\t\t\t<div class=\"elementor-widget-container\">\n\t\t\t\t\t\t\t<div class=\"ot-heading\">\r\n\t        <span class=\"\">Consultant<\/span>\t        <h2 class=\"main-head\">CHAIBI Reda<\/h2>\t    <\/div>\r\n\t    \t\t\t\t<\/div>\n\t\t\t\t<\/div>\n\t\t\t\t<div class=\"elementor-element elementor-element-2f059680 elementor-widget elementor-widget-text-editor\" data-id=\"2f059680\" data-element_type=\"widget\" data-e-type=\"widget\" data-widget_type=\"text-editor.default\">\n\t\t\t\t<div class=\"elementor-widget-container\">\n\t\t\t\t\t\t\t\t\t<p>A graduate of ESSEC, Reda began his career in consulting in Paris, where he was quickly involved in projects related to the energy, mobility, and public sectors.<\/p><p>At Southbridge, Reda primarily focuses on territorial development, actively contributing to the design and implementation of strategies aimed at promoting the economic and social development of regions. He is also engaged in social issues.<\/p><p>Outside of his professional activities, Reda nurtures a passion for history, sports, and reading\u2014interests that enrich his daily life and help him maintain a harmonious balance between his work and personal life.<\/p>\t\t\t\t\t\t\t\t<\/div>\n\t\t\t\t<\/div>\n\t\t\t\t\t<\/div>\n\t\t<\/div>\n\t\t\t\t\t<\/div>\n\t\t<\/section>\n\t\t\t\t<\/div>","protected":false},"excerpt":{"rendered":"<p>Consultant CHAIBI Reda Dipl\u00f4m\u00e9 de l&rsquo;ESSEC, Reda a d\u00e9but\u00e9 sa carri\u00e8re dans le conseil \u00e0 Paris, o\u00f9 il a rapidement \u00e9t\u00e9 impliqu\u00e9 dans des projets li\u00e9s aux secteurs de l&rsquo;\u00e9nergie, de la mobilit\u00e9 et du secteur public. Au sein de Southbridge, Reda se concentre principalement sur le d\u00e9veloppement territorial, en participant activement \u00e0 l&rsquo;\u00e9laboration et [&hellip;]<\/p>\n","protected":false},"author":2,"featured_media":0,"parent":3148,"menu_order":0,"comment_status":"closed","ping_status":"closed","template":"","meta":{"footnotes":""},"class_list":["post-12916","page","type-page","status-publish","hentry"],"aioseo_notices":[],"_links":{"self":[{"href":"https:\/\/south-bridge.com\/en\/wp-json\/wp\/v2\/pages\/12916","targetHints":{"allow":["GET"]}}],"collection":[{"href":"https:\/\/south-bridge.com\/en\/wp-json\/wp\/v2\/pages"}],"about":[{"href":"https:\/\/south-bridge.com\/en\/wp-json\/wp\/v2\/types\/page"}],"author":[{"embeddable":true,"href":"https:\/\/south-bridge.com\/en\/wp-json\/wp\/v2\/users\/2"}],"replies":[{"embeddable":true,"href":"https:\/\/south-bridge.com\/en\/wp-json\/wp\/v2\/comments?post=12916"}],"version-history":[{"count":10,"href":"https:\/\/south-bridge.com\/en\/wp-json\/wp\/v2\/pages\/12916\/revisions"}],"predecessor-version":[{"id":13112,"href":"https:\/\/south-bridge.com\/en\/wp-json\/wp\/v2\/pages\/12916\/revisions\/13112"}],"up":[{"embeddable":true,"href":"https:\/\/south-bridge.com\/en\/wp-json\/wp\/v2\/pages\/3148"}],"wp:attachment":[{"href":"https:\/\/south-bridge.com\/en\/wp-json\/wp\/v2\/media?parent=12916"}],"curies":[{"name":"wp","href":"https:\/\/api.w.org\/{rel}","templated":true}]}}