{"id":12882,"date":"2024-12-26T09:42:34","date_gmt":"2024-12-26T08:42:34","guid":{"rendered":"https:\/\/south-bridge.com\/?page_id=12882"},"modified":"2026-01-28T16:42:00","modified_gmt":"2026-01-28T15:42:00","slug":"marc-diverres-2","status":"publish","type":"page","link":"https:\/\/south-bridge.com\/en\/notre-equipe\/marc-diverres-2\/","title":{"rendered":"DIVERRES Marc"},"content":{"rendered":"<div data-elementor-type=\"wp-page\" data-elementor-id=\"12882\" class=\"elementor elementor-12882\">\n\t\t\t\t\t\t<section class=\"elementor-section elementor-top-section elementor-element elementor-element-92fb1d elementor-section-boxed elementor-section-height-default elementor-section-height-default\" data-id=\"92fb1d\" data-element_type=\"section\" data-e-type=\"section\">\n\t\t\t\t\t\t<div class=\"elementor-container elementor-column-gap-wide\">\n\t\t\t\t\t<div class=\"elementor-column elementor-col-50 elementor-top-column elementor-element elementor-element-659ca2fe ot-flex-column-vertical\" data-id=\"659ca2fe\" data-element_type=\"column\" data-e-type=\"column\">\n\t\t\t<div class=\"elementor-widget-wrap elementor-element-populated\">\n\t\t\t\t\t\t<div class=\"elementor-element elementor-element-4c4a79d4 elementor-widget elementor-widget-image\" data-id=\"4c4a79d4\" data-element_type=\"widget\" data-e-type=\"widget\" data-widget_type=\"image.default\">\n\t\t\t\t<div class=\"elementor-widget-container\">\n\t\t\t\t\t\t\t\t\t\t\t\t\t\t\t<img decoding=\"async\" src=\"https:\/\/south-bridge.com\/wp-content\/uploads\/2024\/12\/Marc-Diverres.jpg\" title=\"Marc-Diverres\" alt=\"Marc Diverres\" loading=\"lazy\" \/>\t\t\t\t\t\t\t\t\t\t\t\t\t\t\t<\/div>\n\t\t\t\t<\/div>\n\t\t\t\t<section class=\"elementor-section elementor-inner-section elementor-element elementor-element-748798f8 elementor-section-full_width elementor-section-height-default elementor-section-height-default\" data-id=\"748798f8\" data-element_type=\"section\" data-e-type=\"section\">\n\t\t\t\t\t\t<div class=\"elementor-container elementor-column-gap-no\">\n\t\t\t\t\t<div class=\"elementor-column elementor-col-33 elementor-inner-column elementor-element elementor-element-4e56bf02 ot-flex-column-vertical\" data-id=\"4e56bf02\" data-element_type=\"column\" data-e-type=\"column\">\n\t\t\t<div class=\"elementor-widget-wrap elementor-element-populated\">\n\t\t\t\t\t\t<div class=\"elementor-element elementor-element-7917a5d0 elementor-view-default elementor-widget elementor-widget-icon\" data-id=\"7917a5d0\" data-element_type=\"widget\" data-e-type=\"widget\" data-widget_type=\"icon.default\">\n\t\t\t\t<div class=\"elementor-widget-container\">\n\t\t\t\t\t\t\t<div class=\"elementor-icon-wrapper\">\n\t\t\t<div class=\"elementor-icon\">\n\t\t\t<i aria-hidden=\"true\" class=\"fab fa-linkedin\"><\/i>\t\t\t<\/div>\n\t\t<\/div>\n\t\t\t\t\t\t<\/div>\n\t\t\t\t<\/div>\n\t\t\t\t\t<\/div>\n\t\t<\/div>\n\t\t\t\t<div class=\"elementor-column elementor-col-33 elementor-inner-column elementor-element elementor-element-708725de ot-flex-column-vertical\" data-id=\"708725de\" data-element_type=\"column\" data-e-type=\"column\">\n\t\t\t<div class=\"elementor-widget-wrap elementor-element-populated\">\n\t\t\t\t\t\t<div class=\"elementor-element elementor-element-4111c057 elementor-view-default elementor-widget elementor-widget-icon\" data-id=\"4111c057\" data-element_type=\"widget\" data-e-type=\"widget\" data-widget_type=\"icon.default\">\n\t\t\t\t<div class=\"elementor-widget-container\">\n\t\t\t\t\t\t\t<div class=\"elementor-icon-wrapper\">\n\t\t\t<a class=\"elementor-icon\" href=\"http:\/\/marc.diverres@south-bridge.com\">\n\t\t\t<i aria-hidden=\"true\" class=\"fas fa-envelope\"><\/i>\t\t\t<\/a>\n\t\t<\/div>\n\t\t\t\t\t\t<\/div>\n\t\t\t\t<\/div>\n\t\t\t\t\t<\/div>\n\t\t<\/div>\n\t\t\t\t<div class=\"elementor-column elementor-col-33 elementor-inner-column elementor-element elementor-element-3df03bb7 ot-flex-column-vertical\" data-id=\"3df03bb7\" data-element_type=\"column\" data-e-type=\"column\">\n\t\t\t<div class=\"elementor-widget-wrap\">\n\t\t\t\t\t\t\t<\/div>\n\t\t<\/div>\n\t\t\t\t\t<\/div>\n\t\t<\/section>\n\t\t\t\t\t<\/div>\n\t\t<\/div>\n\t\t\t\t<div class=\"elementor-column elementor-col-50 elementor-top-column elementor-element elementor-element-534eade0 ot-flex-column-vertical\" data-id=\"534eade0\" data-element_type=\"column\" data-e-type=\"column\">\n\t\t\t<div class=\"elementor-widget-wrap elementor-element-populated\">\n\t\t\t\t\t\t<div class=\"elementor-element elementor-element-60a8b2cd elementor-widget elementor-widget-iheading\" data-id=\"60a8b2cd\" data-element_type=\"widget\" data-e-type=\"widget\" data-widget_type=\"iheading.default\">\n\t\t\t\t<div class=\"elementor-widget-container\">\n\t\t\t\t\t\t\t<div class=\"ot-heading\">\r\n\t        <span class=\"\">MANAGER<\/span>\t        <h2 class=\"main-head\">DIVERRES Marc <\/h2>\t    <\/div>\r\n\t    \t\t\t\t<\/div>\n\t\t\t\t<\/div>\n\t\t\t\t<div class=\"elementor-element elementor-element-2f059680 elementor-widget elementor-widget-text-editor\" data-id=\"2f059680\" data-element_type=\"widget\" data-e-type=\"widget\" data-widget_type=\"text-editor.default\">\n\t\t\t\t<div class=\"elementor-widget-container\">\n\t\t\t\t\t\t\t\t\t<p>A graduate in engineering and innovation management, Marc Diverres has worked for several years in France on major digital and organizational transformation projects across various sectors, including banking, retail, defense, and the public sector.<\/p><p>He moved to Morocco two years ago to specialize in economic and social development issues across the African continent. His experiences have led him to contribute to large-scale missions, such as the strategic alignment of regional investment centers and the framing of projects for the United Nations Development Programme.<\/p><p>His passion for surfing and boxing has taken him around the world. From the rings of Thailand and Cambodia to the beaches of Africa and the Pacific Islands, Marc has developed a strong taste for adventure and discovery.<\/p>\t\t\t\t\t\t\t\t<\/div>\n\t\t\t\t<\/div>\n\t\t\t\t\t<\/div>\n\t\t<\/div>\n\t\t\t\t\t<\/div>\n\t\t<\/section>\n\t\t\t\t<\/div>","protected":false},"excerpt":{"rendered":"<p>MANAGER DIVERRES Marc Dipl\u00f4m\u00e9 en ing\u00e9nierie et en management de l\u2019innovation, Marc Diverres est intervenu pendant plusieurs ann\u00e9es en France sur des projets majeurs de transformation digitale et organisationnelle dans divers secteurs, notamment la banque, le retail, la d\u00e9fense, et le secteur public. Il s&rsquo;est install\u00e9 au Maroc il y a deux ans afin de [&hellip;]<\/p>\n","protected":false},"author":2,"featured_media":0,"parent":3148,"menu_order":0,"comment_status":"closed","ping_status":"closed","template":"","meta":{"footnotes":""},"class_list":["post-12882","page","type-page","status-publish","hentry"],"aioseo_notices":[],"_links":{"self":[{"href":"https:\/\/south-bridge.com\/en\/wp-json\/wp\/v2\/pages\/12882","targetHints":{"allow":["GET"]}}],"collection":[{"href":"https:\/\/south-bridge.com\/en\/wp-json\/wp\/v2\/pages"}],"about":[{"href":"https:\/\/south-bridge.com\/en\/wp-json\/wp\/v2\/types\/page"}],"author":[{"embeddable":true,"href":"https:\/\/south-bridge.com\/en\/wp-json\/wp\/v2\/users\/2"}],"replies":[{"embeddable":true,"href":"https:\/\/south-bridge.com\/en\/wp-json\/wp\/v2\/comments?post=12882"}],"version-history":[{"count":14,"href":"https:\/\/south-bridge.com\/en\/wp-json\/wp\/v2\/pages\/12882\/revisions"}],"predecessor-version":[{"id":13407,"href":"https:\/\/south-bridge.com\/en\/wp-json\/wp\/v2\/pages\/12882\/revisions\/13407"}],"up":[{"embeddable":true,"href":"https:\/\/south-bridge.com\/en\/wp-json\/wp\/v2\/pages\/3148"}],"wp:attachment":[{"href":"https:\/\/south-bridge.com\/en\/wp-json\/wp\/v2\/media?parent=12882"}],"curies":[{"name":"wp","href":"https:\/\/api.w.org\/{rel}","templated":true}]}}