{"id":12864,"date":"2024-12-23T09:41:07","date_gmt":"2024-12-23T08:41:07","guid":{"rendered":"https:\/\/south-bridge.com\/?page_id=12864"},"modified":"2026-01-28T16:46:15","modified_gmt":"2026-01-28T15:46:15","slug":"chaimae-yakoubi","status":"publish","type":"page","link":"https:\/\/south-bridge.com\/en\/notre-equipe\/chaimae-yakoubi\/","title":{"rendered":"YAKOUBI Chaimae"},"content":{"rendered":"<div data-elementor-type=\"wp-page\" data-elementor-id=\"12864\" class=\"elementor elementor-12864\">\n\t\t\t\t\t\t<section class=\"elementor-section elementor-top-section elementor-element elementor-element-92fb1d elementor-section-boxed elementor-section-height-default elementor-section-height-default\" data-id=\"92fb1d\" data-element_type=\"section\" data-e-type=\"section\">\n\t\t\t\t\t\t<div class=\"elementor-container elementor-column-gap-wide\">\n\t\t\t\t\t<div class=\"elementor-column elementor-col-50 elementor-top-column elementor-element elementor-element-659ca2fe ot-flex-column-vertical\" data-id=\"659ca2fe\" data-element_type=\"column\" data-e-type=\"column\">\n\t\t\t<div class=\"elementor-widget-wrap elementor-element-populated\">\n\t\t\t\t\t\t<div class=\"elementor-element elementor-element-4c4a79d4 elementor-widget elementor-widget-image\" data-id=\"4c4a79d4\" data-element_type=\"widget\" data-e-type=\"widget\" data-widget_type=\"image.default\">\n\t\t\t\t<div class=\"elementor-widget-container\">\n\t\t\t\t\t\t\t\t\t\t\t\t\t\t\t<img decoding=\"async\" src=\"https:\/\/south-bridge.com\/wp-content\/uploads\/2024\/12\/Chaimae-Yakoubi.jpg\" title=\"Chaimae-Yakoubi\" alt=\"Chaimae Yakoubi\" loading=\"lazy\" \/>\t\t\t\t\t\t\t\t\t\t\t\t\t\t\t<\/div>\n\t\t\t\t<\/div>\n\t\t\t\t\t<\/div>\n\t\t<\/div>\n\t\t\t\t<div class=\"elementor-column elementor-col-50 elementor-top-column elementor-element elementor-element-534eade0 ot-flex-column-vertical\" data-id=\"534eade0\" data-element_type=\"column\" data-e-type=\"column\">\n\t\t\t<div class=\"elementor-widget-wrap elementor-element-populated\">\n\t\t\t\t\t\t<div class=\"elementor-element elementor-element-60a8b2cd elementor-widget elementor-widget-iheading\" data-id=\"60a8b2cd\" data-element_type=\"widget\" data-e-type=\"widget\" data-widget_type=\"iheading.default\">\n\t\t\t\t<div class=\"elementor-widget-container\">\n\t\t\t\t\t\t\t<div class=\"ot-heading\">\r\n\t        <span class=\"\">SENIOR ASSOCIATE<\/span>\t        <h2 class=\"main-head\">YAKOUBI Chaimae<\/h2>\t    <\/div>\r\n\t    \t\t\t\t<\/div>\n\t\t\t\t<\/div>\n\t\t\t\t<div class=\"elementor-element elementor-element-2f059680 elementor-widget elementor-widget-text-editor\" data-id=\"2f059680\" data-element_type=\"widget\" data-e-type=\"widget\" data-widget_type=\"text-editor.default\">\n\t\t\t\t<div class=\"elementor-widget-container\">\n\t\t\t\t\t\t\t\t\t<p>A graduate of the \u00c9cole Mohammadia d'Ing\u00e9nieurs, Chaimae began her journey at Southbridge as an intern before officially joining the team as a consultant. Curious, attentive, and driven by teamwork, she enjoys assignments that combine strategic thinking and collaboration with diverse stakeholders.<\/p><p>Drawn to the balance between the technical and the human, Chaimae finds inspiration in exploring cities, where she enjoys discovering hidden places rich in history and uniqueness. This curiosity extends into her work, allowing her to bring a fresh perspective and explore unexpected solutions.<\/p><p>During her breaks, Chaimae enjoys going hiking, where she combines her love for nature with a desire for escape. These getaways allow her to recharge while discovering inspiring landscapes. She also enjoys capturing simple and authentic everyday scenes with her camera. She likes to think that \"every experience, no matter how small, is a doorway to new discoveries.\"<\/p>\t\t\t\t\t\t\t\t<\/div>\n\t\t\t\t<\/div>\n\t\t\t\t\t<\/div>\n\t\t<\/div>\n\t\t\t\t\t<\/div>\n\t\t<\/section>\n\t\t\t\t<\/div>","protected":false},"excerpt":{"rendered":"<p>SENIOR ASSOCIATE YAKOUBI Chaimae Dipl\u00f4m\u00e9e de l\u2019\u00c9cole Mohammadia d\u2019Ing\u00e9nieurs, Chaimae a d\u00e9but\u00e9 son parcours chez Southbridge en tant que stagiaire avant de rejoindre officiellement l\u2019\u00e9quipe en tant que consultante. Curieuse, attentive et anim\u00e9e par le travail en \u00e9quipe, elle appr\u00e9cie les missions qui combinent r\u00e9flexion strat\u00e9gique et collaboration avec des acteurs aux profils vari\u00e9s. Attir\u00e9e [&hellip;]<\/p>\n","protected":false},"author":2,"featured_media":12698,"parent":3148,"menu_order":0,"comment_status":"closed","ping_status":"closed","template":"","meta":{"footnotes":""},"class_list":["post-12864","page","type-page","status-publish","has-post-thumbnail","hentry"],"aioseo_notices":[],"_links":{"self":[{"href":"https:\/\/south-bridge.com\/en\/wp-json\/wp\/v2\/pages\/12864","targetHints":{"allow":["GET"]}}],"collection":[{"href":"https:\/\/south-bridge.com\/en\/wp-json\/wp\/v2\/pages"}],"about":[{"href":"https:\/\/south-bridge.com\/en\/wp-json\/wp\/v2\/types\/page"}],"author":[{"embeddable":true,"href":"https:\/\/south-bridge.com\/en\/wp-json\/wp\/v2\/users\/2"}],"replies":[{"embeddable":true,"href":"https:\/\/south-bridge.com\/en\/wp-json\/wp\/v2\/comments?post=12864"}],"version-history":[{"count":11,"href":"https:\/\/south-bridge.com\/en\/wp-json\/wp\/v2\/pages\/12864\/revisions"}],"predecessor-version":[{"id":13428,"href":"https:\/\/south-bridge.com\/en\/wp-json\/wp\/v2\/pages\/12864\/revisions\/13428"}],"up":[{"embeddable":true,"href":"https:\/\/south-bridge.com\/en\/wp-json\/wp\/v2\/pages\/3148"}],"wp:featuredmedia":[{"embeddable":true,"href":"https:\/\/south-bridge.com\/en\/wp-json\/wp\/v2\/media\/12698"}],"wp:attachment":[{"href":"https:\/\/south-bridge.com\/en\/wp-json\/wp\/v2\/media?parent=12864"}],"curies":[{"name":"wp","href":"https:\/\/api.w.org\/{rel}","templated":true}]}}