{"id":12052,"date":"2023-05-03T11:22:50","date_gmt":"2023-05-03T09:22:50","guid":{"rendered":"https:\/\/south-bridge.com\/?page_id=12052"},"modified":"2026-01-28T16:43:23","modified_gmt":"2026-01-28T15:43:23","slug":"amine-saghir","status":"publish","type":"page","link":"https:\/\/south-bridge.com\/en\/notre-equipe\/amine-saghir\/","title":{"rendered":"SAGHIR Amine"},"content":{"rendered":"<div data-elementor-type=\"wp-page\" data-elementor-id=\"12052\" class=\"elementor elementor-12052\">\n\t\t\t\t\t\t<section class=\"elementor-section elementor-top-section elementor-element elementor-element-92fb1d elementor-section-boxed elementor-section-height-default elementor-section-height-default\" data-id=\"92fb1d\" data-element_type=\"section\" data-e-type=\"section\">\n\t\t\t\t\t\t<div class=\"elementor-container elementor-column-gap-wide\">\n\t\t\t\t\t<div class=\"elementor-column elementor-col-50 elementor-top-column elementor-element elementor-element-659ca2fe ot-flex-column-vertical\" data-id=\"659ca2fe\" data-element_type=\"column\" data-e-type=\"column\">\n\t\t\t<div class=\"elementor-widget-wrap elementor-element-populated\">\n\t\t\t\t\t\t<div class=\"elementor-element elementor-element-4c4a79d4 elementor-widget elementor-widget-image\" data-id=\"4c4a79d4\" data-element_type=\"widget\" data-e-type=\"widget\" data-widget_type=\"image.default\">\n\t\t\t\t<div class=\"elementor-widget-container\">\n\t\t\t\t\t\t\t\t\t\t\t\t\t\t\t<img decoding=\"async\" src=\"https:\/\/south-bridge.com\/wp-content\/uploads\/2023\/05\/Capture-decran-2023-05-02-111451-e1683022576167.png\" title=\"Capture d&rsquo;\u00e9cran 2023-05-02 111451\" alt=\"Capture d&#039;\u00e9cran 2023-05-02 111451\" loading=\"lazy\" \/>\t\t\t\t\t\t\t\t\t\t\t\t\t\t\t<\/div>\n\t\t\t\t<\/div>\n\t\t\t\t<section class=\"elementor-section elementor-inner-section elementor-element elementor-element-748798f8 elementor-section-full_width elementor-section-height-default elementor-section-height-default\" data-id=\"748798f8\" data-element_type=\"section\" data-e-type=\"section\">\n\t\t\t\t\t\t<div class=\"elementor-container elementor-column-gap-no\">\n\t\t\t\t\t<div class=\"elementor-column elementor-col-33 elementor-inner-column elementor-element elementor-element-4e56bf02 ot-flex-column-vertical\" data-id=\"4e56bf02\" data-element_type=\"column\" data-e-type=\"column\">\n\t\t\t<div class=\"elementor-widget-wrap elementor-element-populated\">\n\t\t\t\t\t\t<div class=\"elementor-element elementor-element-7917a5d0 elementor-view-default elementor-widget elementor-widget-icon\" data-id=\"7917a5d0\" data-element_type=\"widget\" data-e-type=\"widget\" data-widget_type=\"icon.default\">\n\t\t\t\t<div class=\"elementor-widget-container\">\n\t\t\t\t\t\t\t<div class=\"elementor-icon-wrapper\">\n\t\t\t<a class=\"elementor-icon\" href=\"https:\/\/www.linkedin.com\/in\/anas-lamhandaz-0a3678122\/\" target=\"_blank\">\n\t\t\t<i aria-hidden=\"true\" class=\"fab fa-linkedin\"><\/i>\t\t\t<\/a>\n\t\t<\/div>\n\t\t\t\t\t\t<\/div>\n\t\t\t\t<\/div>\n\t\t\t\t\t<\/div>\n\t\t<\/div>\n\t\t\t\t<div class=\"elementor-column elementor-col-33 elementor-inner-column elementor-element elementor-element-708725de ot-flex-column-vertical\" data-id=\"708725de\" data-element_type=\"column\" data-e-type=\"column\">\n\t\t\t<div class=\"elementor-widget-wrap elementor-element-populated\">\n\t\t\t\t\t\t<div class=\"elementor-element elementor-element-4111c057 elementor-view-default elementor-widget elementor-widget-icon\" data-id=\"4111c057\" data-element_type=\"widget\" data-e-type=\"widget\" data-widget_type=\"icon.default\">\n\t\t\t\t<div class=\"elementor-widget-container\">\n\t\t\t\t\t\t\t<div class=\"elementor-icon-wrapper\">\n\t\t\t<a class=\"elementor-icon\" href=\"mailto:anas.lamhandaz@south-bridge.com\">\n\t\t\t<i aria-hidden=\"true\" class=\"fas fa-envelope\"><\/i>\t\t\t<\/a>\n\t\t<\/div>\n\t\t\t\t\t\t<\/div>\n\t\t\t\t<\/div>\n\t\t\t\t\t<\/div>\n\t\t<\/div>\n\t\t\t\t<div class=\"elementor-column elementor-col-33 elementor-inner-column elementor-element elementor-element-3df03bb7 ot-flex-column-vertical\" data-id=\"3df03bb7\" data-element_type=\"column\" data-e-type=\"column\">\n\t\t\t<div class=\"elementor-widget-wrap\">\n\t\t\t\t\t\t\t<\/div>\n\t\t<\/div>\n\t\t\t\t\t<\/div>\n\t\t<\/section>\n\t\t\t\t\t<\/div>\n\t\t<\/div>\n\t\t\t\t<div class=\"elementor-column elementor-col-50 elementor-top-column elementor-element elementor-element-534eade0 ot-flex-column-vertical\" data-id=\"534eade0\" data-element_type=\"column\" data-e-type=\"column\">\n\t\t\t<div class=\"elementor-widget-wrap elementor-element-populated\">\n\t\t\t\t\t\t<div class=\"elementor-element elementor-element-60a8b2cd elementor-widget elementor-widget-iheading\" data-id=\"60a8b2cd\" data-element_type=\"widget\" data-e-type=\"widget\" data-widget_type=\"iheading.default\">\n\t\t\t\t<div class=\"elementor-widget-container\">\n\t\t\t\t\t\t\t<div class=\"ot-heading\">\r\n\t        <span class=\"\">MANAGER<\/span>\t        <h2 class=\"main-head\">SAGHIR Amine<\/h2>\t    <\/div>\r\n\t    \t\t\t\t<\/div>\n\t\t\t\t<\/div>\n\t\t\t\t<div class=\"elementor-element elementor-element-2f059680 elementor-widget elementor-widget-text-editor\" data-id=\"2f059680\" data-element_type=\"widget\" data-e-type=\"widget\" data-widget_type=\"text-editor.default\">\n\t\t\t\t<div class=\"elementor-widget-container\">\n\t\t\t\t\t\t\t\t\t<div><div><div><div><div><div><div><p>Amine, an Industrial Engineering graduate from \u00c9cole Centrale Paris, holds a BSc in Mechanical Engineering and an MSc in Management, Technology, and Entrepreneurship from EPFL. He has several experiences across different sectors and roles.<\/p><p>Amine worked in the luxury industry as a Supply Chain Analyst at Givenchy in Paris. He then joined the strategic consulting firm Valyans Consulting, where he contributed to the development of sectoral strategies for a public actor. After that, he joined Philip Morris International in Lausanne within their internal strategy department, where he participated in shaping the group's industrial strategy.<\/p><p>Passionate about photography, travel, and food, Amine is the perfect companion for a culinary outing or a photo shoot.<\/p><\/div><\/div><\/div><\/div><\/div><\/div><\/div>\t\t\t\t\t\t\t\t<\/div>\n\t\t\t\t<\/div>\n\t\t\t\t\t<\/div>\n\t\t<\/div>\n\t\t\t\t\t<\/div>\n\t\t<\/section>\n\t\t\t\t<\/div>","protected":false},"excerpt":{"rendered":"<p>MANAGER SAGHIR Amine Ing\u00e9nieur en G\u00e9nie Industriel dipl\u00f4m\u00e9 de l\u2019Ecole Centrale Paris, d\u2019un Bsc en G\u00e9nie M\u00e9canique et d\u2019un Msc en Management, Technologie et Entreprenariat de l\u2019EPFL, Amine justifie de plusieurs exp\u00e9riences dans diff\u00e9rents secteurs et fonctions. Amine a travaill\u00e9 dans le domaine du luxe, en tant que Supply Chain analyste chez Givenchy \u00e0 Paris, [&hellip;]<\/p>\n","protected":false},"author":1,"featured_media":0,"parent":3148,"menu_order":0,"comment_status":"closed","ping_status":"closed","template":"","meta":{"footnotes":""},"class_list":["post-12052","page","type-page","status-publish","hentry"],"aioseo_notices":[],"_links":{"self":[{"href":"https:\/\/south-bridge.com\/en\/wp-json\/wp\/v2\/pages\/12052","targetHints":{"allow":["GET"]}}],"collection":[{"href":"https:\/\/south-bridge.com\/en\/wp-json\/wp\/v2\/pages"}],"about":[{"href":"https:\/\/south-bridge.com\/en\/wp-json\/wp\/v2\/types\/page"}],"author":[{"embeddable":true,"href":"https:\/\/south-bridge.com\/en\/wp-json\/wp\/v2\/users\/1"}],"replies":[{"embeddable":true,"href":"https:\/\/south-bridge.com\/en\/wp-json\/wp\/v2\/comments?post=12052"}],"version-history":[{"count":19,"href":"https:\/\/south-bridge.com\/en\/wp-json\/wp\/v2\/pages\/12052\/revisions"}],"predecessor-version":[{"id":13413,"href":"https:\/\/south-bridge.com\/en\/wp-json\/wp\/v2\/pages\/12052\/revisions\/13413"}],"up":[{"embeddable":true,"href":"https:\/\/south-bridge.com\/en\/wp-json\/wp\/v2\/pages\/3148"}],"wp:attachment":[{"href":"https:\/\/south-bridge.com\/en\/wp-json\/wp\/v2\/media?parent=12052"}],"curies":[{"name":"wp","href":"https:\/\/api.w.org\/{rel}","templated":true}]}}