{"id":11558,"date":"2023-04-03T12:21:56","date_gmt":"2023-04-03T10:21:56","guid":{"rendered":"https:\/\/south-bridge.com\/new\/?page_id=11558"},"modified":"2026-01-28T16:44:00","modified_gmt":"2026-01-28T15:44:00","slug":"chaimae-larhmaid","status":"publish","type":"page","link":"https:\/\/south-bridge.com\/en\/notre-equipe\/chaimae-larhmaid\/","title":{"rendered":"Chaimae LARHMAID"},"content":{"rendered":"<div data-elementor-type=\"wp-page\" data-elementor-id=\"11558\" class=\"elementor elementor-11558\">\n\t\t\t\t\t\t<section class=\"elementor-section elementor-top-section elementor-element elementor-element-f31b858 elementor-section-boxed elementor-section-height-default elementor-section-height-default\" data-id=\"f31b858\" data-element_type=\"section\" data-e-type=\"section\">\n\t\t\t\t\t\t<div class=\"elementor-container elementor-column-gap-wide\">\n\t\t\t\t\t<div class=\"elementor-column elementor-col-50 elementor-top-column elementor-element elementor-element-c794737 ot-flex-column-vertical\" data-id=\"c794737\" data-element_type=\"column\" data-e-type=\"column\">\n\t\t\t<div class=\"elementor-widget-wrap elementor-element-populated\">\n\t\t\t\t\t\t<div class=\"elementor-element elementor-element-3c69b18 elementor-widget elementor-widget-image\" data-id=\"3c69b18\" data-element_type=\"widget\" data-e-type=\"widget\" data-widget_type=\"image.default\">\n\t\t\t\t<div class=\"elementor-widget-container\">\n\t\t\t\t\t\t\t\t\t\t\t\t\t\t\t<img decoding=\"async\" src=\"https:\/\/south-bridge.com\/wp-content\/uploads\/2023\/03\/chaimae-1-e1679478681931.png\" title=\"chaimae 1\" alt=\"chaimae 1\" loading=\"lazy\" \/>\t\t\t\t\t\t\t\t\t\t\t\t\t\t\t<\/div>\n\t\t\t\t<\/div>\n\t\t\t\t<section class=\"elementor-section elementor-inner-section elementor-element elementor-element-983ee34 elementor-section-full_width elementor-section-height-default elementor-section-height-default\" data-id=\"983ee34\" data-element_type=\"section\" data-e-type=\"section\">\n\t\t\t\t\t\t<div class=\"elementor-container elementor-column-gap-no\">\n\t\t\t\t\t<div class=\"elementor-column elementor-col-33 elementor-inner-column elementor-element elementor-element-3d77923 ot-flex-column-vertical\" data-id=\"3d77923\" data-element_type=\"column\" data-e-type=\"column\">\n\t\t\t<div class=\"elementor-widget-wrap elementor-element-populated\">\n\t\t\t\t\t\t<div class=\"elementor-element elementor-element-6050d81 elementor-view-default elementor-widget elementor-widget-icon\" data-id=\"6050d81\" data-element_type=\"widget\" data-e-type=\"widget\" data-widget_type=\"icon.default\">\n\t\t\t\t<div class=\"elementor-widget-container\">\n\t\t\t\t\t\t\t<div class=\"elementor-icon-wrapper\">\n\t\t\t<a class=\"elementor-icon\" href=\"https:\/\/www.linkedin.com\/in\/chaimae-larhmaid-b0722b190\/\" target=\"_blank\">\n\t\t\t<i aria-hidden=\"true\" class=\"fab fa-linkedin\"><\/i>\t\t\t<\/a>\n\t\t<\/div>\n\t\t\t\t\t\t<\/div>\n\t\t\t\t<\/div>\n\t\t\t\t\t<\/div>\n\t\t<\/div>\n\t\t\t\t<div class=\"elementor-column elementor-col-33 elementor-inner-column elementor-element elementor-element-a8fecd7 ot-flex-column-vertical\" data-id=\"a8fecd7\" data-element_type=\"column\" data-e-type=\"column\">\n\t\t\t<div class=\"elementor-widget-wrap elementor-element-populated\">\n\t\t\t\t\t\t<div class=\"elementor-element elementor-element-e9157d6 elementor-view-default elementor-widget elementor-widget-icon\" data-id=\"e9157d6\" data-element_type=\"widget\" data-e-type=\"widget\" data-widget_type=\"icon.default\">\n\t\t\t\t<div class=\"elementor-widget-container\">\n\t\t\t\t\t\t\t<div class=\"elementor-icon-wrapper\">\n\t\t\t<a class=\"elementor-icon\" href=\"mailto:chaimae.larhmaid@south-bridge.com\">\n\t\t\t<i aria-hidden=\"true\" class=\"fas fa-envelope\"><\/i>\t\t\t<\/a>\n\t\t<\/div>\n\t\t\t\t\t\t<\/div>\n\t\t\t\t<\/div>\n\t\t\t\t\t<\/div>\n\t\t<\/div>\n\t\t\t\t<div class=\"elementor-column elementor-col-33 elementor-inner-column elementor-element elementor-element-6883ab7 ot-flex-column-vertical\" data-id=\"6883ab7\" data-element_type=\"column\" data-e-type=\"column\">\n\t\t\t<div class=\"elementor-widget-wrap\">\n\t\t\t\t\t\t\t<\/div>\n\t\t<\/div>\n\t\t\t\t\t<\/div>\n\t\t<\/section>\n\t\t\t\t\t<\/div>\n\t\t<\/div>\n\t\t\t\t<div class=\"elementor-column elementor-col-50 elementor-top-column elementor-element elementor-element-0b1c4b3 ot-flex-column-vertical\" data-id=\"0b1c4b3\" data-element_type=\"column\" data-e-type=\"column\">\n\t\t\t<div class=\"elementor-widget-wrap elementor-element-populated\">\n\t\t\t\t\t\t<div class=\"elementor-element elementor-element-841e06b elementor-widget elementor-widget-iheading\" data-id=\"841e06b\" data-element_type=\"widget\" data-e-type=\"widget\" data-widget_type=\"iheading.default\">\n\t\t\t\t<div class=\"elementor-widget-container\">\n\t\t\t\t\t\t\t<div class=\"ot-heading\">\r\n\t        <span class=\"\">SENIOR CONSULTANTE<\/span>\t        <h2 class=\"main-head\">LARHMAID Chaimae <\/h2>\t    <\/div>\r\n\t    \t\t\t\t<\/div>\n\t\t\t\t<\/div>\n\t\t\t\t<div class=\"elementor-element elementor-element-bb4f4ed elementor-widget elementor-widget-text-editor\" data-id=\"bb4f4ed\" data-element_type=\"widget\" data-e-type=\"widget\" data-widget_type=\"text-editor.default\">\n\t\t\t\t<div class=\"elementor-widget-container\">\n\t\t\t\t\t\t\t\t\t<div>\n<div>\n<div>\n<div>\n<div>\n<div>\n<div>\n<p>A graduate of the \u00c9cole Mohammadia d'Ing\u00e9nieurs, Chaimae joined Southbridge initially as an intern and later as a consultant.<\/p>\n<p>After graduating, Chaimae immediately joined Southbridge due to her passion for strategic consulting. She has worked on key territorial and sectoral development projects and aims to continue her career in this field.&nbsp;<\/p>\n<p>Chaimae also continues her love for art and theater, finding ways to incorporate this creative spirit into both her professional and personal life.<\/p>\n<p>Chaimae believes that \"life is an eternal learning journey,\" always striving to step out of her comfort zone and explore new horizons.<\/p>\n<\/div>\n<\/div>\n<\/div>\n<\/div>\n<\/div>\n<\/div>\n<\/div>\t\t\t\t\t\t\t\t<\/div>\n\t\t\t\t<\/div>\n\t\t\t\t\t<\/div>\n\t\t<\/div>\n\t\t\t\t\t<\/div>\n\t\t<\/section>\n\t\t\t\t<\/div>","protected":false},"excerpt":{"rendered":"<p>SENIOR CONSULTANTE LARHMAID Chaimae Dipl\u00f4m\u00e9e de l\u2019Ecole Mohammadia d\u2019Ing\u00e9nieurs, Chaimae a rejoint Southbridge d\u2019abord en tant que stagiaire et ensuite en tant que consultante. Apr\u00e8s avoir obtenu son dipl\u00f4me, Chaimae a directement rejoint Southbridge pour sa passion pour le conseil en strat\u00e9gie. Elle a travaill\u00e9 sur des projets cl\u00e9s de d\u00e9veloppement territorial et sectoriel, et [&hellip;]<\/p>\n","protected":false},"author":1,"featured_media":0,"parent":3148,"menu_order":0,"comment_status":"closed","ping_status":"closed","template":"","meta":{"footnotes":""},"class_list":["post-11558","page","type-page","status-publish","hentry"],"aioseo_notices":[],"_links":{"self":[{"href":"https:\/\/south-bridge.com\/en\/wp-json\/wp\/v2\/pages\/11558","targetHints":{"allow":["GET"]}}],"collection":[{"href":"https:\/\/south-bridge.com\/en\/wp-json\/wp\/v2\/pages"}],"about":[{"href":"https:\/\/south-bridge.com\/en\/wp-json\/wp\/v2\/types\/page"}],"author":[{"embeddable":true,"href":"https:\/\/south-bridge.com\/en\/wp-json\/wp\/v2\/users\/1"}],"replies":[{"embeddable":true,"href":"https:\/\/south-bridge.com\/en\/wp-json\/wp\/v2\/comments?post=11558"}],"version-history":[{"count":30,"href":"https:\/\/south-bridge.com\/en\/wp-json\/wp\/v2\/pages\/11558\/revisions"}],"predecessor-version":[{"id":13416,"href":"https:\/\/south-bridge.com\/en\/wp-json\/wp\/v2\/pages\/11558\/revisions\/13416"}],"up":[{"embeddable":true,"href":"https:\/\/south-bridge.com\/en\/wp-json\/wp\/v2\/pages\/3148"}],"wp:attachment":[{"href":"https:\/\/south-bridge.com\/en\/wp-json\/wp\/v2\/media?parent=11558"}],"curies":[{"name":"wp","href":"https:\/\/api.w.org\/{rel}","templated":true}]}}