{"id":11530,"date":"2023-04-06T16:33:17","date_gmt":"2023-04-06T14:33:17","guid":{"rendered":"https:\/\/south-bridge.com\/new\/?page_id=11530"},"modified":"2025-01-16T12:22:42","modified_gmt":"2025-01-16T11:22:42","slug":"ayoub-oulhaj-2","status":"publish","type":"page","link":"https:\/\/south-bridge.com\/en\/notre-equipe\/ayoub-oulhaj-2\/","title":{"rendered":"OULHAJ Ayoub"},"content":{"rendered":"<div data-elementor-type=\"wp-page\" data-elementor-id=\"11530\" class=\"elementor elementor-11530\">\n\t\t\t\t\t\t<section class=\"elementor-section elementor-top-section elementor-element elementor-element-f31b858 elementor-section-boxed elementor-section-height-default elementor-section-height-default\" data-id=\"f31b858\" data-element_type=\"section\" data-e-type=\"section\">\n\t\t\t\t\t\t<div class=\"elementor-container elementor-column-gap-wide\">\n\t\t\t\t\t<div class=\"elementor-column elementor-col-50 elementor-top-column elementor-element elementor-element-c794737 ot-flex-column-vertical\" data-id=\"c794737\" data-element_type=\"column\" data-e-type=\"column\">\n\t\t\t<div class=\"elementor-widget-wrap elementor-element-populated\">\n\t\t\t\t\t\t<div class=\"elementor-element elementor-element-3c69b18 elementor-widget elementor-widget-image\" data-id=\"3c69b18\" data-element_type=\"widget\" data-e-type=\"widget\" data-widget_type=\"image.default\">\n\t\t\t\t<div class=\"elementor-widget-container\">\n\t\t\t\t\t\t\t\t\t\t\t\t\t\t\t<img decoding=\"async\" src=\"https:\/\/south-bridge.com\/wp-content\/uploads\/2024\/05\/Ayoub-Oulhaj-e1715955811845.jpg\" title=\"Ayoub Oulhaj\" alt=\"Ayoub Oulhaj\" loading=\"lazy\" \/>\t\t\t\t\t\t\t\t\t\t\t\t\t\t\t<\/div>\n\t\t\t\t<\/div>\n\t\t\t\t\t<\/div>\n\t\t<\/div>\n\t\t\t\t<div class=\"elementor-column elementor-col-50 elementor-top-column elementor-element elementor-element-0b1c4b3 ot-flex-column-vertical\" data-id=\"0b1c4b3\" data-element_type=\"column\" data-e-type=\"column\">\n\t\t\t<div class=\"elementor-widget-wrap elementor-element-populated\">\n\t\t\t\t\t\t<div class=\"elementor-element elementor-element-841e06b elementor-widget elementor-widget-iheading\" data-id=\"841e06b\" data-element_type=\"widget\" data-e-type=\"widget\" data-widget_type=\"iheading.default\">\n\t\t\t\t<div class=\"elementor-widget-container\">\n\t\t\t\t\t\t\t<div class=\"ot-heading\">\r\n\t        <span class=\"\">Consultant<\/span>\t        <h2 class=\"main-head\">OULHAJ Ayoub<\/h2>\t    <\/div>\r\n\t    \t\t\t\t<\/div>\n\t\t\t\t<\/div>\n\t\t\t\t<div class=\"elementor-element elementor-element-bb4f4ed elementor-widget elementor-widget-text-editor\" data-id=\"bb4f4ed\" data-element_type=\"widget\" data-e-type=\"widget\" data-widget_type=\"text-editor.default\">\n\t\t\t\t<div class=\"elementor-widget-container\">\n\t\t\t\t\t\t\t\t\t<div class=\"portfolio__content\"><div class=\"vc_row wpb_row vc_row-fluid\"><div class=\"wpb_column vc_column_container vc_col-sm-12\"><div class=\"vc_column-inner\"><div class=\"wpb_wrapper\"><div class=\"wpb_text_column wpb_content_element\"><div class=\"wpb_wrapper\"><p>Ayoub, a graduate in engineering from \u00c9cole Centrale Casablanca and trained at ESSEC Business School, has a diverse experience across multiple sectors and roles.<\/p><p>Before joining Southbridge A&amp;I, Ayoub enriched his professional journey at McKinsey &amp; Company, working on various projects across the financial, banking, insurance, telecommunications, and NGO sectors. He also held the position of PMO at BMCI and gained valuable experience at Procter &amp; Gamble, Metro, and PepsiCo.<\/p><p>Passionate about chess and padel, he finds balance in mountaineering, an activity that reflects his constant pursuit of challenges and his desire for continuous learning.<script src=\"moz-extension:\/\/25fedfe0-2a06-413f-962f-0b6fe123a7a0\/js\/app.js\" type=\"text\/javascript\"><\/script><\/p><\/div><\/div><\/div><\/div><\/div><\/div><\/div>\t\t\t\t\t\t\t\t<\/div>\n\t\t\t\t<\/div>\n\t\t\t\t\t<\/div>\n\t\t<\/div>\n\t\t\t\t\t<\/div>\n\t\t<\/section>\n\t\t\t\t<\/div>","protected":false},"excerpt":{"rendered":"<p>Consultant OULHAJ Ayoub Ayoub, dipl\u00f4m\u00e9 en ing\u00e9nierie de l&rsquo;\u00c9cole Centrale de Casablanca et form\u00e9 \u00e0 l&rsquo;ESSEC Business School, poss\u00e8de une exp\u00e9rience diversifi\u00e9e dans plusieurs secteurs et fonctions. Avant de rejoindre Southbridge A&amp;I, il a enrichi son parcours professionnel chez McKinsey &amp; Company, travaillant sur des projets vari\u00e9s dans les secteurs financier, bancaire, assurantiel, des t\u00e9l\u00e9communications [&hellip;]<\/p>\n","protected":false},"author":1,"featured_media":12744,"parent":3148,"menu_order":0,"comment_status":"closed","ping_status":"closed","template":"","meta":{"footnotes":""},"class_list":["post-11530","page","type-page","status-publish","has-post-thumbnail","hentry"],"aioseo_notices":[],"_links":{"self":[{"href":"https:\/\/south-bridge.com\/en\/wp-json\/wp\/v2\/pages\/11530","targetHints":{"allow":["GET"]}}],"collection":[{"href":"https:\/\/south-bridge.com\/en\/wp-json\/wp\/v2\/pages"}],"about":[{"href":"https:\/\/south-bridge.com\/en\/wp-json\/wp\/v2\/types\/page"}],"author":[{"embeddable":true,"href":"https:\/\/south-bridge.com\/en\/wp-json\/wp\/v2\/users\/1"}],"replies":[{"embeddable":true,"href":"https:\/\/south-bridge.com\/en\/wp-json\/wp\/v2\/comments?post=11530"}],"version-history":[{"count":11,"href":"https:\/\/south-bridge.com\/en\/wp-json\/wp\/v2\/pages\/11530\/revisions"}],"predecessor-version":[{"id":13226,"href":"https:\/\/south-bridge.com\/en\/wp-json\/wp\/v2\/pages\/11530\/revisions\/13226"}],"up":[{"embeddable":true,"href":"https:\/\/south-bridge.com\/en\/wp-json\/wp\/v2\/pages\/3148"}],"wp:featuredmedia":[{"embeddable":true,"href":"https:\/\/south-bridge.com\/en\/wp-json\/wp\/v2\/media\/12744"}],"wp:attachment":[{"href":"https:\/\/south-bridge.com\/en\/wp-json\/wp\/v2\/media?parent=11530"}],"curies":[{"name":"wp","href":"https:\/\/api.w.org\/{rel}","templated":true}]}}