{"id":3381,"date":"2023-03-04T11:17:42","date_gmt":"2023-03-04T10:17:42","guid":{"rendered":"https:\/\/south-bridge.com\/new\/?page_id=3381"},"modified":"2023-07-12T16:33:34","modified_gmt":"2023-07-12T14:33:34","slug":"omary-imane-south-bridge","status":"publish","type":"page","link":"https:\/\/south-bridge.com\/ar\/notre-equipe\/omary-imane-south-bridge\/","title":{"rendered":"\u0625\u064a\u0645\u0627\u0646 \u0639\u0645\u0631\u064a"},"content":{"rendered":"<div data-elementor-type=\"wp-page\" data-elementor-id=\"3381\" class=\"elementor elementor-3381\">\n\t\t\t\t\t\t<section class=\"elementor-section elementor-top-section elementor-element elementor-element-f31b858 elementor-section-boxed elementor-section-height-default elementor-section-height-default\" data-id=\"f31b858\" data-element_type=\"section\" data-e-type=\"section\">\n\t\t\t\t\t\t<div class=\"elementor-container elementor-column-gap-wide\">\n\t\t\t\t\t<div class=\"elementor-column elementor-col-50 elementor-top-column elementor-element elementor-element-c794737 ot-flex-column-vertical\" data-id=\"c794737\" data-element_type=\"column\" data-e-type=\"column\">\n\t\t\t<div class=\"elementor-widget-wrap elementor-element-populated\">\n\t\t\t\t\t\t<div class=\"elementor-element elementor-element-3c69b18 elementor-widget elementor-widget-image\" data-id=\"3c69b18\" data-element_type=\"widget\" data-e-type=\"widget\" data-widget_type=\"image.default\">\n\t\t\t\t<div class=\"elementor-widget-container\">\n\t\t\t\t\t\t\t\t\t\t\t\t\t\t\t<img decoding=\"async\" src=\"https:\/\/south-bridge.com\/wp-content\/uploads\/2023\/03\/OMARY-Imane.jpg\" title=\"OMARY-Imane\" alt=\"OMARY-Imane\" loading=\"lazy\" \/>\t\t\t\t\t\t\t\t\t\t\t\t\t\t\t<\/div>\n\t\t\t\t<\/div>\n\t\t\t\t<section class=\"elementor-section elementor-inner-section elementor-element elementor-element-983ee34 elementor-section-full_width elementor-section-height-default elementor-section-height-default\" data-id=\"983ee34\" data-element_type=\"section\" data-e-type=\"section\">\n\t\t\t\t\t\t<div class=\"elementor-container elementor-column-gap-no\">\n\t\t\t\t\t<div class=\"elementor-column elementor-col-33 elementor-inner-column elementor-element elementor-element-3d77923 ot-flex-column-vertical\" data-id=\"3d77923\" data-element_type=\"column\" data-e-type=\"column\">\n\t\t\t<div class=\"elementor-widget-wrap elementor-element-populated\">\n\t\t\t\t\t\t<div class=\"elementor-element elementor-element-6050d81 elementor-view-default elementor-widget elementor-widget-icon\" data-id=\"6050d81\" data-element_type=\"widget\" data-e-type=\"widget\" data-widget_type=\"icon.default\">\n\t\t\t\t<div class=\"elementor-widget-container\">\n\t\t\t\t\t\t\t<div class=\"elementor-icon-wrapper\">\n\t\t\t<a class=\"elementor-icon\" href=\"https:\/\/www.linkedin.com\/in\/imane-omary-65857a131\/\" target=\"_blank\">\n\t\t\t<i aria-hidden=\"true\" class=\"fab fa-linkedin\"><\/i>\t\t\t<\/a>\n\t\t<\/div>\n\t\t\t\t\t\t<\/div>\n\t\t\t\t<\/div>\n\t\t\t\t\t<\/div>\n\t\t<\/div>\n\t\t\t\t<div class=\"elementor-column elementor-col-33 elementor-inner-column elementor-element elementor-element-a8fecd7 ot-flex-column-vertical\" data-id=\"a8fecd7\" data-element_type=\"column\" data-e-type=\"column\">\n\t\t\t<div class=\"elementor-widget-wrap elementor-element-populated\">\n\t\t\t\t\t\t<div class=\"elementor-element elementor-element-e9157d6 elementor-view-default elementor-widget elementor-widget-icon\" data-id=\"e9157d6\" data-element_type=\"widget\" data-e-type=\"widget\" data-widget_type=\"icon.default\">\n\t\t\t\t<div class=\"elementor-widget-container\">\n\t\t\t\t\t\t\t<div class=\"elementor-icon-wrapper\">\n\t\t\t<a class=\"elementor-icon\" href=\"mailto:imane.omary@south-bridge.com\">\n\t\t\t<i aria-hidden=\"true\" class=\"fas fa-envelope\"><\/i>\t\t\t<\/a>\n\t\t<\/div>\n\t\t\t\t\t\t<\/div>\n\t\t\t\t<\/div>\n\t\t\t\t\t<\/div>\n\t\t<\/div>\n\t\t\t\t<div class=\"elementor-column elementor-col-33 elementor-inner-column elementor-element elementor-element-6883ab7 ot-flex-column-vertical\" data-id=\"6883ab7\" data-element_type=\"column\" data-e-type=\"column\">\n\t\t\t<div class=\"elementor-widget-wrap\">\n\t\t\t\t\t\t\t<\/div>\n\t\t<\/div>\n\t\t\t\t\t<\/div>\n\t\t<\/section>\n\t\t\t\t\t<\/div>\n\t\t<\/div>\n\t\t\t\t<div class=\"elementor-column elementor-col-50 elementor-top-column elementor-element elementor-element-0b1c4b3 ot-flex-column-vertical\" data-id=\"0b1c4b3\" data-element_type=\"column\" data-e-type=\"column\">\n\t\t\t<div class=\"elementor-widget-wrap elementor-element-populated\">\n\t\t\t\t\t\t<div class=\"elementor-element elementor-element-841e06b elementor-widget elementor-widget-iheading\" data-id=\"841e06b\" data-element_type=\"widget\" data-e-type=\"widget\" data-widget_type=\"iheading.default\">\n\t\t\t\t<div class=\"elementor-widget-container\">\n\t\t\t\t\t\t\t<div class=\"ot-heading\">\r\n\t        <span class=\"\">\u0645\u0633\u062a\u0634\u0627\u0631 \u0631\u0626\u064a\u0633<\/span>\t        <h2 class=\"main-head\">\u0625\u064a\u0645\u0627\u0646 \u0639\u0645\u0631\u064a <\/h2>\t    <\/div>\r\n\t    \t\t\t\t<\/div>\n\t\t\t\t<\/div>\n\t\t\t\t<div class=\"elementor-element elementor-element-bb4f4ed elementor-widget elementor-widget-text-editor\" data-id=\"bb4f4ed\" data-element_type=\"widget\" data-e-type=\"widget\" data-widget_type=\"text-editor.default\">\n\t\t\t\t<div class=\"elementor-widget-container\">\n\t\t\t\t\t\t\t\t\t<div class=\"portfolio__content\"><div class=\"vc_row wpb_row vc_row-fluid\"><div class=\"wpb_column vc_column_container vc_col-sm-12\"><div class=\"vc_column-inner\"><div class=\"wpb_wrapper\"><div class=\"wpb_text_column wpb_content_element\"><div class=\"wpb_wrapper\"><p>\u062a\u062e\u0631\u062c\u062a \u0625\u064a\u0645\u0627\u0646 \u0645\u0646 \u0645\u062f\u0631\u0633\u0629 \u0625\u0645 \u0644\u064a\u0648\u0646 \u0644\u0644\u0645\u0627\u0644 \u0648\u0627\u0644\u0623\u0639\u0645\u0627\u0644\u060c \u0648\u0644\u062f\u064a\u0647\u0627 \u062e\u0628\u0631\u0629 \u0642\u0631\u0627\u0628\u0629 \u0639\u0627\u0645\u064a\u0646 \u0645\u0646 \u0627\u0644\u0639\u0645\u0644 \u0641\u064a \u0627\u0644\u0645\u062c\u0627\u0644 \u0627\u0644\u0627\u0633\u062a\u0634\u0627\u0631\u064a \u0628\u064a\u0646 \u0628\u0627\u0631\u064a\u0633 \u0648\u0627\u0644\u062f\u0627\u0631 \u0627\u0644\u0628\u064a\u0636\u0627\u0621\u060c \u062d\u064a\u062b \u0623\u062a\u064a\u062d\u062a \u0644\u0647\u0627 \u0641\u0631\u0635\u0629 \u0627\u0644\u0627\u0634\u062a\u063a\u0627\u0644 \u062d\u0648\u0644 \u0642\u0636\u0627\u064a\u0627 \u0627\u0633\u062a\u0631\u0627\u062a\u064a\u062c\u064a\u0629 \u0645\u062a\u0646\u0648\u0639\u0629 \u0645\u0639 \u0641\u0627\u0639\u0644\u064a\u0646 \u0645\u0646 \u0627\u0644\u0642\u0637\u0627\u0639\u064a\u0646 \u0627\u0644\u0639\u0627\u0645 \u0648\u0627\u0644\u062e\u0627\u0635.<\/p><p>\u0645\u0647\u062a\u0645\u0629 \u0643\u062b\u064a\u0631\u0627 \u0628\u0642\u0636\u0627\u064a\u0627 \u0648\u0645\u0648\u0627\u0636\u064a\u0639 \u0627\u0644\u062a\u0646\u0645\u064a\u0629 \u0641\u064a \u062c\u0645\u064a\u0639 \u0623\u0646\u062d\u0627\u0621 \u0627\u0644\u0642\u0627\u0631\u0629 \u0627\u0644\u0623\u0641\u0631\u064a\u0642\u064a\u0629\u060c \u0648\u062a\u0634\u062a\u063a\u0644 \u0628\u0634\u0643\u0644 \u0623\u0633\u0627\u0633\u064a \u0639\u0644\u0649 \u0627\u0644\u0645\u0648\u0627\u0636\u064a\u0639 \u0630\u0627\u062a \u0623\u062b\u0631 \u0627\u062c\u062a\u0645\u0627\u0639\u064a \u0642\u0648\u064a.<\/p><p>\u062a\u062d\u0628 \u0625\u064a\u0645\u0627\u0646 \u0643\u062b\u064a\u0631\u0627 \u0627\u0644\u0633\u0641\u0631 \u0648\u0627\u0644\u0627\u0633\u062a\u0643\u0634\u0627\u0641\u060c \u0648\u0644\u0630\u0644\u0643 \u0644\u0627 \u062a\u062a\u0631\u062f\u062f \u062f\u0648\u0645\u0627 \u0641\u064a \u0627\u0633\u062a\u062b\u0645\u0627\u0631 \u0623\u064a \u0641\u0631\u0635\u0629 \u0645\u0646 \u0623\u062c\u0644 \u0627\u0644\u0627\u0646\u0637\u0644\u0627\u0642 \u0641\u064a \u0645\u063a\u0627\u0645\u0631\u0627\u062a \u062c\u062f\u064a\u062f\u0629.<\/p><\/div><\/div><\/div><\/div><\/div><\/div><\/div>\t\t\t\t\t\t\t\t<\/div>\n\t\t\t\t<\/div>\n\t\t\t\t\t<\/div>\n\t\t<\/div>\n\t\t\t\t\t<\/div>\n\t\t<\/section>\n\t\t\t\t<\/div>","protected":false},"excerpt":{"rendered":"<p>SENIOR CONSULTANT Imane OMARY Dipl\u00f4m\u00e9e de l\u2019Em Lyon Business School, Imane cumule pr\u00e8s de 2 ans d\u2019exp\u00e9rience en conseil entre Paris et Casablanca et a pu travailler sur des sujets strat\u00e9giques divers aussi bien avec le secteur public que le secteur priv\u00e9. Passionn\u00e9e des sujets de d\u00e9veloppement autour du continent africain, elle intervient principalement sur [&hellip;]<\/p>\n","protected":false},"author":1,"featured_media":0,"parent":3148,"menu_order":0,"comment_status":"closed","ping_status":"closed","template":"","meta":{"footnotes":""},"class_list":["post-3381","page","type-page","status-publish","hentry"],"aioseo_notices":[],"_links":{"self":[{"href":"https:\/\/south-bridge.com\/ar\/wp-json\/wp\/v2\/pages\/3381","targetHints":{"allow":["GET"]}}],"collection":[{"href":"https:\/\/south-bridge.com\/ar\/wp-json\/wp\/v2\/pages"}],"about":[{"href":"https:\/\/south-bridge.com\/ar\/wp-json\/wp\/v2\/types\/page"}],"author":[{"embeddable":true,"href":"https:\/\/south-bridge.com\/ar\/wp-json\/wp\/v2\/users\/1"}],"replies":[{"embeddable":true,"href":"https:\/\/south-bridge.com\/ar\/wp-json\/wp\/v2\/comments?post=3381"}],"version-history":[{"count":11,"href":"https:\/\/south-bridge.com\/ar\/wp-json\/wp\/v2\/pages\/3381\/revisions"}],"predecessor-version":[{"id":12166,"href":"https:\/\/south-bridge.com\/ar\/wp-json\/wp\/v2\/pages\/3381\/revisions\/12166"}],"up":[{"embeddable":true,"href":"https:\/\/south-bridge.com\/ar\/wp-json\/wp\/v2\/pages\/3148"}],"wp:attachment":[{"href":"https:\/\/south-bridge.com\/ar\/wp-json\/wp\/v2\/media?parent=3381"}],"curies":[{"name":"wp","href":"https:\/\/api.w.org\/{rel}","templated":true}]}}