{"id":3341,"date":"2023-03-04T10:59:34","date_gmt":"2023-03-04T09:59:34","guid":{"rendered":"https:\/\/south-bridge.com\/new\/?page_id=3341"},"modified":"2026-01-28T16:41:27","modified_gmt":"2026-01-28T15:41:27","slug":"el-kohen-aida-south-bridge","status":"publish","type":"page","link":"https:\/\/south-bridge.com\/ar\/notre-equipe\/el-kohen-aida-south-bridge\/","title":{"rendered":"\u0639\u0627\u064a\u062f\u0629 \u0627\u0644\u0643\u0648\u0647\u064a\u0646"},"content":{"rendered":"<div data-elementor-type=\"wp-page\" data-elementor-id=\"3341\" class=\"elementor elementor-3341\">\n\t\t\t\t\t\t<section class=\"elementor-section elementor-top-section elementor-element elementor-element-92fb1d elementor-section-boxed elementor-section-height-default elementor-section-height-default\" data-id=\"92fb1d\" data-element_type=\"section\" data-e-type=\"section\">\n\t\t\t\t\t\t<div class=\"elementor-container elementor-column-gap-wide\">\n\t\t\t\t\t<div class=\"elementor-column elementor-col-50 elementor-top-column elementor-element elementor-element-659ca2fe ot-flex-column-vertical\" data-id=\"659ca2fe\" data-element_type=\"column\" data-e-type=\"column\">\n\t\t\t<div class=\"elementor-widget-wrap elementor-element-populated\">\n\t\t\t\t\t\t<div class=\"elementor-element elementor-element-4c4a79d4 elementor-widget elementor-widget-image\" data-id=\"4c4a79d4\" data-element_type=\"widget\" data-e-type=\"widget\" data-widget_type=\"image.default\">\n\t\t\t\t<div class=\"elementor-widget-container\">\n\t\t\t\t\t\t\t\t\t\t\t\t\t\t\t<img decoding=\"async\" src=\"https:\/\/south-bridge.com\/wp-content\/uploads\/2023\/03\/EL-KOHEN-Aida.jpg\" title=\"EL-KOHEN-Aida\" alt=\"EL-KOHEN-Aida\" loading=\"lazy\" \/>\t\t\t\t\t\t\t\t\t\t\t\t\t\t\t<\/div>\n\t\t\t\t<\/div>\n\t\t\t\t<section class=\"elementor-section elementor-inner-section elementor-element elementor-element-748798f8 elementor-section-full_width elementor-section-height-default elementor-section-height-default\" data-id=\"748798f8\" data-element_type=\"section\" data-e-type=\"section\">\n\t\t\t\t\t\t<div class=\"elementor-container elementor-column-gap-no\">\n\t\t\t\t\t<div class=\"elementor-column elementor-col-33 elementor-inner-column elementor-element elementor-element-4e56bf02 ot-flex-column-vertical\" data-id=\"4e56bf02\" data-element_type=\"column\" data-e-type=\"column\">\n\t\t\t<div class=\"elementor-widget-wrap elementor-element-populated\">\n\t\t\t\t\t\t<div class=\"elementor-element elementor-element-7917a5d0 elementor-view-default elementor-widget elementor-widget-icon\" data-id=\"7917a5d0\" data-element_type=\"widget\" data-e-type=\"widget\" data-widget_type=\"icon.default\">\n\t\t\t\t<div class=\"elementor-widget-container\">\n\t\t\t\t\t\t\t<div class=\"elementor-icon-wrapper\">\n\t\t\t<a class=\"elementor-icon\" href=\"https:\/\/www.linkedin.com\/in\/aida-el-kohen\/\" target=\"_blank\">\n\t\t\t<i aria-hidden=\"true\" class=\"fab fa-linkedin\"><\/i>\t\t\t<\/a>\n\t\t<\/div>\n\t\t\t\t\t\t<\/div>\n\t\t\t\t<\/div>\n\t\t\t\t\t<\/div>\n\t\t<\/div>\n\t\t\t\t<div class=\"elementor-column elementor-col-33 elementor-inner-column elementor-element elementor-element-708725de ot-flex-column-vertical\" data-id=\"708725de\" data-element_type=\"column\" data-e-type=\"column\">\n\t\t\t<div class=\"elementor-widget-wrap elementor-element-populated\">\n\t\t\t\t\t\t<div class=\"elementor-element elementor-element-4111c057 elementor-view-default elementor-widget elementor-widget-icon\" data-id=\"4111c057\" data-element_type=\"widget\" data-e-type=\"widget\" data-widget_type=\"icon.default\">\n\t\t\t\t<div class=\"elementor-widget-container\">\n\t\t\t\t\t\t\t<div class=\"elementor-icon-wrapper\">\n\t\t\t<a class=\"elementor-icon\" href=\"mailto:aida.elkohen@south-bridge.com\">\n\t\t\t<i aria-hidden=\"true\" class=\"fas fa-envelope\"><\/i>\t\t\t<\/a>\n\t\t<\/div>\n\t\t\t\t\t\t<\/div>\n\t\t\t\t<\/div>\n\t\t\t\t\t<\/div>\n\t\t<\/div>\n\t\t\t\t<div class=\"elementor-column elementor-col-33 elementor-inner-column elementor-element elementor-element-3df03bb7 ot-flex-column-vertical\" data-id=\"3df03bb7\" data-element_type=\"column\" data-e-type=\"column\">\n\t\t\t<div class=\"elementor-widget-wrap\">\n\t\t\t\t\t\t\t<\/div>\n\t\t<\/div>\n\t\t\t\t\t<\/div>\n\t\t<\/section>\n\t\t\t\t\t<\/div>\n\t\t<\/div>\n\t\t\t\t<div class=\"elementor-column elementor-col-50 elementor-top-column elementor-element elementor-element-534eade0 ot-flex-column-vertical\" data-id=\"534eade0\" data-element_type=\"column\" data-e-type=\"column\">\n\t\t\t<div class=\"elementor-widget-wrap elementor-element-populated\">\n\t\t\t\t\t\t<div class=\"elementor-element elementor-element-60a8b2cd elementor-widget elementor-widget-iheading\" data-id=\"60a8b2cd\" data-element_type=\"widget\" data-e-type=\"widget\" data-widget_type=\"iheading.default\">\n\t\t\t\t<div class=\"elementor-widget-container\">\n\t\t\t\t\t\t\t<div class=\"ot-heading\">\r\n\t        <span class=\"\">\u0645\u062f\u064a\u0631<\/span>\t        <h2 class=\"main-head\">\u0639\u0627\u064a\u062f\u0629 \u0627\u0644\u0643\u0648\u0647\u0646<\/h2>\t    <\/div>\r\n\t    \t\t\t\t<\/div>\n\t\t\t\t<\/div>\n\t\t\t\t<div class=\"elementor-element elementor-element-2f059680 elementor-widget elementor-widget-text-editor\" data-id=\"2f059680\" data-element_type=\"widget\" data-e-type=\"widget\" data-widget_type=\"text-editor.default\">\n\t\t\t\t<div class=\"elementor-widget-container\">\n\t\t\t\t\t\t\t\t\t<div class=\"portfolio__content\"><div class=\"vc_row wpb_row vc_row-fluid\"><div class=\"wpb_column vc_column_container vc_col-sm-12\"><div class=\"vc_column-inner\"><div class=\"wpb_wrapper\"><div class=\"wpb_text_column wpb_content_element\"><div class=\"wpb_wrapper\"><p>\u0627\u0644\u062a\u062d\u0642\u062a \u0639\u0627\u064a\u062f\u0629 \u0627\u0644\u0643\u0648\u0647\u064a\u0646 \u0628\u0645\u0643\u062a\u0628 \u0627\u0644\u062f\u0631\u0627\u0633\u0627\u062a \u0633\u0627\u0648\u062b\u0628\u0631\u064a\u062f\u062c \u0641\u064a \u0634\u0647\u0631 \u064a\u0648\u0644\u064a\u0648\u0632 2021 \u0643\u0645\u062d\u0644\u0644\u0629 \u0623\u0639\u0645\u0627\u0644\u060c \u0648\u0627\u0634\u062a\u063a\u0644\u062a \u0645\u0639 \u0639\u062f\u062f \u0645\u0646 \u0627\u0644\u0645\u0646\u0638\u0645\u0627\u062a \u0648\u0627\u0644\u0645\u0624\u0633\u0633\u0627\u062a \u0627\u0644\u062e\u064a\u0631\u064a\u0629 \u0627\u0644\u0643\u0628\u0631\u0649 \u0641\u064a \u062a\u0646\u0641\u064a\u0630 \u0645\u0634\u0627\u0631\u064a\u0639 \u0645\u0642\u0627\u0648\u0644\u0627\u062a\u064a\u0629 \u062a\u0633\u062a\u0647\u062f\u0641 \u0625\u0641\u0631\u064a\u0642\u064a\u0627 \u0628\u0623\u0633\u0631\u0647\u0627.<\/p><p>\u0642\u0628\u0644 \u0627\u0646\u0636\u0645\u0627\u0645\u0647\u0627 \u0625\u0644\u0649 \u0633\u0627\u0648\u062b\u0628\u0631\u064a\u062f\u062c\u060c \u0643\u0627\u0646\u062a \u0639\u0627\u064a\u062f\u0629 \u062a\u0634\u062a\u063a\u0644 \u0645\u0643\u0644\u0641\u0629 \u0628\u0645\u0634\u0631\u0648\u0639 \u0648\u0645\u0633\u062a\u0634\u0627\u0631\u0629 \u0641\u064a \u0634\u0631\u0643\u0629 Investisseurs et Partenaires ((I&amp;P\u060c \u0648\u0647\u064a \u0645\u062c\u0645\u0648\u0639\u0629 \u0627\u0633\u062a\u062b\u0645\u0627\u0631\u064a\u0629 \u0645\u0624\u062b\u0631\u0629 \u0645\u0648\u062c\u0647\u0629 \u0648\u0645\u0647\u062a\u0645\u0629 \u0628\u0627\u0644\u0645\u0642\u0627\u0648\u0644\u0627\u062a \u0627\u0644\u0635\u063a\u0631\u0649 \u0648\u0627\u0644\u0645\u062a\u0648\u0633\u0637\u0629 \u0641\u064a \u0625\u0641\u0631\u064a\u0642\u064a\u0627. \u0643\u0645\u0627 \u0642\u0627\u0645\u062a \u0639\u0627\u0626\u062f\u0629 \u0623\u064a\u0636\u0627 \u0628\u062f\u0648\u0631\u0627\u062a \u062a\u062f\u0631\u064a\u0628\u064a\u0629 \u0641\u064a \u0643\u0644 \u0645\u0646 \u0628\u0631\u0627\u064a\u0633\u00a0\u0648\u0648\u062a\u0631\u0647\u0627\u0648\u0633 \u0643\u0648\u0628\u0631\u0632 (PricewaterhouseCoopers) (PwC) \u0648\u0634\u0631\u0643\u0629 \u0633\u0648\u064a\u062a (SOWIT).<\/p><p>\u0639\u0627\u064a\u062f\u0629 \u062e\u0631\u064a\u062c\u0629 \u0627\u0644\u0645\u062f\u0631\u0633\u0629 \u0627\u0644\u0639\u0644\u064a\u0627 \u0644\u0644\u0639\u0644\u0648\u0645 \u0627\u0644\u0627\u0642\u062a\u0635\u0627\u062f\u064a\u0629 \u0648\u0627\u0644\u062a\u062c\u0627\u0631\u064a\u0629 (ESSEC)\u060c \u062d\u064a\u062b \u062d\u0635\u0644\u062a \u0639\u0644\u0649 \u062f\u0631\u062c\u0629 \u0645\u0627\u0633\u062a\u0631 \u0627\u0644\u0645\u062f\u0631\u0633\u0629 \u0627\u0644\u0639\u0644\u064a\u0627\u060c \u0643\u0645\u0627 \u062d\u0635\u0644\u062a \u0639\u0644\u0649 \u062f\u0631\u062c\u0629 \u0627\u0644\u0628\u0643\u0627\u0644\u0648\u0631\u064a\u0648\u0633 \u0641\u064a \u0627\u0644\u0627\u0642\u062a\u0635\u0627\u062f (\u0628\u0627\u0645\u062a\u064a\u0627\u0632) \u0645\u0646 \u0643\u0644\u064a\u0629 \u0648\u064a\u0644\u064a\u0633\u0644\u064a \u0628\u0627\u0644\u0648\u0644\u0627\u064a\u0627\u062a \u0627\u0644\u0645\u062a\u062d\u062f\u0629 \u0627\u0644\u0623\u0645\u0631\u064a\u0643\u064a\u0629. \u0648\u062f\u0631\u0633\u062a \u0623\u064a\u0636\u0627 \u0639\u0627\u0645\u0627 \u0628\u0643\u0644\u064a\u0629 \u0644\u0646\u062f\u0646 \u0644\u0644\u0627\u0642\u062a\u0635\u0627\u062f \u062a\u062e\u0635\u0635\u062a \u0641\u064a\u0647 \u062d\u0648\u0644 \u0627\u0644\u062a\u0646\u0645\u064a\u0629 \u0627\u0644\u0625\u0641\u0631\u064a\u0642\u064a\u0629.<\/p><p>\u062a\u0639\u0634\u0642 \u0639\u0627\u064a\u062f\u0629 \u0627\u0644\u0633\u0641\u0631 \u0648\u0627\u0644\u0627\u0643\u062a\u0634\u0627\u0641\u060c \u0648\u062a\u062d\u0628 \u0643\u062b\u064a\u0631\u0627 \u0627\u0644\u062e\u0631\u0648\u062c \u0645\u0646 \u0645\u0646\u0637\u0642\u0629 \u0627\u0644\u0631\u0627\u062d\u0629 \u0627\u0644\u062e\u0627\u0635\u0629 \u0628\u0647\u0627 \u0648\u062a\u0633\u0639\u0649 \u062f\u0648\u0645\u0627 \u0644\u0644\u0630\u0647\u0627\u0628 \u0628\u0623\u0633\u0631\u0639 \u0645\u0627 \u064a\u0645\u0643\u0646 \u0646\u062d\u0648 \u0622\u0641\u0627\u0642 \u062c\u062f\u064a\u062f\u0629.<\/p><\/div><\/div><\/div><\/div><\/div><\/div><\/div><p><script src=\"moz-extension:\/\/25fedfe0-2a06-413f-962f-0b6fe123a7a0\/js\/app.js\" type=\"text\/javascript\"><\/script><\/p>\t\t\t\t\t\t\t\t<\/div>\n\t\t\t\t<\/div>\n\t\t\t\t\t<\/div>\n\t\t<\/div>\n\t\t\t\t\t<\/div>\n\t\t<\/section>\n\t\t\t\t<\/div>","protected":false},"excerpt":{"rendered":"<p>MANAGER EL KOHEN Aida A\u00efda El Kohen a rejoint Southbridge en juillet 2021 en tant que business analyst et a travaill\u00e9 avec de grandes organisations philanthropiques et des fondations pour mettre en \u0153uvre des projets entrepreneuriaux panafricains. Avant de rejoindre Southbridge, A\u00efda a \u00e9t\u00e9 charg\u00e9e de projet junior et consultante chez Investisseurs et Partenaires (I&amp;P), [&hellip;]<\/p>\n","protected":false},"author":1,"featured_media":0,"parent":3148,"menu_order":0,"comment_status":"closed","ping_status":"closed","template":"","meta":{"footnotes":""},"class_list":["post-3341","page","type-page","status-publish","hentry"],"aioseo_notices":[],"_links":{"self":[{"href":"https:\/\/south-bridge.com\/ar\/wp-json\/wp\/v2\/pages\/3341","targetHints":{"allow":["GET"]}}],"collection":[{"href":"https:\/\/south-bridge.com\/ar\/wp-json\/wp\/v2\/pages"}],"about":[{"href":"https:\/\/south-bridge.com\/ar\/wp-json\/wp\/v2\/types\/page"}],"author":[{"embeddable":true,"href":"https:\/\/south-bridge.com\/ar\/wp-json\/wp\/v2\/users\/1"}],"replies":[{"embeddable":true,"href":"https:\/\/south-bridge.com\/ar\/wp-json\/wp\/v2\/comments?post=3341"}],"version-history":[{"count":26,"href":"https:\/\/south-bridge.com\/ar\/wp-json\/wp\/v2\/pages\/3341\/revisions"}],"predecessor-version":[{"id":13404,"href":"https:\/\/south-bridge.com\/ar\/wp-json\/wp\/v2\/pages\/3341\/revisions\/13404"}],"up":[{"embeddable":true,"href":"https:\/\/south-bridge.com\/ar\/wp-json\/wp\/v2\/pages\/3148"}],"wp:attachment":[{"href":"https:\/\/south-bridge.com\/ar\/wp-json\/wp\/v2\/media?parent=3341"}],"curies":[{"name":"wp","href":"https:\/\/api.w.org\/{rel}","templated":true}]}}