{"id":3331,"date":"2023-03-04T10:56:01","date_gmt":"2023-03-04T09:56:01","guid":{"rendered":"https:\/\/south-bridge.com\/new\/?page_id=3331"},"modified":"2025-01-13T18:49:49","modified_gmt":"2025-01-13T17:49:49","slug":"mohamed-el-ouahmani-south-bridge","status":"publish","type":"page","link":"https:\/\/south-bridge.com\/ar\/notre-equipe\/mohamed-el-ouahmani-south-bridge\/","title":{"rendered":"Mohamed EL OUAHMANI"},"content":{"rendered":"<div data-elementor-type=\"wp-page\" data-elementor-id=\"3331\" class=\"elementor elementor-3331\">\n\t\t\t\t\t\t<section class=\"elementor-section elementor-top-section elementor-element elementor-element-92fb1d elementor-section-boxed elementor-section-height-default elementor-section-height-default\" data-id=\"92fb1d\" data-element_type=\"section\" data-e-type=\"section\">\n\t\t\t\t\t\t<div class=\"elementor-container elementor-column-gap-wide\">\n\t\t\t\t\t<div class=\"elementor-column elementor-col-50 elementor-top-column elementor-element elementor-element-659ca2fe ot-flex-column-vertical\" data-id=\"659ca2fe\" data-element_type=\"column\" data-e-type=\"column\">\n\t\t\t<div class=\"elementor-widget-wrap elementor-element-populated\">\n\t\t\t\t\t\t<div class=\"elementor-element elementor-element-4c4a79d4 elementor-widget elementor-widget-image\" data-id=\"4c4a79d4\" data-element_type=\"widget\" data-e-type=\"widget\" data-widget_type=\"image.default\">\n\t\t\t\t<div class=\"elementor-widget-container\">\n\t\t\t\t\t\t\t\t\t\t\t\t\t\t\t<img decoding=\"async\" src=\"https:\/\/south-bridge.com\/wp-content\/uploads\/2023\/04\/Capture-decran-2023-04-05-201549.png\" title=\"Capture d\u2019\u00e9cran 2023-04-05 201549\" alt=\"Capture d&#039;\u00e9cran 2023-04-05 201549\" loading=\"lazy\" \/>\t\t\t\t\t\t\t\t\t\t\t\t\t\t\t<\/div>\n\t\t\t\t<\/div>\n\t\t\t\t<section class=\"elementor-section elementor-inner-section elementor-element elementor-element-748798f8 elementor-section-full_width elementor-section-height-default elementor-section-height-default\" data-id=\"748798f8\" data-element_type=\"section\" data-e-type=\"section\">\n\t\t\t\t\t\t<div class=\"elementor-container elementor-column-gap-no\">\n\t\t\t\t\t<div class=\"elementor-column elementor-col-33 elementor-inner-column elementor-element elementor-element-4e56bf02 ot-flex-column-vertical\" data-id=\"4e56bf02\" data-element_type=\"column\" data-e-type=\"column\">\n\t\t\t<div class=\"elementor-widget-wrap elementor-element-populated\">\n\t\t\t\t\t\t<div class=\"elementor-element elementor-element-7917a5d0 elementor-view-default elementor-widget elementor-widget-icon\" data-id=\"7917a5d0\" data-element_type=\"widget\" data-e-type=\"widget\" data-widget_type=\"icon.default\">\n\t\t\t\t<div class=\"elementor-widget-container\">\n\t\t\t\t\t\t\t<div class=\"elementor-icon-wrapper\">\n\t\t\t<a class=\"elementor-icon\" href=\"https:\/\/www.linkedin.com\/in\/mohamed-el-ouahmani-16065010b\/\" target=\"_blank\">\n\t\t\t<i aria-hidden=\"true\" class=\"fab fa-linkedin\"><\/i>\t\t\t<\/a>\n\t\t<\/div>\n\t\t\t\t\t\t<\/div>\n\t\t\t\t<\/div>\n\t\t\t\t\t<\/div>\n\t\t<\/div>\n\t\t\t\t<div class=\"elementor-column elementor-col-33 elementor-inner-column elementor-element elementor-element-708725de ot-flex-column-vertical\" data-id=\"708725de\" data-element_type=\"column\" data-e-type=\"column\">\n\t\t\t<div class=\"elementor-widget-wrap elementor-element-populated\">\n\t\t\t\t\t\t<div class=\"elementor-element elementor-element-4111c057 elementor-view-default elementor-widget elementor-widget-icon\" data-id=\"4111c057\" data-element_type=\"widget\" data-e-type=\"widget\" data-widget_type=\"icon.default\">\n\t\t\t\t<div class=\"elementor-widget-container\">\n\t\t\t\t\t\t\t<div class=\"elementor-icon-wrapper\">\n\t\t\t<a class=\"elementor-icon\" href=\"mailto:mohamed.elouahmani@south-bridge.com\">\n\t\t\t<i aria-hidden=\"true\" class=\"fas fa-envelope\"><\/i>\t\t\t<\/a>\n\t\t<\/div>\n\t\t\t\t\t\t<\/div>\n\t\t\t\t<\/div>\n\t\t\t\t\t<\/div>\n\t\t<\/div>\n\t\t\t\t<div class=\"elementor-column elementor-col-33 elementor-inner-column elementor-element elementor-element-3df03bb7 ot-flex-column-vertical\" data-id=\"3df03bb7\" data-element_type=\"column\" data-e-type=\"column\">\n\t\t\t<div class=\"elementor-widget-wrap\">\n\t\t\t\t\t\t\t<\/div>\n\t\t<\/div>\n\t\t\t\t\t<\/div>\n\t\t<\/section>\n\t\t\t\t\t<\/div>\n\t\t<\/div>\n\t\t\t\t<div class=\"elementor-column elementor-col-50 elementor-top-column elementor-element elementor-element-534eade0 ot-flex-column-vertical\" data-id=\"534eade0\" data-element_type=\"column\" data-e-type=\"column\">\n\t\t\t<div class=\"elementor-widget-wrap elementor-element-populated\">\n\t\t\t\t\t\t<div class=\"elementor-element elementor-element-60a8b2cd elementor-widget elementor-widget-iheading\" data-id=\"60a8b2cd\" data-element_type=\"widget\" data-e-type=\"widget\" data-widget_type=\"iheading.default\">\n\t\t\t\t<div class=\"elementor-widget-container\">\n\t\t\t\t\t\t\t<div class=\"ot-heading\">\r\n\t        <span class=\"\">\u0645\u062d\u0631\u0631 \u0648\u0645\u062a\u0631\u062c\u0645<\/span>\t        <h2 class=\"main-head\">\u0645\u062d\u0645\u062f \u0627\u0644\u0648\u062d\u0645\u0627\u0646\u064a<\/h2>\t    <\/div>\r\n\t    \t\t\t\t<\/div>\n\t\t\t\t<\/div>\n\t\t\t\t<div class=\"elementor-element elementor-element-2f059680 elementor-widget elementor-widget-text-editor\" data-id=\"2f059680\" data-element_type=\"widget\" data-e-type=\"widget\" data-widget_type=\"text-editor.default\">\n\t\t\t\t<div class=\"elementor-widget-container\">\n\t\t\t\t\t\t\t\t\t<div><div><div><div><div><div><div><p><span lang=\"FR-MA\">\u062d\u0635\u0644 \u0645\u062d\u0645\u062f \u0627\u0644\u0648\u062d\u0645\u0627\u0646\u064a \u0639\u0644\u0649 \u0645\u0627\u0633\u062a\u0631 \u0641\u064a \u0627\u0644\u062a\u0631\u062c\u0645\u0629 \u0645\u0646 \u062c\u0627\u0645\u0639\u0629 \u0633\u064a\u062f\u064a \u0645\u062d\u0645\u062f \u0628\u0646 \u0639\u0628\u062f \u0627\u0644\u0644\u0647 \u0641\u064a \u0641\u0627\u0633\u060c \u0648\u0639\u0645\u0644 \u0644\u0633\u0646\u0648\u0627\u062a \u0639\u062f\u0629 \u0645\u062a\u0631\u062c\u0645\u0627 \u0648\u0635\u062d\u0641\u064a\u0627 \u0645\u062d\u0631\u0631\u0627 \u0641\u064a \u0639\u062f\u062f \u0645\u0646 \u0627\u0644\u0645\u0646\u0627\u0628\u0631 \u0627\u0644\u0625\u0639\u0644\u0627\u0645\u064a\u0629. \u0637\u0648\u0631 \u062e\u0628\u0631\u062a\u0647 \u0641\u064a \u0645\u062c\u0627\u0644 \u0627\u0644\u062a\u0648\u0627\u0635\u0644 \u0648\u0627\u0644\u062a\u0631\u062c\u0645\u0629 \u0628\u0641\u0636\u0644 \u0627\u0644\u062a\u062c\u0627\u0631\u0628 \u0627\u0644\u0645\u0647\u0646\u064a\u0629 \u0627\u0644\u0639\u062f\u064a\u062f\u0629 \u0648\u0627\u0644\u0645\u0647\u0627\u0645 \u0627\u0644\u0639\u062f\u064a\u062f\u0629 \u0627\u0644\u062a\u064a \u0627\u0634\u062a\u063a\u0644 \u0641\u064a\u0647\u0627 \u0641\u064a \u0645\u062c\u0627\u0644 \u0627\u0644\u0625\u0639\u0644\u0627\u0645 \u0648\u0627\u0644\u062a\u0648\u0627\u0635\u0644 (COP22\u060c Morocco2026)\u060c \u0628\u0627\u0644\u0625\u0636\u0627\u0641\u0629 \u0625\u0644\u0649 \u0630\u0644\u0643\u060c \u0641\u0647\u0648 \u0645\u062a\u0631\u062c\u0645 \u0645\u0639\u062a\u0645\u062f \u0645\u0646 \u0642\u0628\u0644 \u0627\u0644\u0639\u062f\u064a\u062f \u0645\u0646 \u0648\u0643\u0627\u0644\u0627\u062a \u0627\u0644\u062a\u0648\u0627\u0635\u0644 \u0648\u0634\u0631\u0643\u0627\u062a \u0627\u0644\u0625\u0646\u062a\u0627\u062c. <\/span><\/p><p><span lang=\"FR-MA\">\u0641\u064a \u0633\u0627\u0648\u062b\u0628\u0631\u064a\u062f\u062c\u060c \u064a\u0639\u062a\u0628\u0631 \u0645\u062d\u0645\u062f \u0627\u0644\u064a\u062f \u0627\u0644\u0646\u0627\u0637\u0642\u0629 \u0628\u0627\u0644\u0639\u0631\u0628\u064a\u0629 \u0644\u0645\u062e\u062a\u0644\u0641 \u0641\u0631\u0642 \u0627\u0644\u0639\u0645\u0644 \u062f\u0627\u062e\u0644 \u0627\u0644\u0634\u0631\u0643\u0629\u060c \u062d\u064a\u062b \u064a\u062a\u062f\u062e\u0644 \u0641\u064a \u0645\u062e\u062a\u0644\u0641 \u0627\u0644\u0645\u0634\u0627\u0631\u064a\u0639 \u0648\u0627\u0644\u0645\u0647\u0627\u0645 \u0645\u0646 \u062e\u0644\u0627\u0644 \u062a\u062d\u0631\u064a\u0631 \u0627\u0644\u0646\u0635\u0648\u0635 \u0648\u0627\u0644\u062a\u0642\u0627\u0631\u064a\u0631 \u0648\u0625\u0646\u062c\u0627\u0632 \u0627\u0644\u062a\u0631\u062c\u0645\u0627\u062a \u0645\u0646 \u0648\u0625\u0644\u0649 \u0627\u0644\u0644\u063a\u0629 \u0627\u0644\u0639\u0631\u0628\u064a\u0629. \u0628\u0627\u0644\u0625\u0636\u0627\u0641\u0629 \u0625\u0644\u0649 \u0627\u0644\u0644\u063a\u062a\u064a\u0646 \u0627\u0644\u0639\u0631\u0628\u064a\u0629 \u0648\u0627\u0644\u0641\u0631\u0646\u0633\u064a\u0629\u060c \u064a\u062a\u062d\u062f\u062b \u0623\u064a\u0636\u0627 \u0627\u0644\u0623\u0645\u0627\u0632\u064a\u063a\u064a\u0629\u060c \u0644\u063a\u062a\u0647 \u0627\u0644\u0623\u0645\u060c \u0643\u0645\u0627 \u064a\u062a\u0642\u0646 \u0627\u0644\u0644\u063a\u062a\u064a\u0646 \u0627\u0644\u0625\u0633\u0628\u0627\u0646\u064a\u0629 \u0648\u0627\u0644\u0628\u0631\u062a\u063a\u0627\u0644\u064a\u0629.<\/span><\/p><p><span lang=\"FR-MA\">En plus de la lecture, Mohamed est passionn\u00e9 aussi de sport, particuli\u00e8rement la course. Il participe r\u00e9guli\u00e8rement \u00e0 des marathons et semi-marathons organis\u00e9s au Maroc; mais il adore aussi les randonn\u00e9es et le tourisme rural, c\u2019est pour lui l\u2019un des outils essentiels pour renouveler l\u2019\u00e2me et continuer le challenge de la vie dans les meilleures conditions.<\/span><\/p><\/div><\/div><\/div><\/div><\/div><\/div><\/div>\t\t\t\t\t\t\t\t<\/div>\n\t\t\t\t<\/div>\n\t\t\t\t\t<\/div>\n\t\t<\/div>\n\t\t\t\t\t<\/div>\n\t\t<\/section>\n\t\t\t\t<\/div>","protected":false},"excerpt":{"rendered":"<p>Editor &#038; translator EL OUAHMANI Mohamed Titulaire d\u2019un Master en traduction de l\u2019Universit\u00e9 Sidi Mohamed Ben Abdellah de F\u00e8s, Mohamed EL OUAHMANI a travaill\u00e9 plusieurs ann\u00e9es en tant que\u00a0traducteur et journaliste. Il a d\u00e9velopp\u00e9 son expertise dans la communication et la traduction gr\u00e2ce \u00e0 des nombreuses exp\u00e9riences professionnelles dans les m\u00e9dias et sur plusieurs mission [&hellip;]<\/p>\n","protected":false},"author":1,"featured_media":0,"parent":3148,"menu_order":0,"comment_status":"closed","ping_status":"closed","template":"","meta":{"footnotes":""},"class_list":["post-3331","page","type-page","status-publish","hentry"],"aioseo_notices":[],"_links":{"self":[{"href":"https:\/\/south-bridge.com\/ar\/wp-json\/wp\/v2\/pages\/3331","targetHints":{"allow":["GET"]}}],"collection":[{"href":"https:\/\/south-bridge.com\/ar\/wp-json\/wp\/v2\/pages"}],"about":[{"href":"https:\/\/south-bridge.com\/ar\/wp-json\/wp\/v2\/types\/page"}],"author":[{"embeddable":true,"href":"https:\/\/south-bridge.com\/ar\/wp-json\/wp\/v2\/users\/1"}],"replies":[{"embeddable":true,"href":"https:\/\/south-bridge.com\/ar\/wp-json\/wp\/v2\/comments?post=3331"}],"version-history":[{"count":18,"href":"https:\/\/south-bridge.com\/ar\/wp-json\/wp\/v2\/pages\/3331\/revisions"}],"predecessor-version":[{"id":13160,"href":"https:\/\/south-bridge.com\/ar\/wp-json\/wp\/v2\/pages\/3331\/revisions\/13160"}],"up":[{"embeddable":true,"href":"https:\/\/south-bridge.com\/ar\/wp-json\/wp\/v2\/pages\/3148"}],"wp:attachment":[{"href":"https:\/\/south-bridge.com\/ar\/wp-json\/wp\/v2\/media?parent=3331"}],"curies":[{"name":"wp","href":"https:\/\/api.w.org\/{rel}","templated":true}]}}