{"id":3321,"date":"2023-03-04T10:47:32","date_gmt":"2023-03-04T09:47:32","guid":{"rendered":"https:\/\/south-bridge.com\/new\/?page_id=3321"},"modified":"2025-01-13T18:46:45","modified_gmt":"2025-01-13T17:46:45","slug":"dirane-omar-south-bridge","status":"publish","type":"page","link":"https:\/\/south-bridge.com\/ar\/notre-equipe\/dirane-omar-south-bridge\/","title":{"rendered":"\u0639\u0645\u0631 \u062f\u0631\u0639\u0627\u0646"},"content":{"rendered":"<div data-elementor-type=\"wp-page\" data-elementor-id=\"3321\" class=\"elementor elementor-3321\">\n\t\t\t\t\t\t<section class=\"elementor-section elementor-top-section elementor-element elementor-element-92fb1d elementor-section-boxed elementor-section-height-default elementor-section-height-default\" data-id=\"92fb1d\" data-element_type=\"section\" data-e-type=\"section\">\n\t\t\t\t\t\t<div class=\"elementor-container elementor-column-gap-wide\">\n\t\t\t\t\t<div class=\"elementor-column elementor-col-50 elementor-top-column elementor-element elementor-element-659ca2fe ot-flex-column-vertical\" data-id=\"659ca2fe\" data-element_type=\"column\" data-e-type=\"column\">\n\t\t\t<div class=\"elementor-widget-wrap elementor-element-populated\">\n\t\t\t\t\t\t<div class=\"elementor-element elementor-element-4c4a79d4 elementor-widget elementor-widget-image\" data-id=\"4c4a79d4\" data-element_type=\"widget\" data-e-type=\"widget\" data-widget_type=\"image.default\">\n\t\t\t\t<div class=\"elementor-widget-container\">\n\t\t\t\t\t\t\t\t\t\t\t\t\t\t\t<img decoding=\"async\" src=\"https:\/\/south-bridge.com\/wp-content\/uploads\/2024\/05\/omar-dirane-1.png\" title=\"omar dirane\" alt=\"omar dirane\" loading=\"lazy\" \/>\t\t\t\t\t\t\t\t\t\t\t\t\t\t\t<\/div>\n\t\t\t\t<\/div>\n\t\t\t\t\t<\/div>\n\t\t<\/div>\n\t\t\t\t<div class=\"elementor-column elementor-col-50 elementor-top-column elementor-element elementor-element-534eade0 ot-flex-column-vertical\" data-id=\"534eade0\" data-element_type=\"column\" data-e-type=\"column\">\n\t\t\t<div class=\"elementor-widget-wrap elementor-element-populated\">\n\t\t\t\t\t\t<div class=\"elementor-element elementor-element-60a8b2cd elementor-widget elementor-widget-iheading\" data-id=\"60a8b2cd\" data-element_type=\"widget\" data-e-type=\"widget\" data-widget_type=\"iheading.default\">\n\t\t\t\t<div class=\"elementor-widget-container\">\n\t\t\t\t\t\t\t<div class=\"ot-heading\">\r\n\t        <span class=\"\">\u0645\u0633\u062a\u0634\u0627\u0631<\/span>\t        <h2 class=\"main-head\">\u0639\u0645\u0631 \u062f\u0631\u0639\u0627\u0646<\/h2>\t    <\/div>\r\n\t    \t\t\t\t<\/div>\n\t\t\t\t<\/div>\n\t\t\t\t<div class=\"elementor-element elementor-element-2f059680 elementor-widget elementor-widget-text-editor\" data-id=\"2f059680\" data-element_type=\"widget\" data-e-type=\"widget\" data-widget_type=\"text-editor.default\">\n\t\t\t\t<div class=\"elementor-widget-container\">\n\t\t\t\t\t\t\t\t\t<div class=\"portfolio__content\">\n<div class=\"vc_row wpb_row vc_row-fluid\">\n<div class=\"wpb_column vc_column_container vc_col-sm-12\">\n<div class=\"vc_column-inner\">\n<div class=\"wpb_wrapper\">\n<div class=\"wpb_text_column wpb_content_element\">\n<div class=\"wpb_wrapper\">\n<p class=\"x_MsoNormal\" style=\"margin: 0cm; font-size: 12pt; font-family: Arial, sans-serif; color: #242424;\"><span lang=\"FR-MA\" style=\"border: 0px; font: inherit; vertical-align: baseline; color: inherit;\">Dipl\u00f4m\u00e9 de l&rsquo;Ecole Mohammadia d&rsquo;Ing\u00e9nieurs, Omar poss\u00e8de une expertise solide en strat\u00e9gie d&rsquo;entreprise et en finance.<\/span><\/p>\n<p class=\"x_MsoNormal\" style=\"margin: 0cm; font-size: 12pt; font-family: Arial, sans-serif; color: #242424;\"><span lang=\"FR-MA\" style=\"border: 0px; font: inherit; vertical-align: baseline; color: inherit;\">&nbsp;<\/span><\/p>\n<p class=\"x_MsoNormal\" style=\"margin: 0cm; font-size: 12pt; font-family: ARIAL, sans-serif; color: #242424;\"><span lang=\"FR-MA\" style=\"border: 0px; font: inherit; vertical-align: baseline; color: inherit;\">Avant de rejoindre Southbridge, o\u00f9 il se concentre sur des projets de strat\u00e9gie nationale \u00e0 impact social, Omar a acquis de l&rsquo;exp\u00e9rience au sein du Boston Consulting Group o\u00f9 il a travaill\u00e9 sur divers projets couvrant des secteurs tels que la durabilit\u00e9, le tourisme, le secteur bancaire ainsi que le secteur public.<\/span><\/p>\n<p class=\"x_MsoNormal\" style=\"margin: 0cm; font-size: 12pt; font-family: ARIAL, sans-serif; color: #242424;\"><span lang=\"FR-MA\" style=\"border: 0px; font: inherit; vertical-align: baseline; color: inherit;\">&nbsp;<\/span><\/p>\n<p class=\"x_MsoNormal\" style=\"margin: 0cm; font-size: 12pt; font-family: ARIAL, sans-serif; color: #242424;\"><span lang=\"FR-MA\" style=\"border: 0px; font: inherit; vertical-align: baseline; color: inherit;\">Par ailleurs, Omar a pilot\u00e9 un projet d\u2019entrepreneuriat social, portant haut les couleurs du Maroc lors de la EWC 2022 \u00e0 Puerto Rico.<\/span><\/p>\n<p class=\"x_MsoNormal\" style=\"margin: 0cm; font-size: 12pt; font-family: ARIAL, sans-serif; color: #242424;\"><span lang=\"FR-MA\" style=\"border: 0px; font: inherit; vertical-align: baseline; color: inherit;\">&nbsp;<\/span><\/p>\n<p class=\"x_MsoNormal\" style=\"margin: 0cm; font-size: 12pt; font-family: ARIAL, sans-serif; color: #242424;\"><span lang=\"FR-MA\" style=\"border: 0px; font: inherit; vertical-align: baseline; color: inherit;\">En dehors de ses engagements professionnels, sa passion pour la musique se manifeste \u00e0 travers ses mix qui nourrissent son ambition d&rsquo;explorer et de parfaire ses talent&nbsp;de&nbsp;DJ<\/span><span lang=\"FR-MA\" style=\"border: 0px; font: inherit; vertical-align: baseline; color: inherit;\">&nbsp;<\/span><\/p>\n<\/div>\n<\/div>\n<\/div>\n<\/div>\n<\/div>\n<\/div>\n<\/div>\t\t\t\t\t\t\t\t<\/div>\n\t\t\t\t<\/div>\n\t\t\t\t\t<\/div>\n\t\t<\/div>\n\t\t\t\t\t<\/div>\n\t\t<\/section>\n\t\t\t\t<\/div>","protected":false},"excerpt":{"rendered":"<p>senior associate DIRANE Omar Dipl\u00f4m\u00e9 de l&rsquo;Ecole Mohammadia d&rsquo;Ing\u00e9nieurs, Omar poss\u00e8de une expertise solide en strat\u00e9gie d&rsquo;entreprise et en finance. &nbsp; Avant de rejoindre Southbridge, o\u00f9 il se concentre sur des projets de strat\u00e9gie nationale \u00e0 impact social, Omar a acquis de l&rsquo;exp\u00e9rience au sein du Boston Consulting Group o\u00f9 il a travaill\u00e9 sur divers [&hellip;]<\/p>\n","protected":false},"author":1,"featured_media":12698,"parent":3148,"menu_order":0,"comment_status":"closed","ping_status":"closed","template":"","meta":{"footnotes":""},"class_list":["post-3321","page","type-page","status-publish","has-post-thumbnail","hentry"],"aioseo_notices":[],"_links":{"self":[{"href":"https:\/\/south-bridge.com\/ar\/wp-json\/wp\/v2\/pages\/3321","targetHints":{"allow":["GET"]}}],"collection":[{"href":"https:\/\/south-bridge.com\/ar\/wp-json\/wp\/v2\/pages"}],"about":[{"href":"https:\/\/south-bridge.com\/ar\/wp-json\/wp\/v2\/types\/page"}],"author":[{"embeddable":true,"href":"https:\/\/south-bridge.com\/ar\/wp-json\/wp\/v2\/users\/1"}],"replies":[{"embeddable":true,"href":"https:\/\/south-bridge.com\/ar\/wp-json\/wp\/v2\/comments?post=3321"}],"version-history":[{"count":20,"href":"https:\/\/south-bridge.com\/ar\/wp-json\/wp\/v2\/pages\/3321\/revisions"}],"predecessor-version":[{"id":13154,"href":"https:\/\/south-bridge.com\/ar\/wp-json\/wp\/v2\/pages\/3321\/revisions\/13154"}],"up":[{"embeddable":true,"href":"https:\/\/south-bridge.com\/ar\/wp-json\/wp\/v2\/pages\/3148"}],"wp:featuredmedia":[{"embeddable":true,"href":"https:\/\/south-bridge.com\/ar\/wp-json\/wp\/v2\/media\/12698"}],"wp:attachment":[{"href":"https:\/\/south-bridge.com\/ar\/wp-json\/wp\/v2\/media?parent=3321"}],"curies":[{"name":"wp","href":"https:\/\/api.w.org\/{rel}","templated":true}]}}