{"id":13029,"date":"2025-01-13T17:11:26","date_gmt":"2025-01-13T16:11:26","guid":{"rendered":"https:\/\/south-bridge.com\/?page_id=13029"},"modified":"2025-01-14T22:42:01","modified_gmt":"2025-01-14T21:42:01","slug":"erwing-wandja","status":"publish","type":"page","link":"https:\/\/south-bridge.com\/ar\/notre-equipe\/erwing-wandja\/","title":{"rendered":"\u0625\u064a\u0631\u0648\u064a\u0646 \u0648\u0627\u0646\u062f\u062c\u0627"},"content":{"rendered":"<div data-elementor-type=\"wp-page\" data-elementor-id=\"13029\" class=\"elementor elementor-13029\">\n\t\t\t\t\t\t<section class=\"elementor-section elementor-top-section elementor-element elementor-element-92fb1d elementor-section-boxed elementor-section-height-default elementor-section-height-default\" data-id=\"92fb1d\" data-element_type=\"section\" data-e-type=\"section\">\n\t\t\t\t\t\t<div class=\"elementor-container elementor-column-gap-wide\">\n\t\t\t\t\t<div class=\"elementor-column elementor-col-50 elementor-top-column elementor-element elementor-element-659ca2fe ot-flex-column-vertical\" data-id=\"659ca2fe\" data-element_type=\"column\" data-e-type=\"column\">\n\t\t\t<div class=\"elementor-widget-wrap elementor-element-populated\">\n\t\t\t\t\t\t<div class=\"elementor-element elementor-element-4c4a79d4 elementor-widget elementor-widget-image\" data-id=\"4c4a79d4\" data-element_type=\"widget\" data-e-type=\"widget\" data-widget_type=\"image.default\">\n\t\t\t\t<div class=\"elementor-widget-container\">\n\t\t\t\t\t\t\t\t\t\t\t\t\t\t\t<img decoding=\"async\" src=\"https:\/\/south-bridge.com\/wp-content\/uploads\/2025\/01\/erwing.jpg\" title=\"erwing\" alt=\"erwing\" loading=\"lazy\" \/>\t\t\t\t\t\t\t\t\t\t\t\t\t\t\t<\/div>\n\t\t\t\t<\/div>\n\t\t\t\t<section class=\"elementor-section elementor-inner-section elementor-element elementor-element-748798f8 elementor-section-full_width elementor-section-height-default elementor-section-height-default\" data-id=\"748798f8\" data-element_type=\"section\" data-e-type=\"section\">\n\t\t\t\t\t\t<div class=\"elementor-container elementor-column-gap-no\">\n\t\t\t\t\t<div class=\"elementor-column elementor-col-33 elementor-inner-column elementor-element elementor-element-4e56bf02 ot-flex-column-vertical\" data-id=\"4e56bf02\" data-element_type=\"column\" data-e-type=\"column\">\n\t\t\t<div class=\"elementor-widget-wrap elementor-element-populated\">\n\t\t\t\t\t\t<div class=\"elementor-element elementor-element-7917a5d0 elementor-view-default elementor-widget elementor-widget-icon\" data-id=\"7917a5d0\" data-element_type=\"widget\" data-e-type=\"widget\" data-widget_type=\"icon.default\">\n\t\t\t\t<div class=\"elementor-widget-container\">\n\t\t\t\t\t\t\t<div class=\"elementor-icon-wrapper\">\n\t\t\t<div class=\"elementor-icon\">\n\t\t\t<i aria-hidden=\"true\" class=\"fab fa-linkedin\"><\/i>\t\t\t<\/div>\n\t\t<\/div>\n\t\t\t\t\t\t<\/div>\n\t\t\t\t<\/div>\n\t\t\t\t\t<\/div>\n\t\t<\/div>\n\t\t\t\t<div class=\"elementor-column elementor-col-33 elementor-inner-column elementor-element elementor-element-708725de ot-flex-column-vertical\" data-id=\"708725de\" data-element_type=\"column\" data-e-type=\"column\">\n\t\t\t<div class=\"elementor-widget-wrap elementor-element-populated\">\n\t\t\t\t\t\t<div class=\"elementor-element elementor-element-4111c057 elementor-view-default elementor-widget elementor-widget-icon\" data-id=\"4111c057\" data-element_type=\"widget\" data-e-type=\"widget\" data-widget_type=\"icon.default\">\n\t\t\t\t<div class=\"elementor-widget-container\">\n\t\t\t\t\t\t\t<div class=\"elementor-icon-wrapper\">\n\t\t\t<a class=\"elementor-icon\" href=\"http:\/\/Erwing.Wandja@south-bridge.com\">\n\t\t\t<i aria-hidden=\"true\" class=\"fas fa-envelope\"><\/i>\t\t\t<\/a>\n\t\t<\/div>\n\t\t\t\t\t\t<\/div>\n\t\t\t\t<\/div>\n\t\t\t\t\t<\/div>\n\t\t<\/div>\n\t\t\t\t<div class=\"elementor-column elementor-col-33 elementor-inner-column elementor-element elementor-element-3df03bb7 ot-flex-column-vertical\" data-id=\"3df03bb7\" data-element_type=\"column\" data-e-type=\"column\">\n\t\t\t<div class=\"elementor-widget-wrap\">\n\t\t\t\t\t\t\t<\/div>\n\t\t<\/div>\n\t\t\t\t\t<\/div>\n\t\t<\/section>\n\t\t\t\t\t<\/div>\n\t\t<\/div>\n\t\t\t\t<div class=\"elementor-column elementor-col-50 elementor-top-column elementor-element elementor-element-534eade0 ot-flex-column-vertical\" data-id=\"534eade0\" data-element_type=\"column\" data-e-type=\"column\">\n\t\t\t<div class=\"elementor-widget-wrap elementor-element-populated\">\n\t\t\t\t\t\t<div class=\"elementor-element elementor-element-60a8b2cd elementor-widget elementor-widget-iheading\" data-id=\"60a8b2cd\" data-element_type=\"widget\" data-e-type=\"widget\" data-widget_type=\"iheading.default\">\n\t\t\t\t<div class=\"elementor-widget-container\">\n\t\t\t\t\t\t\t<div class=\"ot-heading\">\r\n\t        <span class=\"\">\u0645\u0633\u062a\u0634\u0627\u0631 \u0631\u0626\u064a\u0633<\/span>\t        <h2 class=\"main-head\">\u0625\u064a\u0631\u0648\u064a\u0646 \u0648\u0627\u0646\u062f\u062c\u0627<\/h2>\t    <\/div>\r\n\t    \t\t\t\t<\/div>\n\t\t\t\t<\/div>\n\t\t\t\t<div class=\"elementor-element elementor-element-2f059680 elementor-widget elementor-widget-text-editor\" data-id=\"2f059680\" data-element_type=\"widget\" data-e-type=\"widget\" data-widget_type=\"text-editor.default\">\n\t\t\t\t<div class=\"elementor-widget-container\">\n\t\t\t\t\t\t\t\t\t<p>Dipl\u00f4m\u00e9 en Finance d\u2019entreprise de l\u2019ISCAE Casablanca, Erwing b\u00e9n\u00e9ficie de plus de cinq ann\u00e9es d\u2019exp\u00e9rience dont plus de 3 ans en conseil en strat\u00e9gie.<\/p><p>\u0642\u0628\u0644 \u0627\u0646\u0636\u0645\u0627\u0645\u0647 \u0625\u0644\u0649 \u0645\u0643\u062a\u0628 \u0627\u0644\u062f\u0631\u0627\u0633\u0627\u062a Southbridge \u0633\u0627\u0648\u062b\u0628\u0631\u064a\u062f\u062c\u060c \u0627\u0634\u062a\u063a\u0644 \u0625\u064a\u0631\u0648\u064a\u0646 \u0628\u0634\u0631\u0643\u0629 NAOS Consulting\u060c \u0648\u0627\u0644\u062a\u064a \u0633\u0627\u0647\u0645 \u0641\u064a\u0647\u0627 \u0641\u064a \u0625\u0639\u062f\u0627\u062f \u0639\u062f\u062f \u0645\u0646 \u0627\u0644\u0627\u0633\u062a\u0631\u0627\u062a\u064a\u062c\u064a\u0627\u062a \u0627\u0644\u0642\u0637\u0627\u0639\u064a\u0629 \u0648\u0643\u0630\u0627 \u0627\u0633\u062a\u0631\u0627\u062a\u064a\u062c\u064a\u0627\u062a \u0627\u0644\u062a\u0637\u0648\u064a\u0631 \u0648\u0627\u0644\u062a\u062d\u0648\u064a\u0644 \u0644\u0641\u0627\u0626\u062f\u0629 \u0639\u062f\u062f \u0645\u0646 \u0627\u0644\u0641\u0627\u0639\u0644\u064a\u0646 \u0641\u064a \u0627\u0644\u0642\u0637\u0627\u0639\u064a\u0646 \u0627\u0644\u0639\u0627\u0645 \u0648\u0627\u0644\u062e\u0627\u0635.<\/p><p>\u0643\u0645\u0627 \u064a\u062a\u0645\u062a\u0639 \u0625\u064a\u0631\u0648\u064a\u0646 \u0623\u064a\u0636\u0627 \u0628\u062e\u0628\u0631\u0629 \u0641\u064a \u062a\u0637\u0648\u064a\u0631 \u0627\u0644\u0623\u0639\u0645\u0627\u0644 \u062f\u0627\u062e\u0644 \u0634\u0631\u0643\u0629 \u0627\u0644\u0625\u0641\u0631\u064a\u0642\u064a\u0629 \u0644\u0644\u0625\u0633\u0639\u0627\u0641 Africa First Assist\u060c \u062d\u064a\u062b \u0643\u0627\u0646 \u0645\u0643\u0644\u0641\u0627 \u0628\u0627\u0644\u0634\u0631\u0627\u0643\u0627\u062a \u0641\u064a \u0623\u0643\u062b\u0631 \u0645\u0646 20 \u0628\u0644\u062f\u0627 \u0639\u0644\u0649 \u0635\u0639\u064a\u062f \u0625\u0641\u0631\u064a\u0642\u064a\u0627.<\/p><p>\u064a\u0645\u0644\u0643 \u0625\u064a\u0631\u0648\u064a\u0646 \u0634\u063a\u0641\u0627 \u0643\u0628\u064a\u0631\u0627 \u0628\u0627\u0644\u0645\u0648\u0633\u064a\u0642\u0649 \u0648\u0627\u0644\u0631\u0642\u0635\u060c \u0643\u0645\u0627 \u064a\u0633\u062a\u0645\u062a\u0639 \u0623\u064a\u0636\u0627 \u0628\u0627\u0644\u0646\u0642\u0627\u0634 \u0648\u0627\u0644\u0625\u062f\u0644\u0627\u0621 \u0628\u0627\u0644\u0631\u0623\u064a \u0641\u064a \u0645\u0648\u0627\u0636\u064a\u0639 \u0627\u0644\u062c\u063a\u0631\u0627\u0641\u064a\u0627 \u0627\u0644\u0633\u064a\u0627\u0633\u064a\u0629 \u0648\u0627\u0644\u0633\u064a\u0627\u0633\u0629.<\/p>\t\t\t\t\t\t\t\t<\/div>\n\t\t\t\t<\/div>\n\t\t\t\t\t<\/div>\n\t\t<\/div>\n\t\t\t\t\t<\/div>\n\t\t<\/section>\n\t\t\t\t<\/div>","protected":false},"excerpt":{"rendered":"<p>SENIOR CONSULTANT WANDJA Erwing Dipl\u00f4m\u00e9 en Finance d\u2019entreprise de l\u2019ISCAE Casablanca, Erwing b\u00e9n\u00e9ficie de plus de cinq ann\u00e9es d\u2019exp\u00e9rience dont plus de 3 ans en conseil en strat\u00e9gie. Avant de rejoindre Southbridge, Erwing a travaill\u00e9 au sein du cabinet NAOS Consulting, o\u00f9 il a contribu\u00e9 \u00e0 l\u2019\u00e9laboration de nombreuses strat\u00e9gies sectorielles, de d\u00e9veloppement et de [&hellip;]<\/p>\n","protected":false},"author":2,"featured_media":0,"parent":3148,"menu_order":0,"comment_status":"closed","ping_status":"closed","template":"","meta":{"footnotes":""},"class_list":["post-13029","page","type-page","status-publish","hentry"],"aioseo_notices":[],"_links":{"self":[{"href":"https:\/\/south-bridge.com\/ar\/wp-json\/wp\/v2\/pages\/13029","targetHints":{"allow":["GET"]}}],"collection":[{"href":"https:\/\/south-bridge.com\/ar\/wp-json\/wp\/v2\/pages"}],"about":[{"href":"https:\/\/south-bridge.com\/ar\/wp-json\/wp\/v2\/types\/page"}],"author":[{"embeddable":true,"href":"https:\/\/south-bridge.com\/ar\/wp-json\/wp\/v2\/users\/2"}],"replies":[{"embeddable":true,"href":"https:\/\/south-bridge.com\/ar\/wp-json\/wp\/v2\/comments?post=13029"}],"version-history":[{"count":13,"href":"https:\/\/south-bridge.com\/ar\/wp-json\/wp\/v2\/pages\/13029\/revisions"}],"predecessor-version":[{"id":13206,"href":"https:\/\/south-bridge.com\/ar\/wp-json\/wp\/v2\/pages\/13029\/revisions\/13206"}],"up":[{"embeddable":true,"href":"https:\/\/south-bridge.com\/ar\/wp-json\/wp\/v2\/pages\/3148"}],"wp:attachment":[{"href":"https:\/\/south-bridge.com\/ar\/wp-json\/wp\/v2\/media?parent=13029"}],"curies":[{"name":"wp","href":"https:\/\/api.w.org\/{rel}","templated":true}]}}