{"id":12882,"date":"2024-12-26T09:42:34","date_gmt":"2024-12-26T08:42:34","guid":{"rendered":"https:\/\/south-bridge.com\/?page_id=12882"},"modified":"2026-01-28T16:42:00","modified_gmt":"2026-01-28T15:42:00","slug":"marc-diverres-2","status":"publish","type":"page","link":"https:\/\/south-bridge.com\/ar\/notre-equipe\/marc-diverres-2\/","title":{"rendered":"\u0645\u0627\u0631\u0643 \u062f\u064a\u0641\u064a\u0631\u064a\u0633"},"content":{"rendered":"<div data-elementor-type=\"wp-page\" data-elementor-id=\"12882\" class=\"elementor elementor-12882\">\n\t\t\t\t\t\t<section class=\"elementor-section elementor-top-section elementor-element elementor-element-92fb1d elementor-section-boxed elementor-section-height-default elementor-section-height-default\" data-id=\"92fb1d\" data-element_type=\"section\" data-e-type=\"section\">\n\t\t\t\t\t\t<div class=\"elementor-container elementor-column-gap-wide\">\n\t\t\t\t\t<div class=\"elementor-column elementor-col-50 elementor-top-column elementor-element elementor-element-659ca2fe ot-flex-column-vertical\" data-id=\"659ca2fe\" data-element_type=\"column\" data-e-type=\"column\">\n\t\t\t<div class=\"elementor-widget-wrap elementor-element-populated\">\n\t\t\t\t\t\t<div class=\"elementor-element elementor-element-4c4a79d4 elementor-widget elementor-widget-image\" data-id=\"4c4a79d4\" data-element_type=\"widget\" data-e-type=\"widget\" data-widget_type=\"image.default\">\n\t\t\t\t<div class=\"elementor-widget-container\">\n\t\t\t\t\t\t\t\t\t\t\t\t\t\t\t<img decoding=\"async\" src=\"https:\/\/south-bridge.com\/wp-content\/uploads\/2024\/12\/Marc-Diverres.jpg\" title=\"Marc-Diverres\" alt=\"Marc Diverres\" loading=\"lazy\" \/>\t\t\t\t\t\t\t\t\t\t\t\t\t\t\t<\/div>\n\t\t\t\t<\/div>\n\t\t\t\t<section class=\"elementor-section elementor-inner-section elementor-element elementor-element-748798f8 elementor-section-full_width elementor-section-height-default elementor-section-height-default\" data-id=\"748798f8\" data-element_type=\"section\" data-e-type=\"section\">\n\t\t\t\t\t\t<div class=\"elementor-container elementor-column-gap-no\">\n\t\t\t\t\t<div class=\"elementor-column elementor-col-33 elementor-inner-column elementor-element elementor-element-4e56bf02 ot-flex-column-vertical\" data-id=\"4e56bf02\" data-element_type=\"column\" data-e-type=\"column\">\n\t\t\t<div class=\"elementor-widget-wrap elementor-element-populated\">\n\t\t\t\t\t\t<div class=\"elementor-element elementor-element-7917a5d0 elementor-view-default elementor-widget elementor-widget-icon\" data-id=\"7917a5d0\" data-element_type=\"widget\" data-e-type=\"widget\" data-widget_type=\"icon.default\">\n\t\t\t\t<div class=\"elementor-widget-container\">\n\t\t\t\t\t\t\t<div class=\"elementor-icon-wrapper\">\n\t\t\t<div class=\"elementor-icon\">\n\t\t\t<i aria-hidden=\"true\" class=\"fab fa-linkedin\"><\/i>\t\t\t<\/div>\n\t\t<\/div>\n\t\t\t\t\t\t<\/div>\n\t\t\t\t<\/div>\n\t\t\t\t\t<\/div>\n\t\t<\/div>\n\t\t\t\t<div class=\"elementor-column elementor-col-33 elementor-inner-column elementor-element elementor-element-708725de ot-flex-column-vertical\" data-id=\"708725de\" data-element_type=\"column\" data-e-type=\"column\">\n\t\t\t<div class=\"elementor-widget-wrap elementor-element-populated\">\n\t\t\t\t\t\t<div class=\"elementor-element elementor-element-4111c057 elementor-view-default elementor-widget elementor-widget-icon\" data-id=\"4111c057\" data-element_type=\"widget\" data-e-type=\"widget\" data-widget_type=\"icon.default\">\n\t\t\t\t<div class=\"elementor-widget-container\">\n\t\t\t\t\t\t\t<div class=\"elementor-icon-wrapper\">\n\t\t\t<a class=\"elementor-icon\" href=\"http:\/\/marc.diverres@south-bridge.com\">\n\t\t\t<i aria-hidden=\"true\" class=\"fas fa-envelope\"><\/i>\t\t\t<\/a>\n\t\t<\/div>\n\t\t\t\t\t\t<\/div>\n\t\t\t\t<\/div>\n\t\t\t\t\t<\/div>\n\t\t<\/div>\n\t\t\t\t<div class=\"elementor-column elementor-col-33 elementor-inner-column elementor-element elementor-element-3df03bb7 ot-flex-column-vertical\" data-id=\"3df03bb7\" data-element_type=\"column\" data-e-type=\"column\">\n\t\t\t<div class=\"elementor-widget-wrap\">\n\t\t\t\t\t\t\t<\/div>\n\t\t<\/div>\n\t\t\t\t\t<\/div>\n\t\t<\/section>\n\t\t\t\t\t<\/div>\n\t\t<\/div>\n\t\t\t\t<div class=\"elementor-column elementor-col-50 elementor-top-column elementor-element elementor-element-534eade0 ot-flex-column-vertical\" data-id=\"534eade0\" data-element_type=\"column\" data-e-type=\"column\">\n\t\t\t<div class=\"elementor-widget-wrap elementor-element-populated\">\n\t\t\t\t\t\t<div class=\"elementor-element elementor-element-60a8b2cd elementor-widget elementor-widget-iheading\" data-id=\"60a8b2cd\" data-element_type=\"widget\" data-e-type=\"widget\" data-widget_type=\"iheading.default\">\n\t\t\t\t<div class=\"elementor-widget-container\">\n\t\t\t\t\t\t\t<div class=\"ot-heading\">\r\n\t        <span class=\"\">\u0645\u062f\u064a\u0631<\/span>\t        <h2 class=\"main-head\">\u0645\u0627\u0631\u0643 \u062f\u064a\u0641\u064a\u0631\u064a\u0633 <\/h2>\t    <\/div>\r\n\t    \t\t\t\t<\/div>\n\t\t\t\t<\/div>\n\t\t\t\t<div class=\"elementor-element elementor-element-2f059680 elementor-widget elementor-widget-text-editor\" data-id=\"2f059680\" data-element_type=\"widget\" data-e-type=\"widget\" data-widget_type=\"text-editor.default\">\n\t\t\t\t<div class=\"elementor-widget-container\">\n\t\t\t\t\t\t\t\t\t<p>Dipl\u00f4m\u00e9 en ing\u00e9nierie et en management de l\u2019innovation, Marc Diverres est intervenu pendant plusieurs ann\u00e9es en France sur des projets majeurs de transformation digitale et organisationnelle dans divers secteurs, notamment la banque, le retail, la d\u00e9fense, et le secteur public.<\/p><p>Il s&rsquo;est install\u00e9 au Maroc il y a deux ans afin de se sp\u00e9cialiser sur les questions de d\u00e9veloppement \u00e9conomique et social sur le continent africain. Ses exp\u00e9riences l&rsquo;ont amen\u00e9 \u00e0 contribuer \u00e0 des missions d&rsquo;envergure telles que l&rsquo;alignement strat\u00e9gique des centres r\u00e9gionaux d&rsquo;investissement ou le cadrage de projets du Programme des Nations Unies pour le D\u00e9veloppement.<\/p><p>Sa passion pour le surf et la boxe l\u2019a conduit \u00e0 parcourir le monde. Des rings de Tha\u00eflande et du Cambodge, aux plages d\u2019Afrique et aux \u00eeles du Pacifique, Marc a d\u00e9velopp\u00e9 un go\u00fbt prononc\u00e9 pour l&rsquo;aventure et la d\u00e9couverte.<\/p>\t\t\t\t\t\t\t\t<\/div>\n\t\t\t\t<\/div>\n\t\t\t\t\t<\/div>\n\t\t<\/div>\n\t\t\t\t\t<\/div>\n\t\t<\/section>\n\t\t\t\t<\/div>","protected":false},"excerpt":{"rendered":"<p>MANAGER DIVERRES Marc Dipl\u00f4m\u00e9 en ing\u00e9nierie et en management de l\u2019innovation, Marc Diverres est intervenu pendant plusieurs ann\u00e9es en France sur des projets majeurs de transformation digitale et organisationnelle dans divers secteurs, notamment la banque, le retail, la d\u00e9fense, et le secteur public. Il s&rsquo;est install\u00e9 au Maroc il y a deux ans afin de [&hellip;]<\/p>\n","protected":false},"author":2,"featured_media":0,"parent":3148,"menu_order":0,"comment_status":"closed","ping_status":"closed","template":"","meta":{"footnotes":""},"class_list":["post-12882","page","type-page","status-publish","hentry"],"aioseo_notices":[],"_links":{"self":[{"href":"https:\/\/south-bridge.com\/ar\/wp-json\/wp\/v2\/pages\/12882","targetHints":{"allow":["GET"]}}],"collection":[{"href":"https:\/\/south-bridge.com\/ar\/wp-json\/wp\/v2\/pages"}],"about":[{"href":"https:\/\/south-bridge.com\/ar\/wp-json\/wp\/v2\/types\/page"}],"author":[{"embeddable":true,"href":"https:\/\/south-bridge.com\/ar\/wp-json\/wp\/v2\/users\/2"}],"replies":[{"embeddable":true,"href":"https:\/\/south-bridge.com\/ar\/wp-json\/wp\/v2\/comments?post=12882"}],"version-history":[{"count":14,"href":"https:\/\/south-bridge.com\/ar\/wp-json\/wp\/v2\/pages\/12882\/revisions"}],"predecessor-version":[{"id":13407,"href":"https:\/\/south-bridge.com\/ar\/wp-json\/wp\/v2\/pages\/12882\/revisions\/13407"}],"up":[{"embeddable":true,"href":"https:\/\/south-bridge.com\/ar\/wp-json\/wp\/v2\/pages\/3148"}],"wp:attachment":[{"href":"https:\/\/south-bridge.com\/ar\/wp-json\/wp\/v2\/media?parent=12882"}],"curies":[{"name":"wp","href":"https:\/\/api.w.org\/{rel}","templated":true}]}}