{"id":12809,"date":"2024-12-19T18:03:41","date_gmt":"2024-12-19T17:03:41","guid":{"rendered":"https:\/\/south-bridge.com\/?page_id=12809"},"modified":"2026-01-28T16:44:32","modified_gmt":"2026-01-28T15:44:32","slug":"saad-uakkas","status":"publish","type":"page","link":"https:\/\/south-bridge.com\/ar\/notre-equipe\/saad-uakkas\/","title":{"rendered":"\u062f. \u0633\u0639\u062f \u0648\u0642\u0627\u0633"},"content":{"rendered":"<div data-elementor-type=\"wp-page\" data-elementor-id=\"12809\" class=\"elementor elementor-12809\">\n\t\t\t\t\t\t<section class=\"elementor-section elementor-top-section elementor-element elementor-element-92fb1d elementor-section-boxed elementor-section-height-default elementor-section-height-default\" data-id=\"92fb1d\" data-element_type=\"section\" data-e-type=\"section\">\n\t\t\t\t\t\t<div class=\"elementor-container elementor-column-gap-wide\">\n\t\t\t\t\t<div class=\"elementor-column elementor-col-50 elementor-top-column elementor-element elementor-element-659ca2fe ot-flex-column-vertical\" data-id=\"659ca2fe\" data-element_type=\"column\" data-e-type=\"column\">\n\t\t\t<div class=\"elementor-widget-wrap elementor-element-populated\">\n\t\t\t\t\t\t<div class=\"elementor-element elementor-element-4c4a79d4 elementor-widget elementor-widget-image\" data-id=\"4c4a79d4\" data-element_type=\"widget\" data-e-type=\"widget\" data-widget_type=\"image.default\">\n\t\t\t\t<div class=\"elementor-widget-container\">\n\t\t\t\t\t\t\t\t\t\t\t\t\t\t\t<img decoding=\"async\" src=\"https:\/\/south-bridge.com\/wp-content\/uploads\/2024\/12\/Saad-Uakkas.jpg\" title=\"Saad-Uakkas\" alt=\"Saad UAKKAS\" loading=\"lazy\" \/>\t\t\t\t\t\t\t\t\t\t\t\t\t\t\t<\/div>\n\t\t\t\t<\/div>\n\t\t\t\t<section class=\"elementor-section elementor-inner-section elementor-element elementor-element-748798f8 elementor-section-full_width elementor-section-height-default elementor-section-height-default\" data-id=\"748798f8\" data-element_type=\"section\" data-e-type=\"section\">\n\t\t\t\t\t\t<div class=\"elementor-container elementor-column-gap-no\">\n\t\t\t\t\t<div class=\"elementor-column elementor-col-33 elementor-inner-column elementor-element elementor-element-4e56bf02 ot-flex-column-vertical\" data-id=\"4e56bf02\" data-element_type=\"column\" data-e-type=\"column\">\n\t\t\t<div class=\"elementor-widget-wrap elementor-element-populated\">\n\t\t\t\t\t\t<div class=\"elementor-element elementor-element-7917a5d0 elementor-view-default elementor-widget elementor-widget-icon\" data-id=\"7917a5d0\" data-element_type=\"widget\" data-e-type=\"widget\" data-widget_type=\"icon.default\">\n\t\t\t\t<div class=\"elementor-widget-container\">\n\t\t\t\t\t\t\t<div class=\"elementor-icon-wrapper\">\n\t\t\t<div class=\"elementor-icon\">\n\t\t\t<i aria-hidden=\"true\" class=\"fab fa-linkedin\"><\/i>\t\t\t<\/div>\n\t\t<\/div>\n\t\t\t\t\t\t<\/div>\n\t\t\t\t<\/div>\n\t\t\t\t\t<\/div>\n\t\t<\/div>\n\t\t\t\t<div class=\"elementor-column elementor-col-33 elementor-inner-column elementor-element elementor-element-708725de ot-flex-column-vertical\" data-id=\"708725de\" data-element_type=\"column\" data-e-type=\"column\">\n\t\t\t<div class=\"elementor-widget-wrap elementor-element-populated\">\n\t\t\t\t\t\t<div class=\"elementor-element elementor-element-4111c057 elementor-view-default elementor-widget elementor-widget-icon\" data-id=\"4111c057\" data-element_type=\"widget\" data-e-type=\"widget\" data-widget_type=\"icon.default\">\n\t\t\t\t<div class=\"elementor-widget-container\">\n\t\t\t\t\t\t\t<div class=\"elementor-icon-wrapper\">\n\t\t\t<a class=\"elementor-icon\" href=\"mailto:saad.uakkas@south-bridge.com\">\n\t\t\t<i aria-hidden=\"true\" class=\"fas fa-envelope\"><\/i>\t\t\t<\/a>\n\t\t<\/div>\n\t\t\t\t\t\t<\/div>\n\t\t\t\t<\/div>\n\t\t\t\t\t<\/div>\n\t\t<\/div>\n\t\t\t\t<div class=\"elementor-column elementor-col-33 elementor-inner-column elementor-element elementor-element-3df03bb7 ot-flex-column-vertical\" data-id=\"3df03bb7\" data-element_type=\"column\" data-e-type=\"column\">\n\t\t\t<div class=\"elementor-widget-wrap\">\n\t\t\t\t\t\t\t<\/div>\n\t\t<\/div>\n\t\t\t\t\t<\/div>\n\t\t<\/section>\n\t\t\t\t\t<\/div>\n\t\t<\/div>\n\t\t\t\t<div class=\"elementor-column elementor-col-50 elementor-top-column elementor-element elementor-element-534eade0 ot-flex-column-vertical\" data-id=\"534eade0\" data-element_type=\"column\" data-e-type=\"column\">\n\t\t\t<div class=\"elementor-widget-wrap elementor-element-populated\">\n\t\t\t\t\t\t<div class=\"elementor-element elementor-element-60a8b2cd elementor-widget elementor-widget-iheading\" data-id=\"60a8b2cd\" data-element_type=\"widget\" data-e-type=\"widget\" data-widget_type=\"iheading.default\">\n\t\t\t\t<div class=\"elementor-widget-container\">\n\t\t\t\t\t\t\t<div class=\"ot-heading\">\r\n\t        <span class=\"\">\u0645\u0633\u062a\u0634\u0627\u0631<\/span>\t        <h2 class=\"main-head\">\u062f. \u0633\u0639\u062f \u0648\u0642\u0627\u0633<\/h2>\t    <\/div>\r\n\t    \t\t\t\t<\/div>\n\t\t\t\t<\/div>\n\t\t\t\t<div class=\"elementor-element elementor-element-2f059680 elementor-widget elementor-widget-text-editor\" data-id=\"2f059680\" data-element_type=\"widget\" data-e-type=\"widget\" data-widget_type=\"text-editor.default\">\n\t\t\t\t<div class=\"elementor-widget-container\">\n\t\t\t\t\t\t\t\t\t<p>\u0627\u0644\u062f\u0643\u062a\u0648\u0631 \u0633\u0639\u062f \u0648\u0642\u0627\u0633 \u062e\u0628\u064a\u0631 \u0641\u064a \u0645\u062c\u0627\u0644 \u062a\u0645\u0643\u064a\u0646 \u0627\u0644\u0634\u0628\u0627\u0628 \u0648\u0625\u0634\u0631\u0627\u0643\u0647\u0645\u060c \u0648\u0645\u062a\u062e\u0635\u0635 \u0641\u064a \u0642\u0636\u0627\u064a\u0627 \u0627\u0644\u0635\u062d\u0629 \u0648\u0627\u0644\u0645\u0646\u0627\u062e. \u0633\u0628\u0642 \u0644\u0647 \u0623\u0646 \u0634\u063a\u0644 \u0645\u0646\u0635\u0628 \u0627\u0644\u0631\u0626\u064a\u0633 \u0627\u0644\u062a\u0646\u0641\u064a\u0630\u064a \u0644\u0645\u0628\u0627\u062f\u0631\u0629 \u0627\u0644\u0634\u0628\u0627\u0628 \u0627\u0644\u0625\u0641\u0631\u064a\u0642\u064a \u0644\u0644\u062a\u063a\u064a\u0631 \u0627\u0644\u0645\u0646\u0627\u062e\u064a (AYICC)\u060c \u062d\u064a\u062b \u0646\u062c\u062d \u0641\u064a\u0647\u0627 \u0639\u0644\u0649 \u062a\u0639\u0628\u0626\u0629 \u0648\u0625\u0634\u0631\u0627\u0643 \u0648\u0631\u0628\u0637 \u0623\u0643\u062b\u0631 \u0645\u0646 500 \u0623\u0644\u0641 \u0634\u0627\u0628 \u064a\u0646\u062a\u0645\u0648\u0646 \u0625\u0644\u0649 50 \u0628\u0644\u062f\u0627 \u0641\u064a \u0623\u0639\u0645\u0627\u0644 \u0648\u0645\u0628\u0627\u062f\u0631\u0627\u062a \u0645\u0646 \u0623\u062c\u0644 \u0627\u0644\u0645\u0646\u0627\u062e. \u0643\u0645\u0627 \u0634\u0627\u0631\u0643 \u0623\u064a\u0636\u0627 \u0641\u064a \u0631\u0626\u0627\u0633\u0629 \u0641\u0631\u064a\u0642 \u0627\u0644\u0639\u0645\u0644 \u0627\u0644\u0645\u0639\u0646\u064a \u0628\u0627\u0644\u0628\u064a\u0626\u0629 \u0636\u0645\u0646 \u0634\u0628\u0643\u0629 \u0627\u0644\u0639\u0645\u0644 \u0627\u0644\u0634\u0627\u0645\u0644\u0629 \u0644\u0644\u0635\u062d\u0629 \u0627\u0644\u0646\u0641\u0633\u064a\u0629\u060c \u0648\u0643\u0627\u0646 \u0639\u0636\u0648\u0627 \u0641\u064a \u0627\u0644\u0645\u062c\u0644\u0633 \u0627\u0644\u0627\u0633\u062a\u0634\u0627\u0631\u064a \u0644\u0644\u0634\u0628\u0627\u0628 \u0628\u0645\u0631\u0643\u0632 \u0627\u0644\u0645\u0646\u0627\u062e \u0627\u0644\u062a\u0627\u0628\u0639 \u0644\u0644\u0627\u062a\u062d\u0627\u062f \u0627\u0644\u062f\u0648\u0644\u064a \u0644\u062c\u0645\u0639\u064a\u0627\u062a \u0627\u0644\u0635\u0644\u064a\u0628 \u0627\u0644\u0623\u062d\u0645\u0631 \u0648\u0627\u0644\u0647\u0644\u0627\u0644 \u0627\u0644\u0623\u062d\u0645\u0631\u060c \u0648\u0628\u062a\u0639\u0627\u0648\u0646 \u0645\u0639 \u0627\u0644\u0648\u0643\u0627\u0644\u0629 \u0627\u0644\u0623\u0645\u0631\u064a\u0643\u064a\u0629 \u0644\u0644\u062a\u0646\u0645\u064a\u0629 \u0627\u0644\u062f\u0648\u0644\u064a\u0629 (USAID) \u0644\u062f\u0639\u0645 \u0627\u0644\u0645\u0634\u0627\u0631\u064a\u0639 \u0627\u0644\u0645\u0646\u0627\u062e\u064a\u0629 \u064a\u0642\u0648\u062f\u0647\u0627 \u0648\u064a\u0646\u0641\u0630\u0647\u0627 \u0627\u0644\u0634\u0628\u0627\u0628 \u0641\u064a \u0645\u0646\u0637\u0642\u0629 \u0627\u0644\u0634\u0631\u0642 \u0627\u0644\u0623\u0648\u0633\u0637 \u0648\u0634\u0645\u0627\u0644 \u0625\u0641\u0631\u064a\u0642\u064a\u0627. \u0625\u0636\u0627\u0641\u0629 \u0625\u0644\u0649 \u0630\u0644\u0643\u060c \u0642\u0627\u0645 \u0628\u062a\u0646\u0633\u064a\u0642 \u0623\u0648\u0644 \u0623\u062c\u0646\u062d\u0629 \u0645\u062e\u0635\u0635\u0629 \u0644\u0644\u0623\u0637\u0641\u0627\u0644 \u0648\u0627\u0644\u0634\u0628\u0627\u0628 \u0641\u064a \u0642\u0645\u062a\u064a \u0627\u0644\u0623\u0645\u0645 \u0627\u0644\u0645\u062a\u062d\u062f\u0629 \u0644\u0644\u0645\u0646\u0627\u062e COP27 \u0648COP28.<\/p><p>\u062d\u0635\u0644 \u0627\u0644\u062f\u0643\u062a\u0648\u0631 \u0648\u0642\u0627\u0633 \u062d\u0627\u0635\u0644 \u0639\u0644\u0649 \u0627\u0644\u0639\u062f\u064a\u062f \u0645\u0646 \u0627\u0644\u062f\u0628\u0644\u0648\u0645\u0627\u062a \u0627\u0644\u0645\u0639\u062a\u0631\u0641 \u0628\u0647\u0627 \u0639\u0644\u0649 \u0627\u0644\u0635\u0639\u064a\u062f \u0627\u0644\u062f\u0648\u0644\u064a. \u0641\u0647\u0648 \u0645\u062d\u0627\u0636\u0631 \u0639\u0644\u0649 \u0645\u0646\u0635\u0629 TEDx\u060c \u0648\u0645\u062f\u0631\u0628 \u0648\u0645\u0643\u0648\u0646 \u062f\u0648\u0644\u064a\u060c \u0648\u062d\u0627\u0635\u0644 \u0639\u0644\u0649 \u062c\u0627\u0626\u0632\u0629 \u062f\u064a\u0627\u0646\u0627 \u0627\u0644\u0645\u0631\u0645\u0648\u0642\u0629\u060c \u0648\u0633\u0641\u064a\u0631 \u0644\u0645\u0646\u0638\u0645\u0629 One Young World\u060c \u0648\u0628\u0627\u062d\u062b \u0634\u0628\u0627\u0628\u064a \u0644\u062f\u0649 \u0645\u0646\u0638\u0645\u0629 \u0627\u0644\u064a\u0648\u0646\u0633\u0643\u0648\u060c \u0648\u0645\u0633\u0624\u0648\u0644 \u0625\u062f\u0627\u0631\u0629 \u0627\u0644\u0645\u0639\u0644\u0648\u0645\u0627\u062a \u0627\u0644\u0645\u0636\u0644\u0644\u0629 (\u0627\u0644\u0625\u0646\u0641\u0648\u062f\u064a\u0645\u064a\u0627) \u0644\u062f\u0649 \u0645\u0646\u0638\u0645\u0629 \u0627\u0644\u0635\u062d\u0629 \u0627\u0644\u0639\u0627\u0644\u0645\u064a\u0629\u060c \u0648\u0633\u0641\u064a\u0631 \u0645\u0624\u0633\u0633\u0629 \u063a\u064a\u062a\u0633. \u0643\u0645\u0627 \u062d\u0635\u0644 \u0639\u0644\u0649 \u0645\u0646\u062d\u0629 Chevening\u060c \u0648\u0632\u0645\u064a\u0644 \u0628\u0645\u0628\u0627\u062f\u0631\u0629 \u0643\u0644\u064a\u0646\u062a\u0648\u0646 \u0627\u0644\u0639\u0627\u0644\u0645\u064a\u0629\u060c \u0648\u0634\u0627\u0631\u0643 \u0641\u064a \u062a\u0645\u062b\u064a\u0644 \u0627\u0644\u0634\u0628\u0627\u0628 \u0641\u064a \u0623\u0643\u062b\u0631 \u0645\u0646 100 \u0644\u0642\u0627\u0621 \u062f\u0648\u0644\u064a. \u0642\u0627\u062f \u0627\u0644\u062f\u0643\u062a\u0648\u0631 \u0633\u0639\u062f \u0648\u0642\u0627\u0633 \u0623\u0643\u062b\u0631 \u0645\u0646 40 \u062d\u0645\u0644\u0629 \u0648\u0641\u0639\u0627\u0644\u064a\u0629 \u0648\u062d\u062f\u062b \u0639\u0644\u0649 \u0627\u0644\u0635\u0639\u064a\u062f \u0627\u0644\u0648\u0637\u0646\u064a \u0648\u0627\u0644\u062f\u0648\u0644\u064a\u060c \u062d\u0636\u0648\u0631\u064a\u0627 \u0623\u0648 \u0639\u0646 \u0628\u0639\u062f. \u0648\u062e\u0644\u0627\u0644 \u062b\u0644\u0627\u062b \u0633\u0646\u0648\u0627\u062a\u060c \u062a\u0648\u0644\u0649 \u0645\u0646\u0627\u0635\u0628 \u0642\u064a\u0627\u062f\u064a\u0629 \u0641\u064a \u0627\u0644\u0627\u062a\u062d\u0627\u062f \u0627\u0644\u062f\u0648\u0644\u064a \u0644\u0637\u0644\u0628\u0629 \u0627\u0644\u0637\u0628 (IFMSA)\u060c \u062d\u064a\u062b \u0646\u0633\u0642 \u062d\u0645\u0644\u0627\u062a \u0639\u0627\u0644\u0645\u064a\u0629 \u0648\u0627\u0633\u062a\u062c\u0627\u0628\u0629 \u0627\u0644\u0637\u0644\u0628\u0629 \u0644\u062c\u0627\u0626\u062d\u0629 \u0643\u0648\u0641\u064a\u062f19.<\/p><p>\u0648\u0642\u062f \u062d\u0635\u0644 \u0633\u0639\u062f \u0639\u0644\u0649 \u062f\u0643\u062a\u0648\u0631\u0627\u0647 \u0641\u064a \u0627\u0644\u0637\u0628 \u0628\u0627\u0644\u0631\u0628\u0627\u0637 \u0648\u0623\u064a\u0636\u0627 \u0639\u0644\u0649 \u0645\u0627\u0633\u062a\u0631 \u0641\u064a \u0627\u0644\u0635\u062d\u0629 \u0627\u0644\u0639\u0627\u0645\u0629 \u0645\u0646 \u0643\u0644\u064a\u0629 \u0644\u0646\u062f\u0646 \u0644\u0644\u0635\u062d\u0629 \u0648\u0627\u0644\u0637\u0628 \u0627\u0644\u0627\u0633\u062a\u0648\u0627\u0626\u064a (LSHTM)\u060c \u0648\u0647\u0648 \u0625\u0646\u0633\u0627\u0646 \u0634\u063a\u0648\u0641 \u0628\u0644\u0639\u0628\u0629 \u0627\u0644\u0634\u0637\u0631\u0646\u062c \u0648\u0643\u0631\u0629 \u0627\u0644\u0637\u0627\u0648\u0644\u0629.<\/p>\t\t\t\t\t\t\t\t<\/div>\n\t\t\t\t<\/div>\n\t\t\t\t\t<\/div>\n\t\t<\/div>\n\t\t\t\t\t<\/div>\n\t\t<\/section>\n\t\t\t\t<\/div>","protected":false},"excerpt":{"rendered":"<p>Consultant Dr. UAKKAS Saad Expert en autonomisation et engagement des jeunes, sp\u00e9cialis\u00e9 dans la sant\u00e9 et le climat, Dr. Saad Uakkas a \u00e9t\u00e9 Pr\u00e9sident Ex\u00e9cutif de l\u2019African Youth Initiative for Climate Change (AYICC), o\u00f9 il a mobilis\u00e9, engag\u00e9 et connect\u00e9 plus de 500 000 jeunes issus de 50 pays dans des actions pour le climat. [&hellip;]<\/p>\n","protected":false},"author":2,"featured_media":0,"parent":3148,"menu_order":0,"comment_status":"closed","ping_status":"closed","template":"","meta":{"footnotes":""},"class_list":["post-12809","page","type-page","status-publish","hentry"],"aioseo_notices":[],"_links":{"self":[{"href":"https:\/\/south-bridge.com\/ar\/wp-json\/wp\/v2\/pages\/12809","targetHints":{"allow":["GET"]}}],"collection":[{"href":"https:\/\/south-bridge.com\/ar\/wp-json\/wp\/v2\/pages"}],"about":[{"href":"https:\/\/south-bridge.com\/ar\/wp-json\/wp\/v2\/types\/page"}],"author":[{"embeddable":true,"href":"https:\/\/south-bridge.com\/ar\/wp-json\/wp\/v2\/users\/2"}],"replies":[{"embeddable":true,"href":"https:\/\/south-bridge.com\/ar\/wp-json\/wp\/v2\/comments?post=12809"}],"version-history":[{"count":15,"href":"https:\/\/south-bridge.com\/ar\/wp-json\/wp\/v2\/pages\/12809\/revisions"}],"predecessor-version":[{"id":13419,"href":"https:\/\/south-bridge.com\/ar\/wp-json\/wp\/v2\/pages\/12809\/revisions\/13419"}],"up":[{"embeddable":true,"href":"https:\/\/south-bridge.com\/ar\/wp-json\/wp\/v2\/pages\/3148"}],"wp:attachment":[{"href":"https:\/\/south-bridge.com\/ar\/wp-json\/wp\/v2\/media?parent=12809"}],"curies":[{"name":"wp","href":"https:\/\/api.w.org\/{rel}","templated":true}]}}