{"id":12779,"date":"2024-12-19T17:54:50","date_gmt":"2024-12-19T16:54:50","guid":{"rendered":"https:\/\/south-bridge.com\/?page_id=12779"},"modified":"2026-01-28T16:45:06","modified_gmt":"2026-01-28T15:45:06","slug":"maryame-taghzout","status":"publish","type":"page","link":"https:\/\/south-bridge.com\/ar\/notre-equipe\/maryame-taghzout\/","title":{"rendered":"TAGHWOUT Maryame"},"content":{"rendered":"<div data-elementor-type=\"wp-page\" data-elementor-id=\"12779\" class=\"elementor elementor-12779\">\n\t\t\t\t\t\t<section class=\"elementor-section elementor-top-section elementor-element elementor-element-92fb1d elementor-section-boxed elementor-section-height-default elementor-section-height-default\" data-id=\"92fb1d\" data-element_type=\"section\" data-e-type=\"section\">\n\t\t\t\t\t\t<div class=\"elementor-container elementor-column-gap-wide\">\n\t\t\t\t\t<div class=\"elementor-column elementor-col-50 elementor-top-column elementor-element elementor-element-659ca2fe ot-flex-column-vertical\" data-id=\"659ca2fe\" data-element_type=\"column\" data-e-type=\"column\">\n\t\t\t<div class=\"elementor-widget-wrap elementor-element-populated\">\n\t\t\t\t\t\t<div class=\"elementor-element elementor-element-4c4a79d4 elementor-widget elementor-widget-image\" data-id=\"4c4a79d4\" data-element_type=\"widget\" data-e-type=\"widget\" data-widget_type=\"image.default\">\n\t\t\t\t<div class=\"elementor-widget-container\">\n\t\t\t\t\t\t\t\t\t\t\t\t\t\t\t<img decoding=\"async\" src=\"https:\/\/south-bridge.com\/wp-content\/uploads\/2024\/12\/TAGHZOUT-Maryame.jpg\" title=\"TAGHZOUT-Maryame\" alt=\"TAGHZOUT-Maryame\" loading=\"lazy\" \/>\t\t\t\t\t\t\t\t\t\t\t\t\t\t\t<\/div>\n\t\t\t\t<\/div>\n\t\t\t\t<section class=\"elementor-section elementor-inner-section elementor-element elementor-element-748798f8 elementor-section-full_width elementor-section-height-default elementor-section-height-default\" data-id=\"748798f8\" data-element_type=\"section\" data-e-type=\"section\">\n\t\t\t\t\t\t<div class=\"elementor-container elementor-column-gap-no\">\n\t\t\t\t\t<div class=\"elementor-column elementor-col-33 elementor-inner-column elementor-element elementor-element-4e56bf02 ot-flex-column-vertical\" data-id=\"4e56bf02\" data-element_type=\"column\" data-e-type=\"column\">\n\t\t\t<div class=\"elementor-widget-wrap elementor-element-populated\">\n\t\t\t\t\t\t<div class=\"elementor-element elementor-element-7917a5d0 elementor-view-default elementor-widget elementor-widget-icon\" data-id=\"7917a5d0\" data-element_type=\"widget\" data-e-type=\"widget\" data-widget_type=\"icon.default\">\n\t\t\t\t<div class=\"elementor-widget-container\">\n\t\t\t\t\t\t\t<div class=\"elementor-icon-wrapper\">\n\t\t\t<div class=\"elementor-icon\">\n\t\t\t<i aria-hidden=\"true\" class=\"fab fa-linkedin\"><\/i>\t\t\t<\/div>\n\t\t<\/div>\n\t\t\t\t\t\t<\/div>\n\t\t\t\t<\/div>\n\t\t\t\t\t<\/div>\n\t\t<\/div>\n\t\t\t\t<div class=\"elementor-column elementor-col-33 elementor-inner-column elementor-element elementor-element-708725de ot-flex-column-vertical\" data-id=\"708725de\" data-element_type=\"column\" data-e-type=\"column\">\n\t\t\t<div class=\"elementor-widget-wrap elementor-element-populated\">\n\t\t\t\t\t\t<div class=\"elementor-element elementor-element-4111c057 elementor-view-default elementor-widget elementor-widget-icon\" data-id=\"4111c057\" data-element_type=\"widget\" data-e-type=\"widget\" data-widget_type=\"icon.default\">\n\t\t\t\t<div class=\"elementor-widget-container\">\n\t\t\t\t\t\t\t<div class=\"elementor-icon-wrapper\">\n\t\t\t<a class=\"elementor-icon\" href=\"mailto:maryame.taghzout@south-bridge.com\">\n\t\t\t<i aria-hidden=\"true\" class=\"fas fa-envelope\"><\/i>\t\t\t<\/a>\n\t\t<\/div>\n\t\t\t\t\t\t<\/div>\n\t\t\t\t<\/div>\n\t\t\t\t\t<\/div>\n\t\t<\/div>\n\t\t\t\t<div class=\"elementor-column elementor-col-33 elementor-inner-column elementor-element elementor-element-3df03bb7 ot-flex-column-vertical\" data-id=\"3df03bb7\" data-element_type=\"column\" data-e-type=\"column\">\n\t\t\t<div class=\"elementor-widget-wrap\">\n\t\t\t\t\t\t\t<\/div>\n\t\t<\/div>\n\t\t\t\t\t<\/div>\n\t\t<\/section>\n\t\t\t\t\t<\/div>\n\t\t<\/div>\n\t\t\t\t<div class=\"elementor-column elementor-col-50 elementor-top-column elementor-element elementor-element-534eade0 ot-flex-column-vertical\" data-id=\"534eade0\" data-element_type=\"column\" data-e-type=\"column\">\n\t\t\t<div class=\"elementor-widget-wrap elementor-element-populated\">\n\t\t\t\t\t\t<div class=\"elementor-element elementor-element-60a8b2cd elementor-widget elementor-widget-iheading\" data-id=\"60a8b2cd\" data-element_type=\"widget\" data-e-type=\"widget\" data-widget_type=\"iheading.default\">\n\t\t\t\t<div class=\"elementor-widget-container\">\n\t\t\t\t\t\t\t<div class=\"ot-heading\">\r\n\t        <span class=\"\">\u0645\u0633\u062a\u0634\u0627\u0631<\/span>\t        <h2 class=\"main-head\">\u0645\u0631\u064a\u0645 \u062a\u063a\u0632\u0648\u062a <\/h2>\t    <\/div>\r\n\t    \t\t\t\t<\/div>\n\t\t\t\t<\/div>\n\t\t\t\t<div class=\"elementor-element elementor-element-2f059680 elementor-widget elementor-widget-text-editor\" data-id=\"2f059680\" data-element_type=\"widget\" data-e-type=\"widget\" data-widget_type=\"text-editor.default\">\n\t\t\t\t<div class=\"elementor-widget-container\">\n\t\t\t\t\t\t\t\t\t<p>\u0645\u0631\u064a\u0645 \u062a\u063a\u0632\u0648\u062a\u060c \u0645\u0647\u0646\u062f\u0633\u0629 \u062f\u0648\u0644\u0629\u060c \u062a\u062e\u0631\u062c\u062a \u0645\u0646 \u0627\u0644\u0645\u062f\u0631\u0633\u0629 \u0627\u0644\u0645\u062d\u0645\u062f\u064a\u0629 \u0644\u0644\u0645\u0647\u0646\u062f\u0633\u064a\u0646. \u0648\u0628\u062f\u0623\u062a \u0645\u0633\u064a\u0631\u062a\u0647\u0627 \u0627\u0644\u0645\u0647\u0646\u064a\u0629 \u0641\u064a \u0645\u0643\u062a\u0628 \u0627\u0644\u062f\u0631\u0627\u0633\u0627\u062a Southbridge\u060c \u062d\u064a\u062b \u0639\u0645\u0644\u062a \u0641\u064a\u0647 \u0643\u0645\u062a\u062f\u0631\u0628\u0629\u060c \u0642\u0628\u0644 \u0623\u0646 \u062a\u0646\u0636\u0645 \u0625\u0644\u0649 \u0641\u0631\u064a\u0642 \u0627\u0644\u0645\u0633\u062a\u0634\u0627\u0631\u064a\u0646 \u0628\u0627\u0644\u0634\u0631\u0643\u0629\u060c \u0644\u062a\u0633\u0627\u0647\u0645 \u0628\u0639\u062f \u0630\u0644\u0643 \u0641\u064a \u0625\u0646\u062c\u0627\u0632 \u0639\u062f\u062f \u0645\u0646 \u0627\u0644\u0645\u0634\u0627\u0631\u064a\u0639 \u0627\u0644\u0627\u0633\u062a\u0631\u0627\u062a\u064a\u062c\u064a\u0629 \u0648\u062a\u0646\u0641\u064a\u0630 \u0627\u0644\u062d\u0644\u0648\u0644 \u0641\u064a \u0642\u0637\u0627\u0639\u0627\u062a \u0645\u062e\u062a\u0644\u0641\u0629\u060c \u0645\u0646 \u0623\u0628\u0631\u0632\u0647\u0627 \u0627\u0644\u0635\u062d\u0629 \u0648\u0627\u0644\u062a\u0634\u063a\u064a\u0644 \u0648\u0627\u0644\u0635\u0646\u0627\u0639\u0629 \u0648\u0627\u0644\u0627\u0642\u062a\u0635\u0627\u062f.<\/p><p>\u0646\u0638\u0631\u0627 \u0644\u0627\u0647\u062a\u0645\u0627\u0645\u0647\u0627 \u0628\u0627\u0644\u062f\u064a\u0646\u0627\u0645\u064a\u0627\u062a \u0627\u0644\u062b\u0642\u0627\u0641\u064a\u0629 \u0648\u0627\u0644\u0627\u062c\u062a\u0645\u0627\u0639\u064a\u0629\u060c \u062a\u0634\u0639\u0631 \u0645\u0631\u064a\u0645 \u0643\u062b\u064a\u0631\u0627 \u0628\u0642\u0631\u0628\u0647\u0627 \u0648\u062d\u0633\u0627\u0633\u064a\u062a\u0647\u0627 \u0628\u0627\u0633\u062a\u0645\u0631\u0627\u0631 \u0645\u0646 \u0645\u0633\u0623\u0644\u0629 \u0642\u064a\u0627\u0633 \u0627\u0644\u062a\u0623\u062b\u064a\u0631 \u0627\u0644\u0645\u0644\u0645\u0648\u0633 \u0644\u0644\u0645\u0634\u0627\u0631\u064a\u0639 \u0627\u0644\u062a\u064a \u062a\u0634\u062a\u063a\u0644 \u0639\u0644\u064a\u0647\u0627\u060c \u0643\u0644 \u0630\u0644\u0643 \u0645\u0646 \u062e\u0644\u0627\u0644 \u062a\u0628\u0646\u064a \u0631\u0624\u064a\u0629 \u0639\u0645\u0644\u064a\u0629 \u0648\u0646\u0642\u062f\u064a\u0629 \u0644\u0644\u062d\u0644\u0648\u0644 \u0627\u0644\u062a\u064a \u064a\u062a\u0645 \u0627\u0642\u062a\u0631\u0627\u062d\u0647\u0627.<\/p><p>\u0648\u0642\u062f \u0645\u0643\u0646\u062a\u0647\u0627 \u062a\u062c\u0631\u0628\u062a\u0647\u0627 \u0627\u0644\u0645\u0647\u0646\u064a\u0629 \u062f\u0627\u062e\u0644 \u0645\u0643\u062a\u0628 \u0627\u0644\u062f\u0631\u0627\u0633\u0627\u062a Southbridge \u0645\u0646 \u062a\u062d\u0642\u064a\u0642 \u0627\u0644\u062a\u0637\u0648\u0631 \u0645\u0633\u062a\u0641\u064a\u062f\u0629 \u0645\u0646 \u0627\u0644\u0628\u064a\u0626\u0629 \u0648\u0627\u0644\u0623\u062c\u0648\u0627\u0621 \u0627\u0644\u0633\u0627\u0626\u062f\u0629 \u062f\u0627\u062e\u0644 \u0627\u0644\u0634\u0631\u0643\u0629 \u0648\u0627\u0644\u0645\u062a\u0633\u0645\u0629 \u0628\u062a\u0639\u062f\u062f \u0627\u0644\u062b\u0642\u0627\u0641\u0627\u062a\u060c \u0648\u0623\u064a\u0636\u0627 \u0628\u0641\u0636\u0644 \u0627\u0644\u062a\u0639\u0627\u0648\u0646 \u0645\u0639 \u0641\u0631\u064a\u0642 \u064a\u062a\u0643\u0648\u0646 \u0645\u0646 \u0623\u0635\u0648\u0644 \u0648\u0622\u0641\u0627\u0642 \u0645\u062a\u0646\u0648\u0639\u0629. \u0647\u0630\u0627 \u0627\u0644\u062a\u0646\u0648\u0639 \u0628\u0645\u062b\u0627\u0628\u0629 \u0645\u0635\u062f\u0631 \u063a\u0646\u0649 \u0648\u062b\u0631\u0627\u0621 \u0634\u062e\u0635\u064a \u0648\u0645\u0647\u0646\u064a \u0644\u0643\u0627\u0641\u0629 \u0627\u0644\u0639\u0627\u0645\u0644\u064a\u0646 \u0628\u0627\u0644\u0634\u0631\u0643\u0629\u060c \u0643\u0645\u0627 \u064a\u0633\u0627\u0647\u0645 \u0628\u0642\u0648\u0629 \u0641\u064a \u062a\u063a\u0630\u064a\u0629 \u0641\u0636\u0648\u0644\u0647\u0645 \u0648\u062a\u062d\u0641\u064a\u0632 \u0643\u0641\u0627\u0621\u0627\u062a\u0647\u0645 \u0648\u0645\u0647\u0627\u0631\u0627\u062a\u0647\u0645 \u0628\u0634\u0643\u0644 \u0645\u0633\u062a\u0645\u0631.<\/p><p>\u062e\u0627\u0631\u062c \u0646\u0637\u0627\u0642 \u0639\u0645\u0644\u0647\u0627\u060c \u062a\u0645\u0627\u0631\u0633 \u0645\u0631\u064a\u0645 \u0639\u062f\u062f\u0627 \u0645\u0646 \u0627\u0644\u0623\u0646\u0634\u0637\u0629\u060c \u0645\u0646\u0647\u0627 \u0627\u0644\u064a\u0648\u063a\u0627 \u0627\u0644\u062a\u064a \u062a\u0639\u062a\u0628\u0631\u0647\u0627 \u0627\u0644\u0648\u0633\u064a\u0644\u0629 \u0627\u0644\u0645\u0646\u0627\u0633\u0628\u0629 \u0628\u0627\u0644\u0646\u0633\u0628\u0629 \u0625\u0644\u064a\u0647\u0627 \u0644\u0644\u062d\u0641\u0627\u0638 \u0639\u0644\u0649 \u0627\u0644\u062a\u0648\u0627\u0632\u0646 \u0648\u062a\u062d\u0642\u064a\u0642 \u0627\u0644\u062a\u0631\u0643\u064a\u0632 \u0628\u0634\u0643\u0644 \u0645\u062a\u0648\u0627\u0635\u0644. \u0643\u0645\u0627 \u062a\u062d\u0628 \u0643\u062b\u064a\u0631\u0627 \u0645\u0632\u0627\u0648\u0644\u0629 \u0631\u064a\u0627\u0636\u0629 \u0627\u0644\u0645\u0634\u064a \u0641\u064a \u0627\u0644\u0637\u0628\u064a\u0639\u0629 \u0648\u0627\u0644\u0645\u0633\u0627\u0631\u0627\u062a \u0627\u0644\u062c\u0628\u0644\u064a\u0629\u060c \u0641\u0647\u064a \u0627\u0644\u0641\u0631\u0635\u0629 \u0627\u0644\u0645\u0646\u0627\u0633\u0628\u0629 \u0645\u0646 \u0623\u062c\u0644 \u0627\u0644\u0631\u0627\u062d\u0629 \u0648\u0627\u0644\u0627\u0633\u062a\u0631\u062e\u0627\u0621 \u0645\u0646 \u062d\u064a\u0646 \u0644\u0622\u062e\u0631\u060c \u0645\u0639 \u0627\u0644\u0627\u0633\u062a\u0645\u062a\u0627\u0639 \u0628\u0644\u062d\u0638\u0627\u062a \u0645\u0646 \u0627\u0644\u0647\u062f\u0648\u0621 \u0644\u0627\u0643\u062a\u0633\u0627\u0628 \u0637\u0627\u0642\u0629 \u0625\u064a\u062c\u0627\u0628\u064a\u0629 \u062c\u062f\u064a\u062f\u0629\u060c \u0643\u0645\u0627 \u062a\u0639\u062a\u0628\u0631\u0647\u0627 \u0648\u0633\u064a\u0644\u0629 \u0644\u0644\u0625\u0644\u0647\u0627\u0645 \u0645\u0646 \u0623\u062c\u0644 \u0645\u0642\u0627\u0631\u0628\u0629 \u0648\u0625\u0646\u062c\u0627\u0632 \u0627\u0644\u0645\u0634\u0627\u0631\u064a\u0639 \u0627\u0644\u062a\u064a \u062a\u0634\u062a\u063a\u0644 \u0639\u0644\u064a\u0647\u0627 \u0648\u0641\u0642 \u0631\u0624\u064a\u0629 \u062c\u062f\u064a\u062f\u0629.\u00a0<\/p>\t\t\t\t\t\t\t\t<\/div>\n\t\t\t\t<\/div>\n\t\t\t\t\t<\/div>\n\t\t<\/div>\n\t\t\t\t\t<\/div>\n\t\t<\/section>\n\t\t\t\t<\/div>","protected":false},"excerpt":{"rendered":"<p>Senior associate TAGHZOUT Maryame Dipl\u00f4m\u00e9e de l\u2019\u00c9cole Mohammadia d\u2019Ing\u00e9nieurs, Maryame Taghzout a d\u00e9but\u00e9 son parcours chez Southbridge A&amp;I en tant que stagiaire avant de rejoindre l\u2019\u00e9quipe en tant que consultante. Depuis, elle a contribu\u00e9 \u00e0 des projets m\u00ealant r\u00e9flexion strat\u00e9gique et mise en \u0153uvre de solutions dans des secteurs vari\u00e9s, notamment la sant\u00e9, l\u2019emploi, l\u2019industrie [&hellip;]<\/p>\n","protected":false},"author":2,"featured_media":0,"parent":3148,"menu_order":0,"comment_status":"closed","ping_status":"closed","template":"","meta":{"footnotes":""},"class_list":["post-12779","page","type-page","status-publish","hentry"],"aioseo_notices":[],"_links":{"self":[{"href":"https:\/\/south-bridge.com\/ar\/wp-json\/wp\/v2\/pages\/12779","targetHints":{"allow":["GET"]}}],"collection":[{"href":"https:\/\/south-bridge.com\/ar\/wp-json\/wp\/v2\/pages"}],"about":[{"href":"https:\/\/south-bridge.com\/ar\/wp-json\/wp\/v2\/types\/page"}],"author":[{"embeddable":true,"href":"https:\/\/south-bridge.com\/ar\/wp-json\/wp\/v2\/users\/2"}],"replies":[{"embeddable":true,"href":"https:\/\/south-bridge.com\/ar\/wp-json\/wp\/v2\/comments?post=12779"}],"version-history":[{"count":17,"href":"https:\/\/south-bridge.com\/ar\/wp-json\/wp\/v2\/pages\/12779\/revisions"}],"predecessor-version":[{"id":13422,"href":"https:\/\/south-bridge.com\/ar\/wp-json\/wp\/v2\/pages\/12779\/revisions\/13422"}],"up":[{"embeddable":true,"href":"https:\/\/south-bridge.com\/ar\/wp-json\/wp\/v2\/pages\/3148"}],"wp:attachment":[{"href":"https:\/\/south-bridge.com\/ar\/wp-json\/wp\/v2\/media?parent=12779"}],"curies":[{"name":"wp","href":"https:\/\/api.w.org\/{rel}","templated":true}]}}