{"id":12765,"date":"2024-12-09T15:27:51","date_gmt":"2024-12-09T14:27:51","guid":{"rendered":"https:\/\/south-bridge.com\/?page_id=12765"},"modified":"2025-07-31T17:25:53","modified_gmt":"2025-07-31T15:25:53","slug":"taoufiq-saaad","status":"publish","type":"page","link":"https:\/\/south-bridge.com\/ar\/notre-equipe\/taoufiq-saaad\/","title":{"rendered":"\u0633\u0639\u062f \u062a\u0648\u0641\u064a\u0642"},"content":{"rendered":"<div data-elementor-type=\"wp-page\" data-elementor-id=\"12765\" class=\"elementor elementor-12765\">\n\t\t\t\t\t\t<section class=\"elementor-section elementor-top-section elementor-element elementor-element-f31b858 elementor-section-boxed elementor-section-height-default elementor-section-height-default\" data-id=\"f31b858\" data-element_type=\"section\" data-e-type=\"section\">\n\t\t\t\t\t\t<div class=\"elementor-container elementor-column-gap-wide\">\n\t\t\t\t\t<div class=\"elementor-column elementor-col-50 elementor-top-column elementor-element elementor-element-c794737 ot-flex-column-vertical\" data-id=\"c794737\" data-element_type=\"column\" data-e-type=\"column\">\n\t\t\t<div class=\"elementor-widget-wrap elementor-element-populated\">\n\t\t\t\t\t\t<div class=\"elementor-element elementor-element-3c69b18 elementor-widget elementor-widget-image\" data-id=\"3c69b18\" data-element_type=\"widget\" data-e-type=\"widget\" data-widget_type=\"image.default\">\n\t\t\t\t<div class=\"elementor-widget-container\">\n\t\t\t\t\t\t\t\t\t\t\t\t\t\t\t<img decoding=\"async\" src=\"https:\/\/south-bridge.com\/wp-content\/uploads\/2024\/12\/Taoufiq-SAAAD.jpg\" title=\"Taoufiq-SAAAD\" alt=\"Hamza AADAD\" loading=\"lazy\" \/>\t\t\t\t\t\t\t\t\t\t\t\t\t\t\t<\/div>\n\t\t\t\t<\/div>\n\t\t\t\t<section class=\"elementor-section elementor-inner-section elementor-element elementor-element-983ee34 elementor-section-full_width elementor-section-height-default elementor-section-height-default\" data-id=\"983ee34\" data-element_type=\"section\" data-e-type=\"section\">\n\t\t\t\t\t\t<div class=\"elementor-container elementor-column-gap-no\">\n\t\t\t\t\t<div class=\"elementor-column elementor-col-33 elementor-inner-column elementor-element elementor-element-3d77923 ot-flex-column-vertical\" data-id=\"3d77923\" data-element_type=\"column\" data-e-type=\"column\">\n\t\t\t<div class=\"elementor-widget-wrap elementor-element-populated\">\n\t\t\t\t\t\t<div class=\"elementor-element elementor-element-6050d81 elementor-view-default elementor-widget elementor-widget-icon\" data-id=\"6050d81\" data-element_type=\"widget\" data-e-type=\"widget\" data-widget_type=\"icon.default\">\n\t\t\t\t<div class=\"elementor-widget-container\">\n\t\t\t\t\t\t\t<div class=\"elementor-icon-wrapper\">\n\t\t\t<a class=\"elementor-icon\" href=\"https:\/\/www.linkedin.com\/in\/benissan-yves-g-t-barrigah\/\" target=\"_blank\">\n\t\t\t<i aria-hidden=\"true\" class=\"fab fa-linkedin\"><\/i>\t\t\t<\/a>\n\t\t<\/div>\n\t\t\t\t\t\t<\/div>\n\t\t\t\t<\/div>\n\t\t\t\t\t<\/div>\n\t\t<\/div>\n\t\t\t\t<div class=\"elementor-column elementor-col-33 elementor-inner-column elementor-element elementor-element-a8fecd7 ot-flex-column-vertical\" data-id=\"a8fecd7\" data-element_type=\"column\" data-e-type=\"column\">\n\t\t\t<div class=\"elementor-widget-wrap elementor-element-populated\">\n\t\t\t\t\t\t<div class=\"elementor-element elementor-element-e9157d6 elementor-view-default elementor-widget elementor-widget-icon\" data-id=\"e9157d6\" data-element_type=\"widget\" data-e-type=\"widget\" data-widget_type=\"icon.default\">\n\t\t\t\t<div class=\"elementor-widget-container\">\n\t\t\t\t\t\t\t<div class=\"elementor-icon-wrapper\">\n\t\t\t<a class=\"elementor-icon\" href=\"mailto:benissan.barrigah@south-bridge.com\">\n\t\t\t<i aria-hidden=\"true\" class=\"fas fa-envelope\"><\/i>\t\t\t<\/a>\n\t\t<\/div>\n\t\t\t\t\t\t<\/div>\n\t\t\t\t<\/div>\n\t\t\t\t\t<\/div>\n\t\t<\/div>\n\t\t\t\t<div class=\"elementor-column elementor-col-33 elementor-inner-column elementor-element elementor-element-6883ab7 ot-flex-column-vertical\" data-id=\"6883ab7\" data-element_type=\"column\" data-e-type=\"column\">\n\t\t\t<div class=\"elementor-widget-wrap\">\n\t\t\t\t\t\t\t<\/div>\n\t\t<\/div>\n\t\t\t\t\t<\/div>\n\t\t<\/section>\n\t\t\t\t\t<\/div>\n\t\t<\/div>\n\t\t\t\t<div class=\"elementor-column elementor-col-50 elementor-top-column elementor-element elementor-element-0b1c4b3 ot-flex-column-vertical\" data-id=\"0b1c4b3\" data-element_type=\"column\" data-e-type=\"column\">\n\t\t\t<div class=\"elementor-widget-wrap elementor-element-populated\">\n\t\t\t\t\t\t<div class=\"elementor-element elementor-element-841e06b elementor-widget elementor-widget-iheading\" data-id=\"841e06b\" data-element_type=\"widget\" data-e-type=\"widget\" data-widget_type=\"iheading.default\">\n\t\t\t\t<div class=\"elementor-widget-container\">\n\t\t\t\t\t\t\t<div class=\"ot-heading\">\r\n\t        <span class=\"\">\u0645\u0633\u062a\u0634\u0627\u0631<\/span>\t        <h2 class=\"main-head\">\u0633\u0639\u062f \u062a\u0648\u0641\u064a\u0642<\/h2>\t    <\/div>\r\n\t    \t\t\t\t<\/div>\n\t\t\t\t<\/div>\n\t\t\t\t<div class=\"elementor-element elementor-element-bb4f4ed elementor-widget elementor-widget-text-editor\" data-id=\"bb4f4ed\" data-element_type=\"widget\" data-e-type=\"widget\" data-widget_type=\"text-editor.default\">\n\t\t\t\t<div class=\"elementor-widget-container\">\n\t\t\t\t\t\t\t\t\t<p>\u062a\u0648\u0641\u064a\u0642 \u062e\u0631\u064a\u062c \u0627\u0644\u0645\u062f\u0631\u0633\u0629 \u0627\u0644\u0645\u062d\u0645\u062f\u064a\u0629 \u0644\u0644\u0645\u0647\u0646\u062f\u0633\u064a\u0646\u060c \u0627\u0646\u0636\u0645 \u0625\u0644\u0649 \u0634\u0631\u0643\u0629 Southbridge \u0644\u0644\u062f\u0631\u0627\u0633\u0627\u062a \u0627\u0644\u0627\u0633\u062a\u0631\u0627\u062a\u064a\u062c\u064a\u0629\u060c \u062d\u064a\u062b \u0628\u062f\u0623 \u0645\u0633\u064a\u0631\u062a\u0647 \u0627\u0644\u0645\u0647\u0646\u064a\u0629 \u062f\u0627\u062e\u0644 \u0627\u0644\u0634\u0631\u0643\u0629 \u0643\u0645\u062a\u062f\u0631\u0628 \u0642\u0628\u0644 \u0623\u0646 \u064a\u0635\u0628\u062d \u0645\u0633\u062a\u0634\u0627\u0631\u0627. \u062e\u0644\u0627\u0644 \u0645\u0633\u064a\u0631\u062a\u0647 \u0627\u0644\u0645\u0647\u0646\u064a\u0629\u060c \u0634\u0627\u0631\u0643 \u0641\u064a \u0625\u0646\u062c\u0627\u0632 \u0639\u062f\u062f \u0645\u0646 \u0627\u0644\u0645\u0647\u0627\u0645 \u0645\u0643\u0646\u062a\u0647 \u0645\u0646 \u0635\u0642\u0644 \u0645\u0648\u0647\u0628\u062a\u0647 \u0648\u062a\u0637\u0648\u064a\u0631 \u062e\u0628\u0631\u0629 \u062a\u062c\u0645\u0639 \u0628\u064a\u0646 \u0627\u0644\u0642\u0637\u0627\u0639\u0627\u062a \u0627\u0644\u0627\u0642\u062a\u0635\u0627\u062f\u064a\u0629 \u0648\u0627\u0644\u0627\u062c\u062a\u0645\u0627\u0639\u064a\u0629. <strong>\u0645\u0643\u062a\u0628 \u0627\u0644\u062f\u0631\u0627\u0633\u0627\u062a \u0633\u0627\u0648\u062b\u0628\u0631\u064a\u062f\u062c<\/strong>, d\u2019abord en tant que stagiaire, puis en tant que consultant. Tout au long de son parcours, il s\u2019est investi dans des missions vari\u00e9es, d\u00e9veloppant une expertise \u00e0 la crois\u00e9e des secteurs \u00e9conomiques et sociaux.<\/p><p>\u0628\u0635\u0641\u062a\u0647 \u0627\u0644\u0631\u0626\u064a\u0633 \u0627\u0644\u0633\u0627\u0628\u0642 \u0644\u0641\u0631\u064a\u0642 \u0645\u0646 \u0641\u0631\u0642 \u0645\u0646\u0638\u0645\u0629 Enactus \u0628\u0627\u0644\u0645\u062f\u0631\u0633\u0629 \u0627\u0644\u0645\u062d\u0645\u062f\u064a\u0629 \u0644\u0644\u0645\u0647\u0646\u062f\u0633\u064a\u0646\u060c \u0642\u0627\u062f \u062a\u0648\u0641\u064a\u0642 \u0645\u062c\u0645\u0648\u0639\u0629 \u0645\u0643\u0644\u0641\u0629 \u0628\u062a\u0637\u0648\u064a\u0631 \u0645\u0634\u0627\u0631\u064a\u0639 \u0627\u0644\u0645\u0642\u0627\u0648\u0644\u0629 \u0648\u0631\u064a\u0627\u062f\u0629 \u0627\u0644\u0623\u0639\u0645\u0627\u0644 \u0627\u0644\u0627\u062c\u062a\u0645\u0627\u0639\u064a\u0629\u060c \u0645\u0639\u0632\u0632\u0627 \u0628\u0630\u0644\u0643 \u0627\u0644\u062a\u0632\u0627\u0645\u0647 \u0628\u0627\u0644\u0627\u0628\u062a\u0643\u0627\u0631 \u0648\u0627\u0644\u062a\u0646\u0645\u064a\u0629 \u0627\u0644\u0645\u0633\u062a\u062f\u0627\u0645\u0629.<\/p><p>\u062a\u0648\u0641\u064a\u0642 \u0634\u062e\u0635 \u0634\u063a\u0648\u0641 \u0648\u0639\u0627\u0634\u0642 \u0644\u0639\u0627\u0644\u0645 \u0627\u0644\u0633\u064a\u0627\u0631\u0627\u062a \u0648\u0631\u064a\u0627\u0636\u0629 \u0627\u0644\u0641\u0648\u0631\u0645\u0648\u0644\u0627 1\u060c \u064a\u062a\u0645\u064a\u0632 \u0628\u062d\u0628 \u0627\u0644\u0627\u0633\u062a\u0637\u0644\u0627\u0639 \u0648\u0628\u0631\u0648\u062d \u0627\u0644\u062a\u0646\u0627\u0641\u0633. \u0648\u0627\u0644\u062a\u062d\u062f\u064a\u0627\u062a \u0628\u0627\u0644\u0646\u0633\u0628\u0629 \u0644\u0647 \u0628\u0645\u062b\u0627\u0628\u0629 \u0641\u0631\u0635 \u0644\u0644\u062a\u0637\u0648\u0631\u060c \u0633\u0648\u0627\u0621 \u0639\u0644\u0649 \u0645\u0636\u0645\u0627\u0631 \u0627\u0644\u0633\u0628\u0627\u0642 \u0623\u0648 \u0641\u064a \u0639\u0645\u0644\u0647 \u0627\u0644\u0645\u0647\u0646\u064a. \u0634\u0639\u0627\u0631\u0647 \u0641\u064a \u0627\u0644\u062d\u064a\u0627\u0629 \u0647\u0648: \"\u0627\u0644\u062a\u0645\u064a\u0632 \u064a\u0648\u0644\u062f \u0645\u0646 \u0627\u0644\u0634\u063a\u0641 \u0648\u0627\u0644\u0645\u062b\u0627\u0628\u0631\u0629\".<\/p><p>\u0625\u0644\u0649 \u062c\u0627\u0646\u0628 \u0630\u0644\u0643\u060c \u064a\u0639\u0634\u0642 \u062a\u0648\u0641\u064a\u0642 \u0627\u0644\u0631\u064a\u0627\u0636\u0629\u060c \u0648\u0627\u0644\u0633\u0641\u0631\u060c \u0648\u0631\u064a\u0627\u0636\u0629 \u0627\u0644\u0643\u0627\u0631\u062a\u064a\u0646\u063a\u060c \u0648\u0647\u064a \u0627\u0647\u062a\u0645\u0627\u0645\u0627\u062a \u062a\u0639\u0632\u0632 \u0645\u0646 \u0631\u0648\u062d\u0647 \u0627\u0644\u062a\u0646\u0627\u0641\u0633\u064a\u0629 \u0648\u062d\u0628\u0647 \u0644\u0644\u0645\u063a\u0627\u0645\u0631\u0629. \u0648\u0647\u0648 \u062f\u0627\u0626\u0645\u0627 \u0639\u0644\u0649 \u0627\u0633\u062a\u0639\u062f\u0627\u062f \u0644\u062e\u0648\u0636 \u063a\u0645\u0627\u0631 \u0627\u0644\u062a\u062d\u062f\u064a\u0627\u062a \u0627\u0644\u062c\u062f\u064a\u062f\u0629\u060c \u062d\u064a\u062b \u064a\u0633\u0639\u0649 \u0628\u0627\u0633\u062a\u0645\u0631\u0627\u0631 \u0644\u0644\u0645\u0632\u062c \u0648\u0627\u0644\u062c\u0645\u0639 \u0628\u064a\u0646 \u0627\u0644\u0623\u062f\u0627\u0621 \u0648\u0627\u0644\u0645\u062a\u0639\u0629\u060c \u0633\u0648\u0627\u0621 \u062f\u0627\u062e\u0644 \u062d\u0644\u0628\u0629 \u0627\u0644\u0633\u0628\u0627\u0642 \u0623\u0648 \u0641\u064a \u0645\u062e\u062a\u0644\u0641 \u0627\u0644\u0627\u0633\u062a\u0643\u0634\u0627\u0641\u0627\u062a \u0627\u0644\u062a\u064a \u064a\u0642\u0648\u0645 \u0628\u0647\u0627.<\/p>\t\t\t\t\t\t\t\t<\/div>\n\t\t\t\t<\/div>\n\t\t\t\t\t<\/div>\n\t\t<\/div>\n\t\t\t\t\t<\/div>\n\t\t<\/section>\n\t\t\t\t<\/div>","protected":false},"excerpt":{"rendered":"<p>Senior ASSOCIATE SAAAD Taoufiq Dipl\u00f4m\u00e9 de l\u2019\u00c9cole Mohammadia d\u2019Ing\u00e9nieurs, Taoufiq a rejoint Southbridge A&amp;I, d\u2019abord en tant que stagiaire, puis en tant que consultant. Tout au long de son parcours, il s\u2019est investi dans des missions vari\u00e9es, d\u00e9veloppant une expertise \u00e0 la crois\u00e9e des secteurs \u00e9conomiques et sociaux. Ancien vice-team leader d\u2019Enactus EMI, il a [&hellip;]<\/p>\n","protected":false},"author":1,"featured_media":0,"parent":3148,"menu_order":0,"comment_status":"closed","ping_status":"closed","template":"","meta":{"footnotes":""},"class_list":["post-12765","page","type-page","status-publish","hentry"],"aioseo_notices":[],"_links":{"self":[{"href":"https:\/\/south-bridge.com\/ar\/wp-json\/wp\/v2\/pages\/12765","targetHints":{"allow":["GET"]}}],"collection":[{"href":"https:\/\/south-bridge.com\/ar\/wp-json\/wp\/v2\/pages"}],"about":[{"href":"https:\/\/south-bridge.com\/ar\/wp-json\/wp\/v2\/types\/page"}],"author":[{"embeddable":true,"href":"https:\/\/south-bridge.com\/ar\/wp-json\/wp\/v2\/users\/1"}],"replies":[{"embeddable":true,"href":"https:\/\/south-bridge.com\/ar\/wp-json\/wp\/v2\/comments?post=12765"}],"version-history":[{"count":17,"href":"https:\/\/south-bridge.com\/ar\/wp-json\/wp\/v2\/pages\/12765\/revisions"}],"predecessor-version":[{"id":13264,"href":"https:\/\/south-bridge.com\/ar\/wp-json\/wp\/v2\/pages\/12765\/revisions\/13264"}],"up":[{"embeddable":true,"href":"https:\/\/south-bridge.com\/ar\/wp-json\/wp\/v2\/pages\/3148"}],"wp:attachment":[{"href":"https:\/\/south-bridge.com\/ar\/wp-json\/wp\/v2\/media?parent=12765"}],"curies":[{"name":"wp","href":"https:\/\/api.w.org\/{rel}","templated":true}]}}