{"id":10975,"date":"2023-03-19T15:55:40","date_gmt":"2023-03-19T14:55:40","guid":{"rendered":"https:\/\/south-bridge.com\/new\/?page_id=10975"},"modified":"2023-09-15T14:59:12","modified_gmt":"2023-09-15T12:59:12","slug":"pole-conseil","status":"publish","type":"page","link":"https:\/\/south-bridge.com\/ar\/carrieres\/pole-conseil\/","title":{"rendered":"\u0642\u0633\u0645 \u0627\u0644\u0627\u0633\u062a\u0634\u0627\u0631\u0629"},"content":{"rendered":"<div data-elementor-type=\"wp-page\" data-elementor-id=\"10975\" class=\"elementor elementor-10975\">\n\t\t\t\t\t\t<section class=\"elementor-section elementor-top-section elementor-element elementor-element-5b7b9686 elementor-section-boxed elementor-section-height-default elementor-section-height-default\" data-id=\"5b7b9686\" data-element_type=\"section\" data-e-type=\"section\">\n\t\t\t\t\t\t<div class=\"elementor-container elementor-column-gap-wide\">\n\t\t\t\t\t<div class=\"elementor-column elementor-col-100 elementor-top-column elementor-element elementor-element-16ee866 ot-flex-column-vertical elementor-invisible\" data-id=\"16ee866\" data-element_type=\"column\" data-e-type=\"column\" data-settings=\"{&quot;background_background&quot;:&quot;classic&quot;,&quot;animation&quot;:&quot;fadeIn&quot;,&quot;animation_delay&quot;:200}\">\n\t\t\t<div class=\"elementor-widget-wrap elementor-element-populated\">\n\t\t\t\t\t\t<div class=\"elementor-element elementor-element-95b9bbf elementor-widget elementor-widget-text-editor\" data-id=\"95b9bbf\" data-element_type=\"widget\" data-e-type=\"widget\" data-widget_type=\"text-editor.default\">\n\t\t\t\t<div class=\"elementor-widget-container\">\n\t\t\t\t\t\t\t\t\t<p>Le p\u00f4le conseil de Southbridge A&I compte pr\u00e8s de 30 consultants issus des plus grandes \u00e9coles de commerce ou d\u2019ing\u00e9nieurs de 1er rang, nationales et \u00e9trang\u00e8res. \u00catre consultant chez Southbridge A&I, c\u2019est \u00eatre pleinement int\u00e9gr\u00e9(e) \u00e0 une \u00e9quipe projet sous la responsabilit\u00e9 d\u2019un(e) Senior Consultant(e) ou d\u2019un(e) Project Manager. D\u00e9couvrez toutes nos opportunit\u00e9s ci-dessous:\u00a0<\/p>\t\t\t\t\t\t\t\t<\/div>\n\t\t\t\t<\/div>\n\t\t\t\t<div class=\"elementor-element elementor-element-51354c5 elementor-widget elementor-widget-heading\" data-id=\"51354c5\" data-element_type=\"widget\" data-e-type=\"widget\" data-widget_type=\"heading.default\">\n\t\t\t\t<div class=\"elementor-widget-container\">\n\t\t\t\t\t<h5 class=\"elementor-heading-title elementor-size-default\">Ce que nous recherchons :<br><\/h5>\t\t\t\t<\/div>\n\t\t\t\t<\/div>\n\t\t\t\t<section class=\"elementor-section elementor-inner-section elementor-element elementor-element-43dba7d elementor-section-boxed elementor-section-height-default elementor-section-height-default\" data-id=\"43dba7d\" data-element_type=\"section\" data-e-type=\"section\">\n\t\t\t\t\t\t<div class=\"elementor-container elementor-column-gap-default\">\n\t\t\t\t\t<div class=\"elementor-column elementor-col-25 elementor-inner-column elementor-element elementor-element-c013f3a ot-flex-column-vertical\" data-id=\"c013f3a\" data-element_type=\"column\" data-e-type=\"column\">\n\t\t\t<div class=\"elementor-widget-wrap elementor-element-populated\">\n\t\t\t\t\t\t<div class=\"elementor-element elementor-element-13d4f7a elementor-view-default elementor-position-block-start elementor-mobile-position-block-start elementor-widget elementor-widget-icon-box\" data-id=\"13d4f7a\" data-element_type=\"widget\" data-e-type=\"widget\" data-widget_type=\"icon-box.default\">\n\t\t\t\t<div class=\"elementor-widget-container\">\n\t\t\t\t\t\t\t<div class=\"elementor-icon-box-wrapper\">\n\n\t\t\t\t\t\t<div class=\"elementor-icon-box-icon\">\n\t\t\t\t<a href=\"https:\/\/south-bridge.com\/carrieres\/associate\/\" class=\"elementor-icon\" tabindex=\"-1\" aria-label=\"Associate\">\n\t\t\t\t<i aria-hidden=\"true\" class=\"fas fa-window-minimize\"><\/i>\t\t\t\t<\/a>\n\t\t\t<\/div>\n\t\t\t\n\t\t\t\t\t\t<div class=\"elementor-icon-box-content\">\n\n\t\t\t\t\t\t\t\t\t<h3 class=\"elementor-icon-box-title\">\n\t\t\t\t\t\t<a href=\"https:\/\/south-bridge.com\/carrieres\/associate\/\" >\n\t\t\t\t\t\t\tAssociate\t\t\t\t\t\t<\/a>\n\t\t\t\t\t<\/h3>\n\t\t\t\t\n\t\t\t\t\n\t\t\t<\/div>\n\t\t\t\n\t\t<\/div>\n\t\t\t\t\t\t<\/div>\n\t\t\t\t<\/div>\n\t\t\t\t\t<\/div>\n\t\t<\/div>\n\t\t\t\t<div class=\"elementor-column elementor-col-25 elementor-inner-column elementor-element elementor-element-8002e8c ot-flex-column-vertical\" data-id=\"8002e8c\" data-element_type=\"column\" data-e-type=\"column\">\n\t\t\t<div class=\"elementor-widget-wrap elementor-element-populated\">\n\t\t\t\t\t\t<div class=\"elementor-element elementor-element-1960aef elementor-view-default elementor-position-block-start elementor-mobile-position-block-start elementor-widget elementor-widget-icon-box\" data-id=\"1960aef\" data-element_type=\"widget\" data-e-type=\"widget\" data-widget_type=\"icon-box.default\">\n\t\t\t\t<div class=\"elementor-widget-container\">\n\t\t\t\t\t\t\t<div class=\"elementor-icon-box-wrapper\">\n\n\t\t\t\t\t\t<div class=\"elementor-icon-box-icon\">\n\t\t\t\t<a href=\"https:\/\/south-bridge.com\/carrieres\/consultant-2\/\" class=\"elementor-icon\" tabindex=\"-1\" aria-label=\"\u0645\u0633\u062a\u0634\u0627\u0631\">\n\t\t\t\t<i aria-hidden=\"true\" class=\"fas fa-window-minimize\"><\/i>\t\t\t\t<\/a>\n\t\t\t<\/div>\n\t\t\t\n\t\t\t\t\t\t<div class=\"elementor-icon-box-content\">\n\n\t\t\t\t\t\t\t\t\t<h3 class=\"elementor-icon-box-title\">\n\t\t\t\t\t\t<a href=\"https:\/\/south-bridge.com\/carrieres\/consultant-2\/\" >\n\t\t\t\t\t\t\t\u0645\u0633\u062a\u0634\u0627\u0631\t\t\t\t\t\t<\/a>\n\t\t\t\t\t<\/h3>\n\t\t\t\t\n\t\t\t\t\n\t\t\t<\/div>\n\t\t\t\n\t\t<\/div>\n\t\t\t\t\t\t<\/div>\n\t\t\t\t<\/div>\n\t\t\t\t\t<\/div>\n\t\t<\/div>\n\t\t\t\t<div class=\"elementor-column elementor-col-25 elementor-inner-column elementor-element elementor-element-653f12a ot-flex-column-vertical\" data-id=\"653f12a\" data-element_type=\"column\" data-e-type=\"column\">\n\t\t\t<div class=\"elementor-widget-wrap elementor-element-populated\">\n\t\t\t\t\t\t<div class=\"elementor-element elementor-element-1fec92b elementor-view-default elementor-position-block-start elementor-mobile-position-block-start elementor-widget elementor-widget-icon-box\" data-id=\"1fec92b\" data-element_type=\"widget\" data-e-type=\"widget\" data-widget_type=\"icon-box.default\">\n\t\t\t\t<div class=\"elementor-widget-container\">\n\t\t\t\t\t\t\t<div class=\"elementor-icon-box-wrapper\">\n\n\t\t\t\t\t\t<div class=\"elementor-icon-box-icon\">\n\t\t\t\t<a href=\"https:\/\/south-bridge.com\/carrieres\/consultant-senior\/\" class=\"elementor-icon\" tabindex=\"-1\" aria-label=\"\u0645\u0633\u062a\u0634\u0627\u0631 \u0631\u0626\u064a\u0633\">\n\t\t\t\t<i aria-hidden=\"true\" class=\"fas fa-window-minimize\"><\/i>\t\t\t\t<\/a>\n\t\t\t<\/div>\n\t\t\t\n\t\t\t\t\t\t<div class=\"elementor-icon-box-content\">\n\n\t\t\t\t\t\t\t\t\t<h3 class=\"elementor-icon-box-title\">\n\t\t\t\t\t\t<a href=\"https:\/\/south-bridge.com\/carrieres\/consultant-senior\/\" >\n\t\t\t\t\t\t\t\u0645\u0633\u062a\u0634\u0627\u0631 \u0631\u0626\u064a\u0633\t\t\t\t\t\t<\/a>\n\t\t\t\t\t<\/h3>\n\t\t\t\t\n\t\t\t\t\n\t\t\t<\/div>\n\t\t\t\n\t\t<\/div>\n\t\t\t\t\t\t<\/div>\n\t\t\t\t<\/div>\n\t\t\t\t\t<\/div>\n\t\t<\/div>\n\t\t\t\t<div class=\"elementor-column elementor-col-25 elementor-inner-column elementor-element elementor-element-4ddc233 ot-flex-column-vertical\" data-id=\"4ddc233\" data-element_type=\"column\" data-e-type=\"column\">\n\t\t\t<div class=\"elementor-widget-wrap elementor-element-populated\">\n\t\t\t\t\t\t<div class=\"elementor-element elementor-element-da2b25b elementor-view-default elementor-position-block-start elementor-mobile-position-block-start elementor-widget elementor-widget-icon-box\" data-id=\"da2b25b\" data-element_type=\"widget\" data-e-type=\"widget\" data-widget_type=\"icon-box.default\">\n\t\t\t\t<div class=\"elementor-widget-container\">\n\t\t\t\t\t\t\t<div class=\"elementor-icon-box-wrapper\">\n\n\t\t\t\t\t\t<div class=\"elementor-icon-box-icon\">\n\t\t\t\t<a href=\"https:\/\/south-bridge.com\/carrieres\/project-manager\/\" class=\"elementor-icon\" tabindex=\"-1\" aria-label=\"Project Manager\">\n\t\t\t\t<i aria-hidden=\"true\" class=\"fas fa-window-minimize\"><\/i>\t\t\t\t<\/a>\n\t\t\t<\/div>\n\t\t\t\n\t\t\t\t\t\t<div class=\"elementor-icon-box-content\">\n\n\t\t\t\t\t\t\t\t\t<h3 class=\"elementor-icon-box-title\">\n\t\t\t\t\t\t<a href=\"https:\/\/south-bridge.com\/carrieres\/project-manager\/\" >\n\t\t\t\t\t\t\tProject Manager\t\t\t\t\t\t<\/a>\n\t\t\t\t\t<\/h3>\n\t\t\t\t\n\t\t\t\t\n\t\t\t<\/div>\n\t\t\t\n\t\t<\/div>\n\t\t\t\t\t\t<\/div>\n\t\t\t\t<\/div>\n\t\t\t\t\t<\/div>\n\t\t<\/div>\n\t\t\t\t\t<\/div>\n\t\t<\/section>\n\t\t\t\t\t<\/div>\n\t\t<\/div>\n\t\t\t\t\t<\/div>\n\t\t<\/section>\n\t\t\t\t<\/div>","protected":false},"excerpt":{"rendered":"<p>Le p\u00f4le conseil de Southbridge A&#038;I compte pr\u00e8s de 30 consultants issus des plus grandes \u00e9coles de commerce ou d\u2019ing\u00e9nieurs de 1er rang, nationales et \u00e9trang\u00e8res. \u00catre consultant chez Southbridge A&#038;I, c\u2019est \u00eatre pleinement int\u00e9gr\u00e9(e) \u00e0 une \u00e9quipe projet sous la responsabilit\u00e9 d\u2019un(e) Senior Consultant(e) ou d\u2019un(e) Project Manager. D\u00e9couvrez toutes nos opportunit\u00e9s ci-dessous:\u00a0 Ce [&hellip;]<\/p>\n","protected":false},"author":1,"featured_media":0,"parent":9948,"menu_order":0,"comment_status":"closed","ping_status":"closed","template":"","meta":{"footnotes":""},"class_list":["post-10975","page","type-page","status-publish","hentry"],"aioseo_notices":[],"_links":{"self":[{"href":"https:\/\/south-bridge.com\/ar\/wp-json\/wp\/v2\/pages\/10975","targetHints":{"allow":["GET"]}}],"collection":[{"href":"https:\/\/south-bridge.com\/ar\/wp-json\/wp\/v2\/pages"}],"about":[{"href":"https:\/\/south-bridge.com\/ar\/wp-json\/wp\/v2\/types\/page"}],"author":[{"embeddable":true,"href":"https:\/\/south-bridge.com\/ar\/wp-json\/wp\/v2\/users\/1"}],"replies":[{"embeddable":true,"href":"https:\/\/south-bridge.com\/ar\/wp-json\/wp\/v2\/comments?post=10975"}],"version-history":[{"count":85,"href":"https:\/\/south-bridge.com\/ar\/wp-json\/wp\/v2\/pages\/10975\/revisions"}],"predecessor-version":[{"id":12281,"href":"https:\/\/south-bridge.com\/ar\/wp-json\/wp\/v2\/pages\/10975\/revisions\/12281"}],"up":[{"embeddable":true,"href":"https:\/\/south-bridge.com\/ar\/wp-json\/wp\/v2\/pages\/9948"}],"wp:attachment":[{"href":"https:\/\/south-bridge.com\/ar\/wp-json\/wp\/v2\/media?parent=10975"}],"curies":[{"name":"wp","href":"https:\/\/api.w.org\/{rel}","templated":true}]}}